{"id":4216,"date":"2023-10-24T22:11:36","date_gmt":"2023-10-24T20:11:36","guid":{"rendered":"https:\/\/icminox.es\/?post_type=product&#038;p=4216"},"modified":"2024-03-19T15:49:12","modified_gmt":"2024-03-19T14:49:12","slug":"barandillas-de-acero-inoxidable-para-exterior-en-sevilla-de-icminox","status":"publish","type":"product","link":"https:\/\/icminox.es\/en\/product\/barandillas-de-acero-inoxidable-para-exterior-en-sevilla-de-icminox\/","title":{"rendered":"Stainless steel railings for outdoor use in Seville Icminox"},"content":{"rendered":"<p><span class=\"product-detail-title theme-font\">Details<\/span><\/p>\n<div class=\"product-detail-price\"><span class=\"price-value\">Presupuesto personalizado sin compromiso<\/span><\/div>\n<div class=\"product-detail-description truncate expanded\" data-truncate-mobile=\"113\" data-truncate-tablet=\"156\" data-truncate-desktop=\"91\">\n<div class=\"truncate-text\">\n<p>In\u00a0<a href=\"https:\/\/mtr.bio\/icminox\" target=\"_blank\" rel=\"noopener noreferrer\">ICMINOX<\/a>\u00a0fabricamos\u00a0<strong>barandillas de acero inoxidable para exterior<\/strong>\u00a0en\u00a0<strong>Sevilla<\/strong>, Huelva y C\u00e1diz.<\/p>\n<p>Las\u00a0<strong>barandillas de acero inoxidable para exterior<\/strong>\u00a0son una excelente opci\u00f3n para aquellos que buscan una soluci\u00f3n duradera y elegante para el acceso a la piscina. Adem\u00e1s de ser resistente a la corrosi\u00f3n y al \u00f3xido, el\u00a0<strong>stainless steel<\/strong>\u00a0es un material altamente resistente que no se degrada con el paso del tiempo.<\/p>\n<p>Las<strong>\u00a0barandillas de acero inoxidable<\/strong>\u00a0son las \u00fanicas recomendables para su uso en<strong>\u00a0exterior<\/strong>\u00a0debido a sus m\u00faltiples ventajas que las hace \u00fanicas en el mercado. Son ideales para instalar en todo tipo de zonas exteriores, principalmente en accesos tanto para piscinas de\u00a0<strong>viviendas particulares<\/strong>, como para\u00a0<strong>piscinas comunitarias<\/strong>\u00a0o\u00a0<strong>piscinas p\u00fablicas<\/strong>.<\/p>\n<h2>Ventajas de utilizar\u00a0<strong>barandillas de acero inoxidable para exterior<\/strong>\u00a0en el acceso a la piscina.<\/h2>\n<p>Las\u00a0<strong>barandillas de acero inoxidable para exterior\u00a0<\/strong>son resistentes a la corrosi\u00f3n y al \u00f3xido gracias a la aleaci\u00f3n de cromo que las compone. Esto significa que son capaces de soportar los efectos del agua y los elementos del clima sin sufrir da\u00f1os o deterioro, lo que las hace ideales para su uso en\u00a0<strong>exteriores<\/strong>, especialmente en el acceso a la piscina.<\/p>\n<p>El\u00a0<strong>stainless steel<\/strong>\u00a0tambi\u00e9n es un material muy fuerte y resistente, lo que significa que las<strong>\u00a0barandillas de acero inoxidable para exterior<\/strong>\u00a0son capaces de soportar grandes pesos y ofrecer una gran seguridad. Adem\u00e1s, son muy duraderas y no requieren de un mantenimiento constante, lo que las convierte en una opci\u00f3n muy pr\u00e1ctica y econ\u00f3mica a largo plazo.<\/p>\n<p>Otra ventaja de las\u00a0<strong>barandillas de acero inoxidable para exterior<\/strong>\u00a0es su aspecto elegante y moderno. El\u00a0<strong>stainless steel<\/strong>\u00a0tiene un acabado brillante y limpio que se ve muy bien en cualquier entorno, y su dise\u00f1o minimalista lo hace ideal para combinar con una gran variedad de estilos arquitect\u00f3nicos y decorativos.<\/p>\n<p>Adem\u00e1s de su durabilidad y aspecto atractivo, las\u00a0<strong>barandillas de acero inoxidable para exterior<\/strong>\u00a0tambi\u00e9n son muy f\u00e1ciles de instalar. Por lo general, se pueden fijar al suelo con pernos de anclaje o soldarlas directamente a una estructura de soporte. Esto significa que pueden ser instaladas r\u00e1pidamente y sin problemas, lo que resulta en una soluci\u00f3n muy conveniente para los propietarios de piscinas.<\/p>\n<p>En resumen, las<strong>\u00a0barandillas de acero inoxidable para exterior\u00a0<\/strong>son una excelente opci\u00f3n para el acceso a la piscina. Son resistentes a la corrosi\u00f3n y al \u00f3xido, muy fuertes y duraderas, y tienen un aspecto elegante y moderno. Adem\u00e1s, son f\u00e1ciles de instalar y no requieren un mantenimiento constante. Si est\u00e1s buscando una soluci\u00f3n duradera y elegante para el acceso a tu piscina, las<strong>\u00a0barandillas de acero inoxidable para exterior<\/strong>\u00a0son definitivamente una excelente opci\u00f3n a considerar.<\/p>\n<p>In\u00a0<a href=\"https:\/\/mtr.bio\/icminox\" target=\"_blank\" rel=\"noopener noreferrer\">ICMINOX<\/a>\u00a0dise\u00f1amos, fabricamos e instalamos todo tipo de trabajos de acero inoxidable o acero inoxidable y vidrio en\u00a0<strong>Sevilla<\/strong>. Trabajamos codo con codo con\u00a0<strong>administradores de fincas en Sevilla<\/strong>,\u00a0<strong>arquitectos de Sevilla<\/strong>, e<strong>mpresas constructoras en Sevilla<\/strong>, Huelva y C\u00e1diz. Tambi\u00e9n realizamos todo tipo de trabajos personalizados en acero inoxidable o acero inoxidable y vidrio para particulares y\u00a0<strong>comunidades de vecinos en Sevilla<\/strong>.<\/p>\n<p><a href=\"https:\/\/icminox.es\/en\/es\/contacto\/\" target=\"_blank\" rel=\"noopener noreferrer\">Ll\u00e1manos y estaremos encantados de orientarle en su proyecto, as\u00ed como ofrecerlo el mejor presupuesto sin compromiso.<\/a><\/p>\n<\/div>\n<\/div>","protected":false},"excerpt":{"rendered":"<p>Detalles Presupuesto personalizado sin compromiso En\u00a0ICMINOX\u00a0fabricamos\u00a0barandillas de acero inoxidable para exterior\u00a0en\u00a0Sevilla, Huelva y C\u00e1diz. Las\u00a0barandillas de acero inoxidable para exterior\u00a0son una excelente opci\u00f3n para aquellos que buscan una soluci\u00f3n duradera y elegante para el acceso a la piscina. Adem\u00e1s de ser resistente a la corrosi\u00f3n y al \u00f3xido, el\u00a0acero inoxidable\u00a0es un material altamente resistente que &hellip; <br \/><a href=\"https:\/\/icminox.es\/en\/product\/barandillas-de-acero-inoxidable-para-exterior-en-sevilla-de-icminox\/\" class=\"more-link\">Continue reading <span class=\"screen-reader-text\">Stainless steel railings for outdoor use in Seville Icminox<\/span><\/a><\/p>","protected":false},"featured_media":4217,"comment_status":"open","ping_status":"closed","template":"","meta":{"_acf_changed":false,"_monsterinsights_skip_tracking":false,"_monsterinsights_sitenote_active":false,"_monsterinsights_sitenote_note":"","_monsterinsights_sitenote_category":0},"product_cat":[111,112],"product_tag":[],"class_list":{"0":"post-4216","1":"product","2":"type-product","3":"status-publish","4":"has-post-thumbnail","6":"product_cat-a-barandillas","7":"product_cat-barandillas-de-acero-inoxidable","9":"first","10":"instock","11":"shipping-taxable","12":"product-type-simple"},"acf":[],"aioseo_notices":[],"_links":{"self":[{"href":"https:\/\/icminox.es\/en\/wp-json\/wp\/v2\/product\/4216","targetHints":{"allow":["GET"]}}],"collection":[{"href":"https:\/\/icminox.es\/en\/wp-json\/wp\/v2\/product"}],"about":[{"href":"https:\/\/icminox.es\/en\/wp-json\/wp\/v2\/types\/product"}],"replies":[{"embeddable":true,"href":"https:\/\/icminox.es\/en\/wp-json\/wp\/v2\/comments?post=4216"}],"version-history":[{"count":3,"href":"https:\/\/icminox.es\/en\/wp-json\/wp\/v2\/product\/4216\/revisions"}],"predecessor-version":[{"id":4503,"href":"https:\/\/icminox.es\/en\/wp-json\/wp\/v2\/product\/4216\/revisions\/4503"}],"wp:featuredmedia":[{"embeddable":true,"href":"https:\/\/icminox.es\/en\/wp-json\/wp\/v2\/media\/4217"}],"wp:attachment":[{"href":"https:\/\/icminox.es\/en\/wp-json\/wp\/v2\/media?parent=4216"}],"wp:term":[{"taxonomy":"product_cat","embeddable":true,"href":"https:\/\/icminox.es\/en\/wp-json\/wp\/v2\/product_cat?post=4216"},{"taxonomy":"product_tag","embeddable":true,"href":"https:\/\/icminox.es\/en\/wp-json\/wp\/v2\/product_tag?post=4216"}],"curies":[{"name":"wp","href":"https:\/\/api.w.org\/{rel}","templated":true}]}}