{"id":4221,"date":"2023-10-24T22:25:46","date_gmt":"2023-10-24T20:25:46","guid":{"rendered":"https:\/\/icminox.es\/?post_type=product&#038;p=4221"},"modified":"2024-08-12T19:15:23","modified_gmt":"2024-08-12T17:15:23","slug":"puertas-de-acero-inoxidable-y-acero-inoxidable-y-vidrio-de-icminox","status":"publish","type":"product","link":"https:\/\/icminox.es\/en\/product\/puertas-de-acero-inoxidable-y-acero-inoxidable-y-vidrio-de-icminox\/","title":{"rendered":"Stainless steel doors and glass Icminox"},"content":{"rendered":"<p><span class=\"product-detail-title theme-font\">Details<\/span><\/p>\n<div class=\"product-detail-price\"><span class=\"price-value\">Producto personalizado. Pida presupuesto sin compromiso.<\/span><\/div>\n<div class=\"product-detail-description truncate expanded\" data-truncate-mobile=\"113\" data-truncate-tablet=\"156\" data-truncate-desktop=\"91\">\n<div class=\"truncate-text\">\n<p><b>Puerta de acceso de acero inoxidable y vidrio<\/b><br \/>\nBonito dise\u00f1o de puerta de acero inoxidable y vidrio dise\u00f1ada, fabricada e instalada a medida para el acceso a \u00e9stas oficinas, donde procedimos a la retirada de la antigua puerta, que daba un aspecto de dejadez al negocio, transform\u00e1ndolo con la elegancia, seguridad e innovaci\u00f3n que aportan nuestras puertas, adem\u00e1s de la practicidad de sus sistemas de apertura y cierre, y la seguridad que aportan y transmiten. Echa un vistazo al cambio que ha dado la entrada de acceso a \u00e9ste negocio:<br \/>\nEste modelo est\u00e1 compuesto compuesto por:<br \/>\n\uf076 Marco perimetral de tubo<br \/>\n\uf076 Hojas abatibles con marco de tubo , y junquillos de tubo de acero inoxidable.<br \/>\n\uf076 Batiente central de acero inoxidable y tirador vertical de tubo redondo.<br \/>\n\uf076 Sistema de Freno retenedor en la hoja abatible, cerradura electr\u00f3nica, maneta interior y pestillos en una hoja para condenarla.<\/p>\n<p>Gracias al material con el que est\u00e1n fabricadas las puertas de acero inoxidable, podemos atribuirles grandes ventajas, entre las que destacan: su durabilidad y resistencia, el escaso o nulo mantenimiento del que precisa, la elegancia de sus dise\u00f1os, y su adaptabilidad a cualquier entorno y a todos los estilos.<\/p>\n<p>Por todas estas ventajas, y porque nos encanta, cada vez estamos m\u00e1s convencidos de que el acero inoxidable es sin duda el material m\u00e1s acertado para nuestros dise\u00f1os de\u00a0<a href=\"https:\/\/icminox.es\/en\/es\/productos\/puertas-de-acero-inoxidable\/\" target=\"_blank\" rel=\"nofollow noopener\">puertas, ventanas y cerramientos de acero inoxidable.<\/a><\/p>\n<p>Tambi\u00e9n son muy recomendables para este tipo de dise\u00f1os la combinaci\u00f3n del acero inoxidable con el vidrio. Cuando combinamos dos materiales de alto contenido est\u00e9tico como el acero inoxidable y el vidrio, conseguimos una elegancia exclusiva en dise\u00f1os innovadores que aportan calidez y sutileza, consiguiendo los dise\u00f1os m\u00e1s est\u00e9ticamente atractivos del mercado. Porque los dise\u00f1os de acero inoxidable y vidrio est\u00e1n de moda. Y es que su vistosidad, en cualquiera de sus posibles combinaciones, transmite una gran fuerza, elegancia y seguridad. Sin duda, una opci\u00f3n id\u00f3nea para combinar est\u00e9tica y practicidad. Adem\u00e1s de las grandes ventajas lum\u00ednicas que ofrecen \u00e9stos dise\u00f1os, dejando pasar la luz natural a trav\u00e9s de las distintas estancias.<\/p>\n<p>Si est\u00e1s en Sevilla o Huelva no deber\u00edas pensarte ni un momento consultar cualquier duda o idea con nuestros mejores profesionales en el sector, de la empresa\u00a0<a href=\"https:\/\/icminox.es\/en\/es\/\" target=\"_blank\" rel=\"nofollow noopener\">ICMINOX<\/a>, donde podr\u00e1n asesorarte desde la concepci\u00f3n del dise\u00f1o, hasta su ejecuci\u00f3n y acabado, con el objetivo de que los resultados sean siempre \u00f3ptimos y personalizados. En\u00a0<a href=\"https:\/\/icminox.es\/en\/es\/\" target=\"_blank\" rel=\"nofollow noopener\">ICMINOX\u00a0<\/a>contamos con m\u00e1s de 15 a\u00f1os de experiencia efectuando todo tipo de trabajos, instalaciones y mobiliario en acero inoxidable, tanto para empresas como para particulares, y ofreciendo siempre soluciones de la m\u00e1s alta calidad. Echa un vistazo a todos los dise\u00f1os de \u00e9stos profesionales, y si lo deseas encarga cualquier trabajo personalizado.<\/p>\n<\/div>\n<\/div>","protected":false},"excerpt":{"rendered":"<p>Detalles Producto personalizado. Pida presupuesto sin compromiso. Puerta de acceso de acero inoxidable y vidrio Bonito dise\u00f1o de puerta de acero inoxidable y vidrio dise\u00f1ada, fabricada e instalada a medida para el acceso a \u00e9stas oficinas, donde procedimos a la retirada de la antigua puerta, que daba un aspecto de dejadez al negocio, transform\u00e1ndolo con &hellip; <br \/><a href=\"https:\/\/icminox.es\/en\/product\/puertas-de-acero-inoxidable-y-acero-inoxidable-y-vidrio-de-icminox\/\" class=\"more-link\">Continue reading <span class=\"screen-reader-text\">Stainless steel doors and glass Icminox<\/span><\/a><\/p>","protected":false},"featured_media":4498,"comment_status":"open","ping_status":"closed","template":"","meta":{"_acf_changed":false,"_monsterinsights_skip_tracking":false,"_monsterinsights_sitenote_active":false,"_monsterinsights_sitenote_note":"","_monsterinsights_sitenote_category":0},"product_cat":[117],"product_tag":[],"class_list":{"0":"post-4221","1":"product","2":"type-product","3":"status-publish","4":"has-post-thumbnail","6":"product_cat-b-puertas","8":"first","9":"instock","10":"shipping-taxable","11":"product-type-simple"},"acf":[],"aioseo_notices":[],"_links":{"self":[{"href":"https:\/\/icminox.es\/en\/wp-json\/wp\/v2\/product\/4221","targetHints":{"allow":["GET"]}}],"collection":[{"href":"https:\/\/icminox.es\/en\/wp-json\/wp\/v2\/product"}],"about":[{"href":"https:\/\/icminox.es\/en\/wp-json\/wp\/v2\/types\/product"}],"replies":[{"embeddable":true,"href":"https:\/\/icminox.es\/en\/wp-json\/wp\/v2\/comments?post=4221"}],"version-history":[{"count":4,"href":"https:\/\/icminox.es\/en\/wp-json\/wp\/v2\/product\/4221\/revisions"}],"predecessor-version":[{"id":4500,"href":"https:\/\/icminox.es\/en\/wp-json\/wp\/v2\/product\/4221\/revisions\/4500"}],"wp:featuredmedia":[{"embeddable":true,"href":"https:\/\/icminox.es\/en\/wp-json\/wp\/v2\/media\/4498"}],"wp:attachment":[{"href":"https:\/\/icminox.es\/en\/wp-json\/wp\/v2\/media?parent=4221"}],"wp:term":[{"taxonomy":"product_cat","embeddable":true,"href":"https:\/\/icminox.es\/en\/wp-json\/wp\/v2\/product_cat?post=4221"},{"taxonomy":"product_tag","embeddable":true,"href":"https:\/\/icminox.es\/en\/wp-json\/wp\/v2\/product_tag?post=4221"}],"curies":[{"name":"wp","href":"https:\/\/api.w.org\/{rel}","templated":true}]}}