{"id":4381,"date":"2023-10-25T06:12:04","date_gmt":"2023-10-25T04:12:04","guid":{"rendered":"https:\/\/icminox.es\/?post_type=product&#038;p=4381"},"modified":"2024-08-12T19:15:41","modified_gmt":"2024-08-12T17:15:41","slug":"puerta-y-escaparate-de-acero-inoxidable-y-vidrio-de-icminox","status":"publish","type":"product","link":"https:\/\/icminox.es\/en\/product\/puerta-y-escaparate-de-acero-inoxidable-y-vidrio-de-icminox\/","title":{"rendered":"Door and window, stainless steel and glass Icminox"},"content":{"rendered":"<p><span class=\"product-detail-title theme-font\">Details<\/span><\/p>\n<div class=\"product-detail-price\"><span class=\"price-value\">Producto personalizado. Pida su presupuesto sin compromiso.<\/span><\/div>\n<div class=\"product-detail-description truncate expanded\" data-truncate-mobile=\"113\" data-truncate-tablet=\"156\" data-truncate-desktop=\"91\">\n<div class=\"truncate-text\">\n<p><b>Puerta y escaparate de acero inoxidable y vidrio dise\u00f1ada y fabricada a medida para local comercial.<\/b><br \/>\nIn<b>\u00a0ICMINOX\u00a0<\/b>\u00a0nos encargaremos de dise\u00f1ar e instalar toda clase de cerramientos para tu vivienda o negocio, escaparates para tu comercio, marquesinas, barandillas, pasamanos, escaleras, monteras e, incluso, suelos, entre muchos otros proyectos. Te ofrecemos una asistencia integral desde la concepci\u00f3n del dise\u00f1o hasta su ejecuci\u00f3n y acabado, con el objetivo de que los resultados sean siempre \u00f3ptimos y personalizados<br \/>\n\u00a1<a href=\"https:\/\/icminox.es\/en\/es\/contacto\/\" target=\"_blank\" rel=\"nofollow noopener\">Cons\u00faltanos<\/a> y te ofreceremos presupuesto sin compromiso!<\/p>\n<\/div>\n<\/div>","protected":false},"excerpt":{"rendered":"<p>Detalles Producto personalizado. Pida su presupuesto sin compromiso. Puerta y escaparate de acero inoxidable y vidrio dise\u00f1ada y fabricada a medida para local comercial. En\u00a0ICMINOX\u00a0\u00a0nos encargaremos de dise\u00f1ar e instalar toda clase de cerramientos para tu vivienda o negocio, escaparates para tu comercio, marquesinas, barandillas, pasamanos, escaleras, monteras e, incluso, suelos, entre muchos otros proyectos. &hellip; <br \/><a href=\"https:\/\/icminox.es\/en\/product\/puerta-y-escaparate-de-acero-inoxidable-y-vidrio-de-icminox\/\" class=\"more-link\">Continue reading <span class=\"screen-reader-text\">Door and window, stainless steel and glass Icminox<\/span><\/a><\/p>","protected":false},"featured_media":4492,"comment_status":"open","ping_status":"closed","template":"","meta":{"_acf_changed":false,"_monsterinsights_skip_tracking":false,"_monsterinsights_sitenote_active":false,"_monsterinsights_sitenote_note":"","_monsterinsights_sitenote_category":0},"product_cat":[117],"product_tag":[],"class_list":{"0":"post-4381","1":"product","2":"type-product","3":"status-publish","4":"has-post-thumbnail","6":"product_cat-b-puertas","8":"first","9":"instock","10":"shipping-taxable","11":"product-type-simple"},"acf":[],"aioseo_notices":[],"_links":{"self":[{"href":"https:\/\/icminox.es\/en\/wp-json\/wp\/v2\/product\/4381","targetHints":{"allow":["GET"]}}],"collection":[{"href":"https:\/\/icminox.es\/en\/wp-json\/wp\/v2\/product"}],"about":[{"href":"https:\/\/icminox.es\/en\/wp-json\/wp\/v2\/types\/product"}],"replies":[{"embeddable":true,"href":"https:\/\/icminox.es\/en\/wp-json\/wp\/v2\/comments?post=4381"}],"version-history":[{"count":3,"href":"https:\/\/icminox.es\/en\/wp-json\/wp\/v2\/product\/4381\/revisions"}],"predecessor-version":[{"id":4495,"href":"https:\/\/icminox.es\/en\/wp-json\/wp\/v2\/product\/4381\/revisions\/4495"}],"wp:featuredmedia":[{"embeddable":true,"href":"https:\/\/icminox.es\/en\/wp-json\/wp\/v2\/media\/4492"}],"wp:attachment":[{"href":"https:\/\/icminox.es\/en\/wp-json\/wp\/v2\/media?parent=4381"}],"wp:term":[{"taxonomy":"product_cat","embeddable":true,"href":"https:\/\/icminox.es\/en\/wp-json\/wp\/v2\/product_cat?post=4381"},{"taxonomy":"product_tag","embeddable":true,"href":"https:\/\/icminox.es\/en\/wp-json\/wp\/v2\/product_tag?post=4381"}],"curies":[{"name":"wp","href":"https:\/\/api.w.org\/{rel}","templated":true}]}}