{"id":4488,"date":"2023-10-25T18:34:14","date_gmt":"2023-10-25T16:34:14","guid":{"rendered":"https:\/\/icminox.es\/?post_type=product&#038;p=4488"},"modified":"2024-08-12T18:35:51","modified_gmt":"2024-08-12T16:35:51","slug":"barandilla-de-acero-inoxidable-con-cables-tensores-adaptado-a-diseno-de-icminox","status":"publish","type":"product","link":"https:\/\/icminox.es\/en\/product\/barandilla-de-acero-inoxidable-con-cables-tensores-adaptado-a-diseno-de-icminox\/","title":{"rendered":"Stainless steel railing with cable clamps adapted to design of Icminox"},"content":{"rendered":"<p><span class=\"product-detail-title theme-font\">Details<\/span><\/p>\n<div class=\"product-detail-price\"><span class=\"price-value\">A consultar<\/span><\/div>\n<div class=\"product-detail-description truncate expanded\" data-truncate-mobile=\"113\" data-truncate-tablet=\"156\" data-truncate-desktop=\"91\">\n<div class=\"truncate-text\">\n<p><strong>Barandilla de acero inoxidable con cables tensores dise\u00f1ada y fabricada para edificio de laboratorios con un dise\u00f1o arquitect\u00f3nico exclusivo, moderno e innovador.<\/strong><\/p>\n<p>En \u00e9ste edificio de laboratorios adquir\u00eda gran importancia la est\u00e9tica del conjunto, al ser un edificio construido bajo la nominaci\u00f3n a un premio arquitect\u00f3nico. Ajust\u00e1ndonos al dise\u00f1o innovador y moderno del resto del edificio, optamos por las barandillas de cables tensores con pasamanos de acero inoxidable adaptado a la forma de la escalera. Dise\u00f1o de l\u00edneas limpias que deja pasar la luz y aporta un dise\u00f1o elegante a la escalera. Los cables tensores de acero inoxidable se adaptan a la perfecci\u00f3n al dise\u00f1o del conjunto de la estancia. Las escaleras con barandilla con cable de acero son seguras, sencillas y elegantes.<\/p>\n<p><a href=\"https:\/\/icminox.es\/en\/es\/contacto\/\" target=\"_blank\" rel=\"noopener noreferrer\">\u00a1Cons\u00faltanos y te ofreceremos presupuesto sin compromi<\/a>so!<\/p>\n<p>Desc\u00e1rgate nuestro cat\u00e1logo y echa un vistazo a todos nuestros trabajos y dise\u00f1os:<\/p>\n<\/div>\n<\/div>","protected":false},"excerpt":{"rendered":"<p>Detalles A consultar Barandilla de acero inoxidable con cables tensores dise\u00f1ada y fabricada para edificio de laboratorios con un dise\u00f1o arquitect\u00f3nico exclusivo, moderno e innovador. En \u00e9ste edificio de laboratorios adquir\u00eda gran importancia la est\u00e9tica del conjunto, al ser un edificio construido bajo la nominaci\u00f3n a un premio arquitect\u00f3nico. Ajust\u00e1ndonos al dise\u00f1o innovador y moderno &hellip; <br \/><a href=\"https:\/\/icminox.es\/en\/product\/barandilla-de-acero-inoxidable-con-cables-tensores-adaptado-a-diseno-de-icminox\/\" class=\"more-link\">Continue reading <span class=\"screen-reader-text\">Stainless steel railing with cable clamps adapted to design of Icminox<\/span><\/a><\/p>","protected":false},"featured_media":4490,"comment_status":"open","ping_status":"closed","template":"","meta":{"_acf_changed":false,"_monsterinsights_skip_tracking":false,"_monsterinsights_sitenote_active":false,"_monsterinsights_sitenote_note":"","_monsterinsights_sitenote_category":0},"product_cat":[111,188,189],"product_tag":[],"class_list":{"0":"post-4488","1":"product","2":"type-product","3":"status-publish","4":"has-post-thumbnail","6":"product_cat-a-barandillas","7":"product_cat-barandillas-de-acero-inoxidable-con-cables-tensores","8":"product_cat-interior-barandillas-de-acero-inoxidable-con-cables-tensores","10":"first","11":"instock","12":"shipping-taxable","13":"product-type-simple"},"acf":[],"aioseo_notices":[],"_links":{"self":[{"href":"https:\/\/icminox.es\/en\/wp-json\/wp\/v2\/product\/4488","targetHints":{"allow":["GET"]}}],"collection":[{"href":"https:\/\/icminox.es\/en\/wp-json\/wp\/v2\/product"}],"about":[{"href":"https:\/\/icminox.es\/en\/wp-json\/wp\/v2\/types\/product"}],"replies":[{"embeddable":true,"href":"https:\/\/icminox.es\/en\/wp-json\/wp\/v2\/comments?post=4488"}],"version-history":[{"count":1,"href":"https:\/\/icminox.es\/en\/wp-json\/wp\/v2\/product\/4488\/revisions"}],"predecessor-version":[{"id":4491,"href":"https:\/\/icminox.es\/en\/wp-json\/wp\/v2\/product\/4488\/revisions\/4491"}],"wp:featuredmedia":[{"embeddable":true,"href":"https:\/\/icminox.es\/en\/wp-json\/wp\/v2\/media\/4490"}],"wp:attachment":[{"href":"https:\/\/icminox.es\/en\/wp-json\/wp\/v2\/media?parent=4488"}],"wp:term":[{"taxonomy":"product_cat","embeddable":true,"href":"https:\/\/icminox.es\/en\/wp-json\/wp\/v2\/product_cat?post=4488"},{"taxonomy":"product_tag","embeddable":true,"href":"https:\/\/icminox.es\/en\/wp-json\/wp\/v2\/product_tag?post=4488"}],"curies":[{"name":"wp","href":"https:\/\/api.w.org\/{rel}","templated":true}]}}