{"id":4508,"date":"2023-10-25T19:05:03","date_gmt":"2023-10-25T17:05:03","guid":{"rendered":"https:\/\/icminox.es\/?post_type=product&#038;p=4508"},"modified":"2024-08-12T18:38:24","modified_gmt":"2024-08-12T16:38:24","slug":"barandilla-de-acero-inoxidable-sencilla-disenada-y-fabricada-a-medida-de-icminox","status":"publish","type":"product","link":"https:\/\/icminox.es\/en\/product\/barandilla-de-acero-inoxidable-sencilla-disenada-y-fabricada-a-medida-de-icminox\/","title":{"rendered":"Stainless steel railing simple designed and manufactured to measure Icminox"},"content":{"rendered":"<p><span class=\"product-detail-title theme-font\">Details<\/span><\/p>\n<div class=\"product-detail-price\"><span class=\"price-value\">Producto personalizado. Pida su presupuesto sin compromiso.<\/span><\/div>\n<div class=\"product-detail-description truncate expanded\" data-truncate-mobile=\"113\" data-truncate-tablet=\"156\" data-truncate-desktop=\"91\">\n<div class=\"truncate-text\">\n<p><b>Barandilla de acero inoxidable sencilla dise\u00f1ada y fabricada a medida para acceso a vivienda particular<\/b>. Si necesitas barandillas, rampas, o adaptar cualquier acceso para minusv\u00e1lidos en tu vivienda o negocio, en\u00a0<b>ICMINOX<\/b>\u00a0lo dise\u00f1aremos y construiremos a medida, ocup\u00e1ndonos tambi\u00e9n de toda la instalaci\u00f3n para que t\u00fa no te tengas que preocupar por nada. Adem\u00e1s, si lo deseas, podemos efectuarte un encargo personalizado. \u00a1<a href=\"https:\/\/icminox.es\/en\/es\/contacto\/\" target=\"_blank\" rel=\"nofollow noopener\">Cons\u00faltanos<\/a>\u00a0y te ofreceremos presupuesto sin compromiso!<\/p>\n<\/div>\n<\/div>","protected":false},"excerpt":{"rendered":"<p>Detalles Producto personalizado. Pida su presupuesto sin compromiso. Barandilla de acero inoxidable sencilla dise\u00f1ada y fabricada a medida para acceso a vivienda particular. Si necesitas barandillas, rampas, o adaptar cualquier acceso para minusv\u00e1lidos en tu vivienda o negocio, en\u00a0ICMINOX\u00a0lo dise\u00f1aremos y construiremos a medida, ocup\u00e1ndonos tambi\u00e9n de toda la instalaci\u00f3n para que t\u00fa no te &hellip; <br \/><a href=\"https:\/\/icminox.es\/en\/product\/barandilla-de-acero-inoxidable-sencilla-disenada-y-fabricada-a-medida-de-icminox\/\" class=\"more-link\">Continue reading <span class=\"screen-reader-text\">Stainless steel railing simple designed and manufactured to measure Icminox<\/span><\/a><\/p>","protected":false},"featured_media":4509,"comment_status":"open","ping_status":"closed","template":"","meta":{"_acf_changed":false,"_monsterinsights_skip_tracking":false,"_monsterinsights_sitenote_active":false,"_monsterinsights_sitenote_note":"","_monsterinsights_sitenote_category":0},"product_cat":[111,112],"product_tag":[],"class_list":{"0":"post-4508","1":"product","2":"type-product","3":"status-publish","4":"has-post-thumbnail","6":"product_cat-a-barandillas","7":"product_cat-barandillas-de-acero-inoxidable","9":"first","10":"instock","11":"shipping-taxable","12":"product-type-simple"},"acf":[],"aioseo_notices":[],"_links":{"self":[{"href":"https:\/\/icminox.es\/en\/wp-json\/wp\/v2\/product\/4508","targetHints":{"allow":["GET"]}}],"collection":[{"href":"https:\/\/icminox.es\/en\/wp-json\/wp\/v2\/product"}],"about":[{"href":"https:\/\/icminox.es\/en\/wp-json\/wp\/v2\/types\/product"}],"replies":[{"embeddable":true,"href":"https:\/\/icminox.es\/en\/wp-json\/wp\/v2\/comments?post=4508"}],"version-history":[{"count":2,"href":"https:\/\/icminox.es\/en\/wp-json\/wp\/v2\/product\/4508\/revisions"}],"predecessor-version":[{"id":7464,"href":"https:\/\/icminox.es\/en\/wp-json\/wp\/v2\/product\/4508\/revisions\/7464"}],"wp:featuredmedia":[{"embeddable":true,"href":"https:\/\/icminox.es\/en\/wp-json\/wp\/v2\/media\/4509"}],"wp:attachment":[{"href":"https:\/\/icminox.es\/en\/wp-json\/wp\/v2\/media?parent=4508"}],"wp:term":[{"taxonomy":"product_cat","embeddable":true,"href":"https:\/\/icminox.es\/en\/wp-json\/wp\/v2\/product_cat?post=4508"},{"taxonomy":"product_tag","embeddable":true,"href":"https:\/\/icminox.es\/en\/wp-json\/wp\/v2\/product_tag?post=4508"}],"curies":[{"name":"wp","href":"https:\/\/api.w.org\/{rel}","templated":true}]}}