{"id":4512,"date":"2023-10-25T19:07:54","date_gmt":"2023-10-25T17:07:54","guid":{"rendered":"https:\/\/icminox.es\/?post_type=product&#038;p=4512"},"modified":"2024-08-12T18:40:16","modified_gmt":"2024-08-12T16:40:16","slug":"barandilla-de-acero-inoxidable-disenada-en-pasarela-de-ascensor-de-icminox","status":"publish","type":"product","link":"https:\/\/icminox.es\/en\/product\/barandilla-de-acero-inoxidable-disenada-en-pasarela-de-ascensor-de-icminox\/","title":{"rendered":"Stainless steel railing designed on the catwalk lift Icminox"},"content":{"rendered":"<p><span class=\"product-detail-title theme-font\">Details<\/span><\/p>\n<div class=\"product-detail-price\"><span class=\"price-value\">Producto personalizado. Pida su presupuesto sin compromiso.<\/span><\/div>\n<div class=\"product-detail-description truncate expanded\" data-truncate-mobile=\"113\" data-truncate-tablet=\"156\" data-truncate-desktop=\"91\">\n<div class=\"truncate-text\">\n<p><b>Barandilla de acero inoxidable dise\u00f1ada en pasarela de acceso a ascensor para empresa privada.<\/b>\u00a0In\u00a0<b>ICMINOX<\/b>\u00a0estamos especializados en la realizaci\u00f3n de trabajos y dise\u00f1os de acero inoxidable, un material muy resistente y duradero, gracias al que asegurar\u00e1s durante mucho m\u00e1s tiempo el buen estado de tus instalaciones o mobiliario. No dude en ponerse en contacto con nosotros para pedir su presupuesto sin compromiso.<\/p>\n<\/div>\n<\/div>","protected":false},"excerpt":{"rendered":"<p>Detalles Producto personalizado. Pida su presupuesto sin compromiso. Barandilla de acero inoxidable dise\u00f1ada en pasarela de acceso a ascensor para empresa privada.\u00a0En\u00a0ICMINOX\u00a0estamos especializados en la realizaci\u00f3n de trabajos y dise\u00f1os de acero inoxidable, un material muy resistente y duradero, gracias al que asegurar\u00e1s durante mucho m\u00e1s tiempo el buen estado de tus instalaciones o mobiliario. &hellip; <br \/><a href=\"https:\/\/icminox.es\/en\/product\/barandilla-de-acero-inoxidable-disenada-en-pasarela-de-ascensor-de-icminox\/\" class=\"more-link\">Continue reading <span class=\"screen-reader-text\">Stainless steel railing designed on the catwalk lift Icminox<\/span><\/a><\/p>","protected":false},"featured_media":4513,"comment_status":"open","ping_status":"closed","template":"","meta":{"_acf_changed":false,"_monsterinsights_skip_tracking":false,"_monsterinsights_sitenote_active":false,"_monsterinsights_sitenote_note":"","_monsterinsights_sitenote_category":0},"product_cat":[111,112,192],"product_tag":[],"class_list":{"0":"post-4512","1":"product","2":"type-product","3":"status-publish","4":"has-post-thumbnail","6":"product_cat-a-barandillas","7":"product_cat-barandillas-de-acero-inoxidable","8":"product_cat-interior-barandillas-de-acero-inoxidable-barandillas","10":"first","11":"instock","12":"shipping-taxable","13":"product-type-simple"},"acf":[],"aioseo_notices":[],"_links":{"self":[{"href":"https:\/\/icminox.es\/en\/wp-json\/wp\/v2\/product\/4512","targetHints":{"allow":["GET"]}}],"collection":[{"href":"https:\/\/icminox.es\/en\/wp-json\/wp\/v2\/product"}],"about":[{"href":"https:\/\/icminox.es\/en\/wp-json\/wp\/v2\/types\/product"}],"replies":[{"embeddable":true,"href":"https:\/\/icminox.es\/en\/wp-json\/wp\/v2\/comments?post=4512"}],"version-history":[{"count":1,"href":"https:\/\/icminox.es\/en\/wp-json\/wp\/v2\/product\/4512\/revisions"}],"predecessor-version":[{"id":4515,"href":"https:\/\/icminox.es\/en\/wp-json\/wp\/v2\/product\/4512\/revisions\/4515"}],"wp:featuredmedia":[{"embeddable":true,"href":"https:\/\/icminox.es\/en\/wp-json\/wp\/v2\/media\/4513"}],"wp:attachment":[{"href":"https:\/\/icminox.es\/en\/wp-json\/wp\/v2\/media?parent=4512"}],"wp:term":[{"taxonomy":"product_cat","embeddable":true,"href":"https:\/\/icminox.es\/en\/wp-json\/wp\/v2\/product_cat?post=4512"},{"taxonomy":"product_tag","embeddable":true,"href":"https:\/\/icminox.es\/en\/wp-json\/wp\/v2\/product_tag?post=4512"}],"curies":[{"name":"wp","href":"https:\/\/api.w.org\/{rel}","templated":true}]}}