{"id":4516,"date":"2023-10-25T19:10:11","date_gmt":"2023-10-25T17:10:11","guid":{"rendered":"https:\/\/icminox.es\/?post_type=product&#038;p=4516"},"modified":"2024-08-12T19:15:09","modified_gmt":"2024-08-12T17:15:09","slug":"puerta-corredera-automatica-de-acero-inoxidable-de-icminox","status":"publish","type":"product","link":"https:\/\/icminox.es\/en\/product\/puerta-corredera-automatica-de-acero-inoxidable-de-icminox\/","title":{"rendered":"Sliding door automatic stainless steel Icminox"},"content":{"rendered":"<p><span class=\"product-detail-title theme-font\">Details<\/span><\/p>\n<div class=\"product-detail-price\"><span class=\"price-value\">Presupuesto personalizado sin compromiso<\/span><\/div>\n<div class=\"product-detail-description truncate expanded\" data-truncate-mobile=\"113\" data-truncate-tablet=\"156\" data-truncate-desktop=\"91\">\n<div class=\"truncate-text\">\n<p>Las puertas correderas de acceso exterior o puertas de garaje suelen ser puertas robustas y de grandes dimensiones expuestas constantemente a condiciones meteorol\u00f3gicas con cambios de temperatura, humedad, etc&#8230; Por lo que es de gran importancia la fabricaci\u00f3n de \u00e9stas puertas con materiales de caracter\u00edsticas espec\u00edficas, pues necesariamente deben ser materiales ligeros pero a su vez altamente resistentes y duraderos.<\/p>\n<p>Los dise\u00f1os de\u00a0<a href=\"https:\/\/icminox.es\/en\/es\/contacto\/\" target=\"_blank\" rel=\"noopener noreferrer\">ICMINOX\u00a0<\/a>son fabricados con acero mar\u00edtimo inoxidable de alta calidad para asegurar la durabilidad de todos nuestros dise\u00f1os a lo largo del tiempo. Concretamente, \u00e9ste tipo de dise\u00f1o de puertas son fabricadas con acero mar\u00edtimo AISI 316 combinado con otro tipo de materiales que aportan un alto contenido est\u00e9tico, como los que simulan lamas de madera, usando materiales menos pesados y duraderos para a\u00f1adir practicidad, durabilidad y seguridad.<\/p>\n<p>Adem\u00e1s de conseguir m\u00faltiples ventajas est\u00e9ticas, obteniendo un mayor impacto visual de innovaci\u00f3n, modernidad y elegancia con el uso de \u00e9ste tipo de materiales para la fabricaci\u00f3n de \u00e9sta puerta, conseguimos otras muchas ventajas funcionales con un resultado mucho menos pesado, facilitando el funcionamiento del motor y as\u00ed alargando la vida de todo el conjunto.<\/p>\n<p>In<a href=\"https:\/\/icminox.es\/en\/es\/contacto\/\" target=\"_blank\" rel=\"noopener noreferrer\">\u00a0ICMINOX\u00a0<\/a>conocemos las t\u00e9cnicas y procedimientos necesarios para acometer proyectos que sean funcionales y, al mismo tiempo, sin renunciar a la est\u00e9tica del conjunto, teniendo siempre en cuenta las preferencias y el presupuesto de cada cliente, tanto para empresas como para particulares, comunidades de vecinos, etc&#8230;\u00a0<a href=\"https:\/\/icminox.es\/en\/es\/contacto\/\" target=\"_blank\" rel=\"noopener noreferrer\">: Contact us and we will offer you a free quote!<\/a><\/p>\n<\/div>\n<\/div>","protected":false},"excerpt":{"rendered":"<p>Detalles Presupuesto personalizado sin compromiso Las puertas correderas de acceso exterior o puertas de garaje suelen ser puertas robustas y de grandes dimensiones expuestas constantemente a condiciones meteorol\u00f3gicas con cambios de temperatura, humedad, etc&#8230; Por lo que es de gran importancia la fabricaci\u00f3n de \u00e9stas puertas con materiales de caracter\u00edsticas espec\u00edficas, pues necesariamente deben ser &hellip; <br \/><a href=\"https:\/\/icminox.es\/en\/product\/puerta-corredera-automatica-de-acero-inoxidable-de-icminox\/\" class=\"more-link\">Continue reading <span class=\"screen-reader-text\">Sliding door automatic stainless steel Icminox<\/span><\/a><\/p>","protected":false},"featured_media":4517,"comment_status":"open","ping_status":"closed","template":"","meta":{"_acf_changed":false,"_monsterinsights_skip_tracking":false,"_monsterinsights_sitenote_active":false,"_monsterinsights_sitenote_note":"","_monsterinsights_sitenote_category":0},"product_cat":[117],"product_tag":[],"class_list":{"0":"post-4516","1":"product","2":"type-product","3":"status-publish","4":"has-post-thumbnail","6":"product_cat-b-puertas","8":"first","9":"instock","10":"shipping-taxable","11":"product-type-simple"},"acf":[],"aioseo_notices":[],"_links":{"self":[{"href":"https:\/\/icminox.es\/en\/wp-json\/wp\/v2\/product\/4516","targetHints":{"allow":["GET"]}}],"collection":[{"href":"https:\/\/icminox.es\/en\/wp-json\/wp\/v2\/product"}],"about":[{"href":"https:\/\/icminox.es\/en\/wp-json\/wp\/v2\/types\/product"}],"replies":[{"embeddable":true,"href":"https:\/\/icminox.es\/en\/wp-json\/wp\/v2\/comments?post=4516"}],"version-history":[{"count":1,"href":"https:\/\/icminox.es\/en\/wp-json\/wp\/v2\/product\/4516\/revisions"}],"predecessor-version":[{"id":4519,"href":"https:\/\/icminox.es\/en\/wp-json\/wp\/v2\/product\/4516\/revisions\/4519"}],"wp:featuredmedia":[{"embeddable":true,"href":"https:\/\/icminox.es\/en\/wp-json\/wp\/v2\/media\/4517"}],"wp:attachment":[{"href":"https:\/\/icminox.es\/en\/wp-json\/wp\/v2\/media?parent=4516"}],"wp:term":[{"taxonomy":"product_cat","embeddable":true,"href":"https:\/\/icminox.es\/en\/wp-json\/wp\/v2\/product_cat?post=4516"},{"taxonomy":"product_tag","embeddable":true,"href":"https:\/\/icminox.es\/en\/wp-json\/wp\/v2\/product_tag?post=4516"}],"curies":[{"name":"wp","href":"https:\/\/api.w.org\/{rel}","templated":true}]}}