{"id":4524,"date":"2023-10-25T19:15:10","date_gmt":"2023-10-25T17:15:10","guid":{"rendered":"https:\/\/icminox.es\/?post_type=product&#038;p=4524"},"modified":"2024-08-12T19:32:00","modified_gmt":"2024-08-12T17:32:00","slug":"conjunto-de-escalera-barandilla-y-pasamanos-de-acero-inoxidable-y-vidrio-de-icminox","status":"publish","type":"product","link":"https:\/\/icminox.es\/en\/product\/conjunto-de-escalera-barandilla-y-pasamanos-de-acero-inoxidable-y-vidrio-de-icminox\/","title":{"rendered":"Set of staircase, railing and stainless steel handrail and glass Icminox"},"content":{"rendered":"<p><span class=\"product-detail-title theme-font\">Details<\/span><\/p>\n<div class=\"product-detail-price\"><span class=\"price-value\">Producto personalizado. Pida presupuesto sin compromiso.<\/span><\/div>\n<div class=\"product-detail-description truncate expanded\" data-truncate-mobile=\"113\" data-truncate-tablet=\"156\" data-truncate-desktop=\"91\">\n<div class=\"truncate-text\">\n<p><b>Escalera, barandilla y pasamanos de acero inoxidable y vidrio.\u00a0<\/b><br \/>\nPrecioso nos qued\u00f3 \u00e9ste dise\u00f1o de todo el conjunto totalmente integrado al estilo de la estancia.<br \/>\nLos\u00a0<b>pelda\u00f1os de acero inoxidable\u00a0<\/b>anclados a la pared dan imagen de volatilidad a la vez de sensaci\u00f3n de seguridad. El dise\u00f1o personalizado de los pelda\u00f1os\u00a0 combina el acero inoxidable con el mismo estilo de suelo del resto del edificio, permitiendo integrarlos visualmente por completo.<br \/>\nPara\u00a0 las\u00a0<b>barandillas<\/b>\u00a0optamos por\u00a0 destacar la elegancia del\u00a0<b>vidrio\u00a0<\/b>como material principal, y perfiles de\u00a0<b>stainless steel<\/b>\u00a0con soldadura oculta en montantes para sujeci\u00f3n de vidrios. La uni\u00f3n de la barandilla a los pelda\u00f1os se concluy\u00f3<b>\u00a0con un forro de chapa de acero inoxidable<\/b>\u00a0que integra iluminaci\u00f3n led, y adem\u00e1s de iluminar la estancia, el reflejo en el vidrio\u00a0 a la vez maximiza la sofisticaci\u00f3n del dise\u00f1o.<br \/>\nEl\u00a0<b>pasamanos de acero inoxidable<\/b>\u00a0rectangular se instal\u00f3 paralelamente al vidrio, aportando estilo y prestigio a su funci\u00f3n de seguridad.<br \/>\nCuando combinamos dos materiales de alto contenido est\u00e9tico como el acero inoxidable y el vidrio, conseguimos una elegancia exclusiva en dise\u00f1os innovadores que aportan calidez y sutileza, consiguiendo est\u00e9ticamente\u00a0\u00a0las escaleras m\u00e1s\u00a0\u00a0atractivas del mercado.<br \/>\n\u00a1<a href=\"https:\/\/icminox.es\/en\/es\/contacto\/\" target=\"_blank\" rel=\"nofollow noopener\">Cons\u00faltanos<\/a>\u00a0y te ofreceremos presupuesto sin compromiso!<\/p>\n<\/div>\n<\/div>","protected":false},"excerpt":{"rendered":"<p>Detalles Producto personalizado. Pida presupuesto sin compromiso. Escalera, barandilla y pasamanos de acero inoxidable y vidrio.\u00a0 Precioso nos qued\u00f3 \u00e9ste dise\u00f1o de todo el conjunto totalmente integrado al estilo de la estancia. Los\u00a0pelda\u00f1os de acero inoxidable\u00a0anclados a la pared dan imagen de volatilidad a la vez de sensaci\u00f3n de seguridad. El dise\u00f1o personalizado de los &hellip; <br \/><a href=\"https:\/\/icminox.es\/en\/product\/conjunto-de-escalera-barandilla-y-pasamanos-de-acero-inoxidable-y-vidrio-de-icminox\/\" class=\"more-link\">Continue reading <span class=\"screen-reader-text\">Set of staircase, railing and stainless steel handrail and glass Icminox<\/span><\/a><\/p>","protected":false},"featured_media":4526,"comment_status":"open","ping_status":"closed","template":"","meta":{"_acf_changed":false,"_monsterinsights_skip_tracking":false,"_monsterinsights_sitenote_active":false,"_monsterinsights_sitenote_note":"","_monsterinsights_sitenote_category":0},"product_cat":[123],"product_tag":[],"class_list":{"0":"post-4524","1":"product","2":"type-product","3":"status-publish","4":"has-post-thumbnail","6":"product_cat-c-escaleras-de-acero-inoxidable","8":"first","9":"instock","10":"shipping-taxable","11":"product-type-simple"},"acf":[],"aioseo_notices":[],"_links":{"self":[{"href":"https:\/\/icminox.es\/en\/wp-json\/wp\/v2\/product\/4524","targetHints":{"allow":["GET"]}}],"collection":[{"href":"https:\/\/icminox.es\/en\/wp-json\/wp\/v2\/product"}],"about":[{"href":"https:\/\/icminox.es\/en\/wp-json\/wp\/v2\/types\/product"}],"replies":[{"embeddable":true,"href":"https:\/\/icminox.es\/en\/wp-json\/wp\/v2\/comments?post=4524"}],"version-history":[{"count":1,"href":"https:\/\/icminox.es\/en\/wp-json\/wp\/v2\/product\/4524\/revisions"}],"predecessor-version":[{"id":4527,"href":"https:\/\/icminox.es\/en\/wp-json\/wp\/v2\/product\/4524\/revisions\/4527"}],"wp:featuredmedia":[{"embeddable":true,"href":"https:\/\/icminox.es\/en\/wp-json\/wp\/v2\/media\/4526"}],"wp:attachment":[{"href":"https:\/\/icminox.es\/en\/wp-json\/wp\/v2\/media?parent=4524"}],"wp:term":[{"taxonomy":"product_cat","embeddable":true,"href":"https:\/\/icminox.es\/en\/wp-json\/wp\/v2\/product_cat?post=4524"},{"taxonomy":"product_tag","embeddable":true,"href":"https:\/\/icminox.es\/en\/wp-json\/wp\/v2\/product_tag?post=4524"}],"curies":[{"name":"wp","href":"https:\/\/api.w.org\/{rel}","templated":true}]}}