{"id":4528,"date":"2023-10-25T19:17:47","date_gmt":"2023-10-25T17:17:47","guid":{"rendered":"https:\/\/icminox.es\/?post_type=product&#038;p=4528"},"modified":"2024-08-12T19:31:53","modified_gmt":"2024-08-12T17:31:53","slug":"escalera-de-acero-inoxidable-con-peldanos-de-vidrio-de-icminox","status":"publish","type":"product","link":"https:\/\/icminox.es\/en\/product\/escalera-de-acero-inoxidable-con-peldanos-de-vidrio-de-icminox\/","title":{"rendered":"Stainless steel ladder with rungs of glass Icminox"},"content":{"rendered":"<p><span class=\"product-detail-title theme-font\">Details<\/span><\/p>\n<div class=\"product-detail-price\"><span class=\"price-value\">Producto personalizado. Pida su presupuesto sin compromiso.<\/span><\/div>\n<div class=\"product-detail-description truncate expanded\" data-truncate-mobile=\"113\" data-truncate-tablet=\"156\" data-truncate-desktop=\"91\">\n<div class=\"truncate-text\">\n<p><b>Escalera de acero inoxidable con pelda\u00f1os de vidrio dise\u00f1ada y fabricada a medida para vivienda particular.\u00a0<\/b>\u00a0Adem\u00e1s de ser fabricada con materiales altamente resistentes, el conjunto destaca por su est\u00e9tica y originalidad, permitiendo adem\u00e1s entrar en toda la zona mucha m\u00e1s luz natural. La escalera en s\u00ed se acompa\u00f1a de barandilla o pasamanos de acero inoxidable o vidrio en algunos puntos que se consider\u00f3 necesarios, adapt\u00e1ndonos siempre a las necesidades del cliente y respetando la est\u00e9tica del lugar. En\u00a0<b>ICMINOX\u00a0<\/b>\u00a0te ofrecemos una asistencia integral desde la concepci\u00f3n del dise\u00f1o hasta su ejecuci\u00f3n y acabado, con el objetivo de que los resultados sean siempre \u00f3ptimos y personalizados.Nuestro equipo conoce las t\u00e9cnicas y procedimientos necesarios para acometer proyectos que sean funcionales y, al mismo tiempo, sin renunciar a la est\u00e9tica del conjunto, teniendo siempre en cuenta las preferencias y el presupuesto de cada cliente. No dude en pedir su presupuesto sin compromiso.<\/p>\n<\/div>\n<\/div>","protected":false},"excerpt":{"rendered":"<p>Detalles Producto personalizado. Pida su presupuesto sin compromiso. Escalera de acero inoxidable con pelda\u00f1os de vidrio dise\u00f1ada y fabricada a medida para vivienda particular.\u00a0\u00a0Adem\u00e1s de ser fabricada con materiales altamente resistentes, el conjunto destaca por su est\u00e9tica y originalidad, permitiendo adem\u00e1s entrar en toda la zona mucha m\u00e1s luz natural. La escalera en s\u00ed se &hellip; <br \/><a href=\"https:\/\/icminox.es\/en\/product\/escalera-de-acero-inoxidable-con-peldanos-de-vidrio-de-icminox\/\" class=\"more-link\">Continue reading <span class=\"screen-reader-text\">Stainless steel ladder with rungs of glass Icminox<\/span><\/a><\/p>","protected":false},"featured_media":4529,"comment_status":"open","ping_status":"closed","template":"","meta":{"_acf_changed":false,"_monsterinsights_skip_tracking":false,"_monsterinsights_sitenote_active":false,"_monsterinsights_sitenote_note":"","_monsterinsights_sitenote_category":0},"product_cat":[123],"product_tag":[],"class_list":{"0":"post-4528","1":"product","2":"type-product","3":"status-publish","4":"has-post-thumbnail","6":"product_cat-c-escaleras-de-acero-inoxidable","8":"first","9":"instock","10":"shipping-taxable","11":"product-type-simple"},"acf":[],"aioseo_notices":[],"_links":{"self":[{"href":"https:\/\/icminox.es\/en\/wp-json\/wp\/v2\/product\/4528","targetHints":{"allow":["GET"]}}],"collection":[{"href":"https:\/\/icminox.es\/en\/wp-json\/wp\/v2\/product"}],"about":[{"href":"https:\/\/icminox.es\/en\/wp-json\/wp\/v2\/types\/product"}],"replies":[{"embeddable":true,"href":"https:\/\/icminox.es\/en\/wp-json\/wp\/v2\/comments?post=4528"}],"version-history":[{"count":1,"href":"https:\/\/icminox.es\/en\/wp-json\/wp\/v2\/product\/4528\/revisions"}],"predecessor-version":[{"id":4531,"href":"https:\/\/icminox.es\/en\/wp-json\/wp\/v2\/product\/4528\/revisions\/4531"}],"wp:featuredmedia":[{"embeddable":true,"href":"https:\/\/icminox.es\/en\/wp-json\/wp\/v2\/media\/4529"}],"wp:attachment":[{"href":"https:\/\/icminox.es\/en\/wp-json\/wp\/v2\/media?parent=4528"}],"wp:term":[{"taxonomy":"product_cat","embeddable":true,"href":"https:\/\/icminox.es\/en\/wp-json\/wp\/v2\/product_cat?post=4528"},{"taxonomy":"product_tag","embeddable":true,"href":"https:\/\/icminox.es\/en\/wp-json\/wp\/v2\/product_tag?post=4528"}],"curies":[{"name":"wp","href":"https:\/\/api.w.org\/{rel}","templated":true}]}}