{"id":4532,"date":"2023-10-25T19:23:42","date_gmt":"2023-10-25T17:23:42","guid":{"rendered":"https:\/\/icminox.es\/?post_type=product&#038;p=4532"},"modified":"2024-03-19T15:49:12","modified_gmt":"2024-03-19T14:49:12","slug":"monteras-de-acero-inoxidable-y-vidrio-para-cerramiento-de-patios-o-zonas-de-icminox","status":"publish","type":"product","link":"https:\/\/icminox.es\/en\/product\/monteras-de-acero-inoxidable-y-vidrio-para-cerramiento-de-patios-o-zonas-de-icminox\/","title":{"rendered":"Monteras of stainless steel and glass-enclosed patios or areas of Icminox"},"content":{"rendered":"<p><span class=\"product-detail-title theme-font\">Details<\/span><\/p>\n<div class=\"product-detail-price\"><span class=\"price-value\">A consultar<\/span><\/div>\n<div class=\"product-detail-description truncate expanded\" data-truncate-mobile=\"113\" data-truncate-tablet=\"156\" data-truncate-desktop=\"91\">\n<div class=\"truncate-text\">\n<p><strong>Espectaculares monteras de acero inoxidable y vidrio para aprovechar patios cerrados, escaleras o zonas comunes.<\/strong><\/p>\n<p>Hay situaciones en las cuales tenemos un patio, zona com\u00fan de un edificio, zona de acceso o escalera que podr\u00edamos usar en invierno o incluso verano durante las horas m\u00e1s calurosas, y las desaprovechamos por los inconvenientes clim\u00e1ticos. Para \u00e9stos casos, en\u00a0<a href=\"https:\/\/icminox.es\/en\/es\/contacto\/\" target=\"_blank\" rel=\"noopener noreferrer\">ICMINOX<\/a>\u00a0dise\u00f1amos, fabricamos y montamos monteras o lucernarios con los que podemos dar uso a \u00e9stas zonas en cualquier estaci\u00f3n del a\u00f1o, creando adem\u00e1s amplias estancias elegantes y llenas de luz para cualquier uso. Adem\u00e1s podemos a\u00f1adir partes de la montera con apertura para conseguir puntos de ventilaci\u00f3n.<\/p>\n<p>La correcta ubicaci\u00f3n y planificaci\u00f3n de una montera o lucernario nos brinda la posibilidad de llevar mayor cantidad de luz y ventilaci\u00f3n a los espacios interiores. Nuestras monteras, techos solares y luminarias pueden cubrir un hueco de cualquier morfolog\u00eda y tama\u00f1o, creando incluso dise\u00f1os totalmente personalizados, permitiendo total estanqueidad para evitar filtraciones de agua y controlando el flujo de ventilaci\u00f3n con las partes m\u00f3viles que se incluyan.<\/p>\n<p>El cerramiento de acero inoxidable se completa mediante acristalamiento, lo cual nos aporta aislamiento ac\u00fastico y t\u00e9rmico.<\/p>\n<p><a href=\"https:\/\/icminox.es\/en\/es\/contacto\/\" target=\"_blank\" rel=\"noopener noreferrer\">Pide informaci\u00f3n o presupuesto sin compromiso.<\/a><\/p>\n<p>Descarga nuestro cat\u00e1logo en PDF gratis:<\/p>\n<\/div>\n<\/div>","protected":false},"excerpt":{"rendered":"<p>Detalles A consultar Espectaculares monteras de acero inoxidable y vidrio para aprovechar patios cerrados, escaleras o zonas comunes. Hay situaciones en las cuales tenemos un patio, zona com\u00fan de un edificio, zona de acceso o escalera que podr\u00edamos usar en invierno o incluso verano durante las horas m\u00e1s calurosas, y las desaprovechamos por los inconvenientes &hellip; <br \/><a href=\"https:\/\/icminox.es\/en\/product\/monteras-de-acero-inoxidable-y-vidrio-para-cerramiento-de-patios-o-zonas-de-icminox\/\" class=\"more-link\">Continue reading <span class=\"screen-reader-text\">Monteras of stainless steel and glass-enclosed patios or areas of Icminox<\/span><\/a><\/p>","protected":false},"featured_media":4533,"comment_status":"open","ping_status":"closed","template":"","meta":{"_acf_changed":false,"_monsterinsights_skip_tracking":false,"_monsterinsights_sitenote_active":false,"_monsterinsights_sitenote_note":"","_monsterinsights_sitenote_category":0},"product_cat":[274],"product_tag":[],"class_list":{"0":"post-4532","1":"product","2":"type-product","3":"status-publish","4":"has-post-thumbnail","6":"product_cat-k-otros-de-acero-inoxidable","8":"first","9":"instock","10":"shipping-taxable","11":"product-type-simple"},"acf":[],"aioseo_notices":[],"_links":{"self":[{"href":"https:\/\/icminox.es\/en\/wp-json\/wp\/v2\/product\/4532","targetHints":{"allow":["GET"]}}],"collection":[{"href":"https:\/\/icminox.es\/en\/wp-json\/wp\/v2\/product"}],"about":[{"href":"https:\/\/icminox.es\/en\/wp-json\/wp\/v2\/types\/product"}],"replies":[{"embeddable":true,"href":"https:\/\/icminox.es\/en\/wp-json\/wp\/v2\/comments?post=4532"}],"version-history":[{"count":1,"href":"https:\/\/icminox.es\/en\/wp-json\/wp\/v2\/product\/4532\/revisions"}],"predecessor-version":[{"id":4535,"href":"https:\/\/icminox.es\/en\/wp-json\/wp\/v2\/product\/4532\/revisions\/4535"}],"wp:featuredmedia":[{"embeddable":true,"href":"https:\/\/icminox.es\/en\/wp-json\/wp\/v2\/media\/4533"}],"wp:attachment":[{"href":"https:\/\/icminox.es\/en\/wp-json\/wp\/v2\/media?parent=4532"}],"wp:term":[{"taxonomy":"product_cat","embeddable":true,"href":"https:\/\/icminox.es\/en\/wp-json\/wp\/v2\/product_cat?post=4532"},{"taxonomy":"product_tag","embeddable":true,"href":"https:\/\/icminox.es\/en\/wp-json\/wp\/v2\/product_tag?post=4532"}],"curies":[{"name":"wp","href":"https:\/\/api.w.org\/{rel}","templated":true}]}}