{"id":4536,"date":"2023-10-25T19:26:28","date_gmt":"2023-10-25T17:26:28","guid":{"rendered":"https:\/\/icminox.es\/?post_type=product&#038;p=4536"},"modified":"2024-03-19T15:49:12","modified_gmt":"2024-03-19T14:49:12","slug":"marquesinas-de-acero-inoxidable-de-icminox","status":"publish","type":"product","link":"https:\/\/icminox.es\/en\/product\/marquesinas-de-acero-inoxidable-de-icminox\/","title":{"rendered":"Stainless steel canopies of Icminox"},"content":{"rendered":"<p><span class=\"product-detail-title theme-font\">Details<\/span><\/p>\n<div class=\"product-detail-price\"><span class=\"price-value\">Producto personalizado. Pida presupuesto sin compromiso.<\/span><\/div>\n<div class=\"product-detail-description truncate expanded\" data-truncate-mobile=\"113\" data-truncate-tablet=\"156\" data-truncate-desktop=\"91\">\n<div class=\"truncate-text\">\n<p><b>Stainless steel canopies<\/b><br \/>\nLa marquesina en un edificio es uno de los elementos m\u00e1s importantes de la fachada, tanto por la est\u00e9tica que aporta al edificio como por su funcionalidad.<br \/>\nUna\u00a0<b>marquesina\u00a0<\/b>dise\u00f1ada acorde a la decoraci\u00f3n y estructura de la fachada, puede aportar un toque totalmente distintivo al edificio, y con el\u00a0<b>stainless steel<\/b>\u00a0aseguramos aportar elegancia, sencillez y un toque vanguardista.<\/p>\n<p>La marquesina en la entrada de viviendas o edificios proporcionan el aislamiento necesario para que disfrute de este lugar durante todo el a\u00f1o,\u00a0ayudando tambi\u00e9n a protegerla del sol, la nieve y la lluvia, algo muy importante tanto para conservar el estado de la fachada como para la comodidad de facilitar el acceso a la entrada del edificio.<\/p>\n<p>In\u00a0<b><a href=\"https:\/\/icminox.es\/en\/es\/\" target=\"_blank\" rel=\"nofollow noopener\">ICMINOX<\/a><\/b>\u00a0dise\u00f1amos y fabricamos marquesinas totalmente personalizadas, eligiendo la combinaci\u00f3n de acabados que coordine mejor con la decoraci\u00f3n del entorno.<br \/>\n\u00a1<a href=\"https:\/\/icminox.es\/en\/es\/contacto\/\" target=\"_blank\" rel=\"nofollow noopener\">Cons\u00faltanos<\/a>\u00a0y te ofreceremos presupuesto sin compromiso!<\/p>\n<\/div>\n<\/div>","protected":false},"excerpt":{"rendered":"<p>Detalles Producto personalizado. Pida presupuesto sin compromiso. Marquesinas de acero inoxidable La marquesina en un edificio es uno de los elementos m\u00e1s importantes de la fachada, tanto por la est\u00e9tica que aporta al edificio como por su funcionalidad. Una\u00a0marquesina\u00a0dise\u00f1ada acorde a la decoraci\u00f3n y estructura de la fachada, puede aportar un toque totalmente distintivo al &hellip; <br \/><a href=\"https:\/\/icminox.es\/en\/product\/marquesinas-de-acero-inoxidable-de-icminox\/\" class=\"more-link\">Continue reading <span class=\"screen-reader-text\">Stainless steel canopies of Icminox<\/span><\/a><\/p>","protected":false},"featured_media":4538,"comment_status":"open","ping_status":"closed","template":"","meta":{"_acf_changed":false,"_monsterinsights_skip_tracking":false,"_monsterinsights_sitenote_active":false,"_monsterinsights_sitenote_note":"","_monsterinsights_sitenote_category":0},"product_cat":[274],"product_tag":[],"class_list":{"0":"post-4536","1":"product","2":"type-product","3":"status-publish","4":"has-post-thumbnail","6":"product_cat-k-otros-de-acero-inoxidable","8":"first","9":"instock","10":"shipping-taxable","11":"product-type-simple"},"acf":[],"aioseo_notices":[],"_links":{"self":[{"href":"https:\/\/icminox.es\/en\/wp-json\/wp\/v2\/product\/4536","targetHints":{"allow":["GET"]}}],"collection":[{"href":"https:\/\/icminox.es\/en\/wp-json\/wp\/v2\/product"}],"about":[{"href":"https:\/\/icminox.es\/en\/wp-json\/wp\/v2\/types\/product"}],"replies":[{"embeddable":true,"href":"https:\/\/icminox.es\/en\/wp-json\/wp\/v2\/comments?post=4536"}],"version-history":[{"count":1,"href":"https:\/\/icminox.es\/en\/wp-json\/wp\/v2\/product\/4536\/revisions"}],"predecessor-version":[{"id":4539,"href":"https:\/\/icminox.es\/en\/wp-json\/wp\/v2\/product\/4536\/revisions\/4539"}],"wp:featuredmedia":[{"embeddable":true,"href":"https:\/\/icminox.es\/en\/wp-json\/wp\/v2\/media\/4538"}],"wp:attachment":[{"href":"https:\/\/icminox.es\/en\/wp-json\/wp\/v2\/media?parent=4536"}],"wp:term":[{"taxonomy":"product_cat","embeddable":true,"href":"https:\/\/icminox.es\/en\/wp-json\/wp\/v2\/product_cat?post=4536"},{"taxonomy":"product_tag","embeddable":true,"href":"https:\/\/icminox.es\/en\/wp-json\/wp\/v2\/product_tag?post=4536"}],"curies":[{"name":"wp","href":"https:\/\/api.w.org\/{rel}","templated":true}]}}