{"id":4540,"date":"2023-10-25T19:28:18","date_gmt":"2023-10-25T17:28:18","guid":{"rendered":"https:\/\/icminox.es\/?post_type=product&#038;p=4540"},"modified":"2024-03-19T15:49:12","modified_gmt":"2024-03-19T14:49:12","slug":"pergola-sencilla-de-acero-inoxidable-para-zona-de-sombra-de-jardin-de-icminox","status":"publish","type":"product","link":"https:\/\/icminox.es\/en\/product\/pergola-sencilla-de-acero-inoxidable-para-zona-de-sombra-de-jardin-de-icminox\/","title":{"rendered":"Pergola simple stainless steel area for the shade garden Icminox"},"content":{"rendered":"<p><span class=\"product-detail-title theme-font\">Details<\/span><\/p>\n<div class=\"product-detail-price\"><span class=\"price-value\">Producto personalizado. Pida presupuesto sin compromiso.<\/span><\/div>\n<div class=\"product-detail-description truncate expanded\" data-truncate-mobile=\"113\" data-truncate-tablet=\"156\" data-truncate-desktop=\"91\">\n<div class=\"truncate-text\">\n<p><b>P\u00e9rgola de acero inoxidable<\/b>\u00a0para toldo de sombra con barra de protecci\u00f3n dise\u00f1ada y fabricada a\u00a0 medida y\u00a0 adaptada al conjunto y dise\u00f1o de zona de piscina r\u00fastica. Gracias a la resistencia del material de acero inoxidable es ideal para todo tipo de dise\u00f1os exteriores, especialmente para zonas de ba\u00f1o como piscinas donde el agua y la humedad est\u00e1n constantemente en contacto con la estructura o mobiliario. Adem\u00e1s, la elegancia del acero inoxidable consigue que combine a la perfecci\u00f3n con cualquier otro material y crea el ambiente perfecto en cualquier entorno.<br \/>\nIn\u00a0<b>ICMINOX<\/b>\u00a0conocemos las t\u00e9cnicas y procedimientos necesarios para acometer proyectos que sean funcionales y, al mismo tiempo, sin renunciar a la est\u00e9tica del conjunto, teniendo siempre en cuenta las preferencias y el presupuesto de cada cliente.<br \/>\n\u00a1<a href=\"https:\/\/icminox.es\/en\/es\/contacto\/\" target=\"_blank\" rel=\"nofollow noopener\">Cons\u00faltanos<\/a>\u00a0y te ofreceremos presupuesto sin compromiso!<\/p>\n<\/div>\n<\/div>","protected":false},"excerpt":{"rendered":"<p>Detalles Producto personalizado. Pida presupuesto sin compromiso. P\u00e9rgola de acero inoxidable\u00a0para toldo de sombra con barra de protecci\u00f3n dise\u00f1ada y fabricada a\u00a0 medida y\u00a0 adaptada al conjunto y dise\u00f1o de zona de piscina r\u00fastica. Gracias a la resistencia del material de acero inoxidable es ideal para todo tipo de dise\u00f1os exteriores, especialmente para zonas de &hellip; <br \/><a href=\"https:\/\/icminox.es\/en\/product\/pergola-sencilla-de-acero-inoxidable-para-zona-de-sombra-de-jardin-de-icminox\/\" class=\"more-link\">Continue reading <span class=\"screen-reader-text\">Pergola simple stainless steel area for the shade garden Icminox<\/span><\/a><\/p>","protected":false},"featured_media":4542,"comment_status":"open","ping_status":"closed","template":"","meta":{"_acf_changed":false,"_monsterinsights_skip_tracking":false,"_monsterinsights_sitenote_active":false,"_monsterinsights_sitenote_note":"","_monsterinsights_sitenote_category":0},"product_cat":[274],"product_tag":[],"class_list":{"0":"post-4540","1":"product","2":"type-product","3":"status-publish","4":"has-post-thumbnail","6":"product_cat-k-otros-de-acero-inoxidable","8":"first","9":"instock","10":"shipping-taxable","11":"product-type-simple"},"acf":[],"aioseo_notices":[],"_links":{"self":[{"href":"https:\/\/icminox.es\/en\/wp-json\/wp\/v2\/product\/4540","targetHints":{"allow":["GET"]}}],"collection":[{"href":"https:\/\/icminox.es\/en\/wp-json\/wp\/v2\/product"}],"about":[{"href":"https:\/\/icminox.es\/en\/wp-json\/wp\/v2\/types\/product"}],"replies":[{"embeddable":true,"href":"https:\/\/icminox.es\/en\/wp-json\/wp\/v2\/comments?post=4540"}],"version-history":[{"count":1,"href":"https:\/\/icminox.es\/en\/wp-json\/wp\/v2\/product\/4540\/revisions"}],"predecessor-version":[{"id":4543,"href":"https:\/\/icminox.es\/en\/wp-json\/wp\/v2\/product\/4540\/revisions\/4543"}],"wp:featuredmedia":[{"embeddable":true,"href":"https:\/\/icminox.es\/en\/wp-json\/wp\/v2\/media\/4542"}],"wp:attachment":[{"href":"https:\/\/icminox.es\/en\/wp-json\/wp\/v2\/media?parent=4540"}],"wp:term":[{"taxonomy":"product_cat","embeddable":true,"href":"https:\/\/icminox.es\/en\/wp-json\/wp\/v2\/product_cat?post=4540"},{"taxonomy":"product_tag","embeddable":true,"href":"https:\/\/icminox.es\/en\/wp-json\/wp\/v2\/product_tag?post=4540"}],"curies":[{"name":"wp","href":"https:\/\/api.w.org\/{rel}","templated":true}]}}