{"id":4544,"date":"2023-10-25T19:30:20","date_gmt":"2023-10-25T17:30:20","guid":{"rendered":"https:\/\/icminox.es\/?post_type=product&#038;p=4544"},"modified":"2024-03-19T15:49:12","modified_gmt":"2024-03-19T14:49:12","slug":"suelo-transitable-de-acero-inoxidable-y-vidrio-de-icminox","status":"publish","type":"product","link":"https:\/\/icminox.es\/en\/product\/suelo-transitable-de-acero-inoxidable-y-vidrio-de-icminox\/","title":{"rendered":"Trampling floor stainless steel and glass. of Icminox"},"content":{"rendered":"<p><span class=\"product-detail-title theme-font\">Details<\/span><\/p>\n<div class=\"product-detail-description truncate expanded\" data-truncate-mobile=\"113\" data-truncate-tablet=\"156\" data-truncate-desktop=\"91\">\n<div class=\"truncate-text\">\n<p><b>Suelo transitable de acero inoxidable y vidrio.\u00a0<\/b><br \/>\nAdem\u00e1s de las\u00a0ventajas lum\u00ednicas y de resistencia, los suelos de cristal aportan a la vivienda o local un toque diferente y especial. Puede aprovecharse esta peculiaridad para colocar suelos de vidrio sobre puntos estrat\u00e9gicos como la zona del comedor, o en los pasillos para aumentar la sensaci\u00f3n de profundidad y amplitud. Adem\u00e1s, en el caso de pasillos y pasarelas se logra maximizar a\u00fan m\u00e1s la luz natural.\u00a0Es espectacular\u00a0la amplitud que transmite a los usuarios del local y la\u00a0originalidad\u00a0y la\u00a0elegancia\u00a0que suscita, adem\u00e1s de\u00a0aumentar la luz de las plantas inferiores.<br \/>\n\u00a1<a href=\"https:\/\/icminox.es\/en\/es\/contacto\/\" target=\"_blank\" rel=\"nofollow noopener\">Cons\u00faltanos<\/a>\u00a0y te ofreceremos presupuesto sin compromiso!<\/p>\n<\/div>\n<\/div>","protected":false},"excerpt":{"rendered":"<p>Detalles Suelo transitable de acero inoxidable y vidrio.\u00a0 Adem\u00e1s de las\u00a0ventajas lum\u00ednicas y de resistencia, los suelos de cristal aportan a la vivienda o local un toque diferente y especial. Puede aprovecharse esta peculiaridad para colocar suelos de vidrio sobre puntos estrat\u00e9gicos como la zona del comedor, o en los pasillos para aumentar la sensaci\u00f3n &hellip; <br \/><a href=\"https:\/\/icminox.es\/en\/product\/suelo-transitable-de-acero-inoxidable-y-vidrio-de-icminox\/\" class=\"more-link\">Continue reading <span class=\"screen-reader-text\">Trampling floor stainless steel and glass. of Icminox<\/span><\/a><\/p>","protected":false},"featured_media":4546,"comment_status":"open","ping_status":"closed","template":"","meta":{"_acf_changed":false,"_monsterinsights_skip_tracking":false,"_monsterinsights_sitenote_active":false,"_monsterinsights_sitenote_note":"","_monsterinsights_sitenote_category":0},"product_cat":[274],"product_tag":[],"class_list":{"0":"post-4544","1":"product","2":"type-product","3":"status-publish","4":"has-post-thumbnail","6":"product_cat-k-otros-de-acero-inoxidable","8":"first","9":"instock","10":"shipping-taxable","11":"product-type-simple"},"acf":[],"aioseo_notices":[],"_links":{"self":[{"href":"https:\/\/icminox.es\/en\/wp-json\/wp\/v2\/product\/4544","targetHints":{"allow":["GET"]}}],"collection":[{"href":"https:\/\/icminox.es\/en\/wp-json\/wp\/v2\/product"}],"about":[{"href":"https:\/\/icminox.es\/en\/wp-json\/wp\/v2\/types\/product"}],"replies":[{"embeddable":true,"href":"https:\/\/icminox.es\/en\/wp-json\/wp\/v2\/comments?post=4544"}],"version-history":[{"count":1,"href":"https:\/\/icminox.es\/en\/wp-json\/wp\/v2\/product\/4544\/revisions"}],"predecessor-version":[{"id":4547,"href":"https:\/\/icminox.es\/en\/wp-json\/wp\/v2\/product\/4544\/revisions\/4547"}],"wp:featuredmedia":[{"embeddable":true,"href":"https:\/\/icminox.es\/en\/wp-json\/wp\/v2\/media\/4546"}],"wp:attachment":[{"href":"https:\/\/icminox.es\/en\/wp-json\/wp\/v2\/media?parent=4544"}],"wp:term":[{"taxonomy":"product_cat","embeddable":true,"href":"https:\/\/icminox.es\/en\/wp-json\/wp\/v2\/product_cat?post=4544"},{"taxonomy":"product_tag","embeddable":true,"href":"https:\/\/icminox.es\/en\/wp-json\/wp\/v2\/product_tag?post=4544"}],"curies":[{"name":"wp","href":"https:\/\/api.w.org\/{rel}","templated":true}]}}