{"id":4548,"date":"2023-10-25T19:32:55","date_gmt":"2023-10-25T17:32:55","guid":{"rendered":"https:\/\/icminox.es\/?post_type=product&#038;p=4548"},"modified":"2024-03-19T15:49:12","modified_gmt":"2024-03-19T14:49:12","slug":"cerramiento-de-acero-inoxidable-para-taquilla-de-parking-con-puerta-de-icminox","status":"publish","type":"product","link":"https:\/\/icminox.es\/en\/product\/cerramiento-de-acero-inoxidable-para-taquilla-de-parking-con-puerta-de-icminox\/","title":{"rendered":"Enclosure made of stainless steel for box office parking with gate. of Icminox"},"content":{"rendered":"<p><span class=\"product-detail-title theme-font\">Details<\/span><\/p>\n<div class=\"product-detail-price\"><span class=\"price-value\">Producto personalizado. Pida presupuesto sin compromiso.<\/span><\/div>\n<div class=\"product-detail-description truncate expanded\" data-truncate-mobile=\"113\" data-truncate-tablet=\"156\" data-truncate-desktop=\"91\">\n<div class=\"truncate-text\">\n<p><b>Cerramiento de acero inoxidable\u00a0<\/b>para taquilla de parking formado por\u00a0<b>puerta de acero inoxidable y vidrio<\/b>,\u00a0<b>base<\/b>\u00a0de acero inoxidable\u00a0<b>para cristalera<\/b>\u00a0de seguridad, y\u00a0<b>mostrador de acero inoxidable\u00a0<\/b>dise\u00f1ado y fabricado a medida con<b>\u00a0pasa-monedas<\/b>\u00a0y\u00a0<b>habla-escucha<\/b>\u00a0incorporado. Se a\u00f1ade adem\u00e1s\u00a0<b>z\u00f3calos de acero inoxidable<\/b>\u00a0a la estancia, lo que unifica la est\u00e9tica del dise\u00f1o adem\u00e1s de sumar la comodidad y las ventajas de \u00e9ste material con respecto a limpieza y durabilidad.<br \/>\nConf\u00eda ya en I<b>cminox<\/b>\u00a0y tendr\u00e1s a tu alcance proyectos de acero inoxidable que verdaderamente marcan la diferencia<br \/>\n\u00a1<a href=\"https:\/\/icminox.es\/en\/es\/contacto\/\" target=\"_blank\" rel=\"nofollow noopener\">Cons\u00faltanos<\/a>\u00a0y te ofreceremos presupuesto sin compromiso!<\/p>\n<\/div>\n<\/div>","protected":false},"excerpt":{"rendered":"<p>Detalles Producto personalizado. Pida presupuesto sin compromiso. Cerramiento de acero inoxidable\u00a0para taquilla de parking formado por\u00a0puerta de acero inoxidable y vidrio,\u00a0base\u00a0de acero inoxidable\u00a0para cristalera\u00a0de seguridad, y\u00a0mostrador de acero inoxidable\u00a0dise\u00f1ado y fabricado a medida con\u00a0pasa-monedas\u00a0y\u00a0habla-escucha\u00a0incorporado. Se a\u00f1ade adem\u00e1s\u00a0z\u00f3calos de acero inoxidable\u00a0a la estancia, lo que unifica la est\u00e9tica del dise\u00f1o adem\u00e1s de sumar la comodidad y &hellip; <br \/><a href=\"https:\/\/icminox.es\/en\/product\/cerramiento-de-acero-inoxidable-para-taquilla-de-parking-con-puerta-de-icminox\/\" class=\"more-link\">Continue reading <span class=\"screen-reader-text\">Enclosure made of stainless steel for box office parking with gate. of Icminox<\/span><\/a><\/p>","protected":false},"featured_media":4549,"comment_status":"open","ping_status":"closed","template":"","meta":{"_acf_changed":false,"_monsterinsights_skip_tracking":false,"_monsterinsights_sitenote_active":false,"_monsterinsights_sitenote_note":"","_monsterinsights_sitenote_category":0},"product_cat":[274],"product_tag":[],"class_list":{"0":"post-4548","1":"product","2":"type-product","3":"status-publish","4":"has-post-thumbnail","6":"product_cat-k-otros-de-acero-inoxidable","8":"first","9":"instock","10":"shipping-taxable","11":"product-type-simple"},"acf":[],"aioseo_notices":[],"_links":{"self":[{"href":"https:\/\/icminox.es\/en\/wp-json\/wp\/v2\/product\/4548","targetHints":{"allow":["GET"]}}],"collection":[{"href":"https:\/\/icminox.es\/en\/wp-json\/wp\/v2\/product"}],"about":[{"href":"https:\/\/icminox.es\/en\/wp-json\/wp\/v2\/types\/product"}],"replies":[{"embeddable":true,"href":"https:\/\/icminox.es\/en\/wp-json\/wp\/v2\/comments?post=4548"}],"version-history":[{"count":1,"href":"https:\/\/icminox.es\/en\/wp-json\/wp\/v2\/product\/4548\/revisions"}],"predecessor-version":[{"id":4551,"href":"https:\/\/icminox.es\/en\/wp-json\/wp\/v2\/product\/4548\/revisions\/4551"}],"wp:featuredmedia":[{"embeddable":true,"href":"https:\/\/icminox.es\/en\/wp-json\/wp\/v2\/media\/4549"}],"wp:attachment":[{"href":"https:\/\/icminox.es\/en\/wp-json\/wp\/v2\/media?parent=4548"}],"wp:term":[{"taxonomy":"product_cat","embeddable":true,"href":"https:\/\/icminox.es\/en\/wp-json\/wp\/v2\/product_cat?post=4548"},{"taxonomy":"product_tag","embeddable":true,"href":"https:\/\/icminox.es\/en\/wp-json\/wp\/v2\/product_tag?post=4548"}],"curies":[{"name":"wp","href":"https:\/\/api.w.org\/{rel}","templated":true}]}}