{"id":4652,"date":"2023-10-26T01:08:54","date_gmt":"2023-10-25T23:08:54","guid":{"rendered":"https:\/\/icminox.es\/?post_type=product&#038;p=4652"},"modified":"2024-03-19T15:48:44","modified_gmt":"2024-03-19T14:48:44","slug":"mesas-de-acero-inoxidable-de-icminox","status":"publish","type":"product","link":"https:\/\/icminox.es\/en\/product\/mesas-de-acero-inoxidable-de-icminox\/","title":{"rendered":"Stainless steel tables of Icminox"},"content":{"rendered":"<p><span class=\"product-detail-title theme-font\">Details<\/span><\/p>\n<div class=\"product-detail-description truncate expanded\" data-truncate-mobile=\"113\" data-truncate-tablet=\"156\" data-truncate-desktop=\"91\">\n<div class=\"truncate-text\">\n<p><strong>Mesas de acero inoxidable dise\u00f1adas y fabricadas a medida para cualquier espacio de su vivienda o negocio.<\/strong><\/p>\n<p>Muy recomendadas para su uso como superficie de trabajo en cocinas o zonas con alta necesidad de alta desinfecci\u00f3n y limpieza. Perfecta tambi\u00e9n para cualquier uso, tanto en interior como en exterior, ya que el acero inoxidable es un material muy resistente y duradero, gracias al que asegurar\u00e1s durante mucho m\u00e1s tiempo el buen estado de tu mobiliario. Nuestros profesionales trabajan con todo tipo de dise\u00f1os de base, patas o estructuras de mesas o mobiliario de acero inoxidable, combin\u00e1ndolo con todo tipo de material para la tapa o para los diferentes trabajos que llevamos a cabo.<\/p>\n<p>Si necesitas renovar las mesas de cocina, de tu local comercial o incluso de tus oficinas; si buscas soluciones en este \u00e1mbito que te aporten dise\u00f1o y funcionalidad, en\u00a0<a href=\"https:\/\/icminox.es\/en\/es\/contacto\/\" target=\"_blank\" rel=\"noopener noreferrer\">ICMINOX<\/a>\u00a0dise\u00f1amos y fabricamos todo tipo de mobiliario para tu vivienda o negocio, totalmente personalizado y a medida, y adapt\u00e1ndonos al presupuesto de cada cliente. No dude en consultarnos cualquier duda y pida su presupuesto sin compromiso. Te garantizamos una asistencia integral y muy cercana con todas las ventajas de durabilidad que ofrece el acero inoxidable y la elegancia que aporta a la est\u00e9tica del conjunto.<\/p>\n<p>Nuestros t\u00e9cnicos se encargar\u00e1n de asesorarte para que logres unas mesas de gran calidad y todo a un precio muy competitivo.<\/p>\n<p><a href=\"https:\/\/icminox.es\/en\/es\/contacto\/\" target=\"_blank\" rel=\"noopener noreferrer\">Contacta con nosotros para m\u00e1s informaci\u00f3n, sin compromiso.<\/a><\/p>\n<\/div>\n<\/div>","protected":false},"excerpt":{"rendered":"<p>Detalles Mesas de acero inoxidable dise\u00f1adas y fabricadas a medida para cualquier espacio de su vivienda o negocio. Muy recomendadas para su uso como superficie de trabajo en cocinas o zonas con alta necesidad de alta desinfecci\u00f3n y limpieza. Perfecta tambi\u00e9n para cualquier uso, tanto en interior como en exterior, ya que el acero inoxidable &hellip; <br \/><a href=\"https:\/\/icminox.es\/en\/product\/mesas-de-acero-inoxidable-de-icminox\/\" class=\"more-link\">Continue reading <span class=\"screen-reader-text\">Stainless steel tables of Icminox<\/span><\/a><\/p>","protected":false},"featured_media":4653,"comment_status":"open","ping_status":"closed","template":"","meta":{"_acf_changed":false,"_monsterinsights_skip_tracking":false,"_monsterinsights_sitenote_active":false,"_monsterinsights_sitenote_note":"","_monsterinsights_sitenote_category":0},"product_cat":[134],"product_tag":[],"class_list":{"0":"post-4652","1":"product","2":"type-product","3":"status-publish","4":"has-post-thumbnail","6":"product_cat-i-mobiliario","8":"first","9":"instock","10":"shipping-taxable","11":"product-type-simple"},"acf":[],"aioseo_notices":[],"_links":{"self":[{"href":"https:\/\/icminox.es\/en\/wp-json\/wp\/v2\/product\/4652","targetHints":{"allow":["GET"]}}],"collection":[{"href":"https:\/\/icminox.es\/en\/wp-json\/wp\/v2\/product"}],"about":[{"href":"https:\/\/icminox.es\/en\/wp-json\/wp\/v2\/types\/product"}],"replies":[{"embeddable":true,"href":"https:\/\/icminox.es\/en\/wp-json\/wp\/v2\/comments?post=4652"}],"version-history":[{"count":1,"href":"https:\/\/icminox.es\/en\/wp-json\/wp\/v2\/product\/4652\/revisions"}],"predecessor-version":[{"id":4655,"href":"https:\/\/icminox.es\/en\/wp-json\/wp\/v2\/product\/4652\/revisions\/4655"}],"wp:featuredmedia":[{"embeddable":true,"href":"https:\/\/icminox.es\/en\/wp-json\/wp\/v2\/media\/4653"}],"wp:attachment":[{"href":"https:\/\/icminox.es\/en\/wp-json\/wp\/v2\/media?parent=4652"}],"wp:term":[{"taxonomy":"product_cat","embeddable":true,"href":"https:\/\/icminox.es\/en\/wp-json\/wp\/v2\/product_cat?post=4652"},{"taxonomy":"product_tag","embeddable":true,"href":"https:\/\/icminox.es\/en\/wp-json\/wp\/v2\/product_tag?post=4652"}],"curies":[{"name":"wp","href":"https:\/\/api.w.org\/{rel}","templated":true}]}}