{"id":4656,"date":"2023-10-26T01:10:30","date_gmt":"2023-10-25T23:10:30","guid":{"rendered":"https:\/\/icminox.es\/?post_type=product&#038;p=4656"},"modified":"2024-03-19T15:48:44","modified_gmt":"2024-03-19T14:48:44","slug":"mesa-de-vidrio-y-acero-inoxidable-de-icminox","status":"publish","type":"product","link":"https:\/\/icminox.es\/en\/product\/mesa-de-vidrio-y-acero-inoxidable-de-icminox\/","title":{"rendered":"Table-glass and stainless steel Icminox"},"content":{"rendered":"<p><span class=\"product-detail-title theme-font\">Details<\/span><\/p>\n<div class=\"product-detail-description truncate expanded\" data-truncate-mobile=\"113\" data-truncate-tablet=\"156\" data-truncate-desktop=\"91\">\n<div class=\"truncate-text\">\n<p><strong>Mesa de vidrio y acero inoxidable de dise\u00f1o sencillo.<\/strong><\/p>\n<p>Este dise\u00f1o ha sido especialmente dise\u00f1ado como mesa de comedor con una serie de caracter\u00edsticas concretas de funcionalidad y dise\u00f1o. Los elementos sencillos de acero inoxidable que componen \u00e9ste dise\u00f1o de mesa, permiten al vidrio tomar un protagonismo que enfatizan la elegancia y sencillez de \u00e9ste tipo de mobiliario, diversificando as\u00ed sus funcionalidades y exclusividad, pudiendo ser aplicado tanto en la fabricaci\u00f3n de mesas de comedor, escritorios, mesas de sal\u00f3n de actos, mesas de trabajo, etc&#8230;<\/p>\n<p>In\u00a0<a href=\"https:\/\/icminox.es\/en\/es\/contacto\/\" target=\"_blank\" rel=\"noopener noreferrer\">ICMINOX\u00a0<\/a>realizamos e instalamos todo tipo de mesas utilizando materiales como vidrio y acero inoxidable. Te garantizamos dise\u00f1os personalizados y una asistencia integral y muy cercana. Pide presupuesto sin compromiso y nos encargamos de dise\u00f1ar, fabricar e instalar todo el mobiliario de su negocio o local comercial con todas las ventajas de durabilidad que ofrece el acero inoxidable y la elegancia que aporta a la est\u00e9tica del conjunto.<\/p>\n<p>Nuestros profesionales trabajan con distinto tipo de cristal para los diferentes trabajos que llevamos a cabo. \u00bfNecesitas renovar las mesas de tus oficinas? \u00bfBuscas soluciones en este \u00e1mbito que te aporten dise\u00f1o y funcionalidad? Llegaste al lugar indicado.<\/p>\n<p>Nuestros t\u00e9cnicos se encargar\u00e1n de asesorarte para dise\u00f1ar unas mesas de gran calidad ajustadas a todas tus necesidades, y a un precio muy competitivo.\u00a0<a href=\"https:\/\/icminox.es\/en\/es\/contacto\/\" target=\"_blank\" rel=\"noopener noreferrer\">Contacta con nosotros para m\u00e1s informaci\u00f3n, sin compromiso.<\/a><\/p>\n<\/div>\n<\/div>","protected":false},"excerpt":{"rendered":"<p>Detalles Mesa de vidrio y acero inoxidable de dise\u00f1o sencillo. Este dise\u00f1o ha sido especialmente dise\u00f1ado como mesa de comedor con una serie de caracter\u00edsticas concretas de funcionalidad y dise\u00f1o. Los elementos sencillos de acero inoxidable que componen \u00e9ste dise\u00f1o de mesa, permiten al vidrio tomar un protagonismo que enfatizan la elegancia y sencillez de &hellip; <br \/><a href=\"https:\/\/icminox.es\/en\/product\/mesa-de-vidrio-y-acero-inoxidable-de-icminox\/\" class=\"more-link\">Continue reading <span class=\"screen-reader-text\">Table-glass and stainless steel Icminox<\/span><\/a><\/p>","protected":false},"featured_media":4657,"comment_status":"open","ping_status":"closed","template":"","meta":{"_acf_changed":false,"_monsterinsights_skip_tracking":false,"_monsterinsights_sitenote_active":false,"_monsterinsights_sitenote_note":"","_monsterinsights_sitenote_category":0},"product_cat":[134],"product_tag":[],"class_list":{"0":"post-4656","1":"product","2":"type-product","3":"status-publish","4":"has-post-thumbnail","6":"product_cat-i-mobiliario","8":"first","9":"instock","10":"shipping-taxable","11":"product-type-simple"},"acf":[],"aioseo_notices":[],"_links":{"self":[{"href":"https:\/\/icminox.es\/en\/wp-json\/wp\/v2\/product\/4656","targetHints":{"allow":["GET"]}}],"collection":[{"href":"https:\/\/icminox.es\/en\/wp-json\/wp\/v2\/product"}],"about":[{"href":"https:\/\/icminox.es\/en\/wp-json\/wp\/v2\/types\/product"}],"replies":[{"embeddable":true,"href":"https:\/\/icminox.es\/en\/wp-json\/wp\/v2\/comments?post=4656"}],"version-history":[{"count":1,"href":"https:\/\/icminox.es\/en\/wp-json\/wp\/v2\/product\/4656\/revisions"}],"predecessor-version":[{"id":4659,"href":"https:\/\/icminox.es\/en\/wp-json\/wp\/v2\/product\/4656\/revisions\/4659"}],"wp:featuredmedia":[{"embeddable":true,"href":"https:\/\/icminox.es\/en\/wp-json\/wp\/v2\/media\/4657"}],"wp:attachment":[{"href":"https:\/\/icminox.es\/en\/wp-json\/wp\/v2\/media?parent=4656"}],"wp:term":[{"taxonomy":"product_cat","embeddable":true,"href":"https:\/\/icminox.es\/en\/wp-json\/wp\/v2\/product_cat?post=4656"},{"taxonomy":"product_tag","embeddable":true,"href":"https:\/\/icminox.es\/en\/wp-json\/wp\/v2\/product_tag?post=4656"}],"curies":[{"name":"wp","href":"https:\/\/api.w.org\/{rel}","templated":true}]}}