{"id":4664,"date":"2023-10-26T01:15:35","date_gmt":"2023-10-25T23:15:35","guid":{"rendered":"https:\/\/icminox.es\/?post_type=product&#038;p=4664"},"modified":"2024-03-19T15:48:44","modified_gmt":"2024-03-19T14:48:44","slug":"vitrina-de-frescos-de-acero-inoxidable-y-vidrio-para-comercio-de-icminox","status":"publish","type":"product","link":"https:\/\/icminox.es\/en\/product\/vitrina-de-frescos-de-acero-inoxidable-y-vidrio-para-comercio-de-icminox\/","title":{"rendered":"Showcase of cool stainless steel and glass for commercial Icminox"},"content":{"rendered":"<p><span class=\"product-detail-title theme-font\">Details<\/span><\/p>\n<div class=\"product-detail-price\"><span class=\"price-value\">Producto personalizado, Pida su presupuesto sin compromiso.<\/span><\/div>\n<div class=\"product-detail-description truncate expanded\" data-truncate-mobile=\"113\" data-truncate-tablet=\"156\" data-truncate-desktop=\"91\">\n<div class=\"truncate-text\">\n<p><b>Mobiliario de acero inoxidable con dise\u00f1o personalizado y a medida para restaurante.\u00a0<\/b>\u00a0In<b>\u00a0ICMINOX<\/b>\u00a0dise\u00f1amos una gran variedad de mobiliario para distintas finalidades: puertas, mesas, armarios, vitrinas, etc&#8230; \u00bfQu\u00e9 necesitas? Los dise\u00f1aremos\u00a0 y construiremos a medida, ocup\u00e1ndonos tambi\u00e9n de toda la instalaci\u00f3n para que t\u00fa no te tengas que preocupar por nada. Adem\u00e1s, si lo deseas, podemos efectuarte un encargo personalizado.\u00a0<a href=\"https:\/\/icminox.es\/en\/es\/contacto\/\" target=\"_blank\" rel=\"nofollow noopener\">\u00a1Cons\u00faltanos y te ofrecemos presupuesto sin compromiso!<\/a><\/p>\n<\/div>\n<\/div>","protected":false},"excerpt":{"rendered":"<p>Detalles Producto personalizado, Pida su presupuesto sin compromiso. Mobiliario de acero inoxidable con dise\u00f1o personalizado y a medida para restaurante.\u00a0\u00a0En\u00a0ICMINOX\u00a0dise\u00f1amos una gran variedad de mobiliario para distintas finalidades: puertas, mesas, armarios, vitrinas, etc&#8230; \u00bfQu\u00e9 necesitas? Los dise\u00f1aremos\u00a0 y construiremos a medida, ocup\u00e1ndonos tambi\u00e9n de toda la instalaci\u00f3n para que t\u00fa no te tengas que preocupar &hellip; <br \/><a href=\"https:\/\/icminox.es\/en\/product\/vitrina-de-frescos-de-acero-inoxidable-y-vidrio-para-comercio-de-icminox\/\" class=\"more-link\">Continue reading <span class=\"screen-reader-text\">Showcase of cool stainless steel and glass for commercial Icminox<\/span><\/a><\/p>","protected":false},"featured_media":4665,"comment_status":"open","ping_status":"closed","template":"","meta":{"_acf_changed":false,"_monsterinsights_skip_tracking":false,"_monsterinsights_sitenote_active":false,"_monsterinsights_sitenote_note":"","_monsterinsights_sitenote_category":0},"product_cat":[134],"product_tag":[],"class_list":{"0":"post-4664","1":"product","2":"type-product","3":"status-publish","4":"has-post-thumbnail","6":"product_cat-i-mobiliario","8":"first","9":"instock","10":"shipping-taxable","11":"product-type-simple"},"acf":[],"aioseo_notices":[],"_links":{"self":[{"href":"https:\/\/icminox.es\/en\/wp-json\/wp\/v2\/product\/4664","targetHints":{"allow":["GET"]}}],"collection":[{"href":"https:\/\/icminox.es\/en\/wp-json\/wp\/v2\/product"}],"about":[{"href":"https:\/\/icminox.es\/en\/wp-json\/wp\/v2\/types\/product"}],"replies":[{"embeddable":true,"href":"https:\/\/icminox.es\/en\/wp-json\/wp\/v2\/comments?post=4664"}],"version-history":[{"count":1,"href":"https:\/\/icminox.es\/en\/wp-json\/wp\/v2\/product\/4664\/revisions"}],"predecessor-version":[{"id":4667,"href":"https:\/\/icminox.es\/en\/wp-json\/wp\/v2\/product\/4664\/revisions\/4667"}],"wp:featuredmedia":[{"embeddable":true,"href":"https:\/\/icminox.es\/en\/wp-json\/wp\/v2\/media\/4665"}],"wp:attachment":[{"href":"https:\/\/icminox.es\/en\/wp-json\/wp\/v2\/media?parent=4664"}],"wp:term":[{"taxonomy":"product_cat","embeddable":true,"href":"https:\/\/icminox.es\/en\/wp-json\/wp\/v2\/product_cat?post=4664"},{"taxonomy":"product_tag","embeddable":true,"href":"https:\/\/icminox.es\/en\/wp-json\/wp\/v2\/product_tag?post=4664"}],"curies":[{"name":"wp","href":"https:\/\/api.w.org\/{rel}","templated":true}]}}