{"id":4668,"date":"2023-10-26T01:17:29","date_gmt":"2023-10-25T23:17:29","guid":{"rendered":"https:\/\/icminox.es\/?post_type=product&#038;p=4668"},"modified":"2024-03-19T15:48:44","modified_gmt":"2024-03-19T14:48:44","slug":"zocalos-mobiliario-y-forro-de-mocheta-de-ventana-y-puerta-de-acero-de-icminox","status":"publish","type":"product","link":"https:\/\/icminox.es\/en\/product\/zocalos-mobiliario-y-forro-de-mocheta-de-ventana-y-puerta-de-acero-de-icminox\/","title":{"rendered":"Sockets, furniture and lining mocheta window and steel door Icminox"},"content":{"rendered":"<p><span class=\"product-detail-title theme-font\">Details<\/span><\/p>\n<div class=\"product-detail-price\"><span class=\"price-value\">Producto personalizado. Pida presupuesto sin compromiso.<\/span><\/div>\n<div class=\"product-detail-description truncate expanded\" data-truncate-mobile=\"113\" data-truncate-tablet=\"156\" data-truncate-desktop=\"91\">\n<div class=\"truncate-text\">\n<p><b>Adaptaci\u00f3n y modernizaci\u00f3n de sala de actos con acero inoxidable\u00a0<\/b><br \/>\nTodos los elementos han sido dise\u00f1ados y fabricados siguiendo el mismo dise\u00f1o, tanto mobiliario como z\u00f3calos, adem\u00e1s de dise\u00f1ar y fabricas forros de chapa de acero inoxidable para las mochetas de las ventanas y premarcos de puertas. \u00c9ste dise\u00f1o exclusivo\u00a0 mezcla las infinitas ventajas del acero inoxidable con las de la madera, creando\u00a0 la combinaci\u00f3n perfecta\u00a0 para \u00e9sta sala de actos, aportando elegancia, seriedad y practicidad. Como\u00a0 mobiliario de la sala hemos optado por el dise\u00f1o y fabricaci\u00f3n de una gran mesa de conferencias, varios atriles, algunos bancos y mesas auxiliares, cubriendo todas las necesidades del cliente a la vez que se consigue una est\u00e9tica vanguardista inigualable. El dise\u00f1o del mobiliario queda totalmente integrado con los\u00a0<b>z\u00f3calos y dem\u00e1s elementos instalados de acero inoxidable<\/b>\u00a0que dise\u00f1amos e instalamos a medida en toda la sala de actos, creando en conjunto una estancia espaciosa, con dise\u00f1o exclusivo y de f\u00e1cil limpieza y desinfecci\u00f3n en las zonas de mayor contacto.<br \/>\n<b>Forros de chapa de acero inoxidable<br \/>\n<\/b>En ICMINOX estamos para resolver cualquier necesidad qu\u00e9 se le presente a nuestros clientes, y en \u00e9sta ocasi\u00f3n dise\u00f1amos, fabricamos e instalamos a medida \u00e9stos forros de acero inoxidable en puertas,\u00a0 ventanas, o incluso z\u00f3calos, qu\u00e9 nos asegura la durabilidad y resistencia de la zona, impidiendo que aparezcan con el tiempo problemas de humedad tan t\u00edpicas de \u00e9stas zonas. Adem\u00e1s a\u00f1adimos las facilidades de limpieza y desinfecci\u00f3n tan importantes en zonas p\u00fablicas y tan transitadas como \u00e9ste tipo de salas, sin renunciar a la tan elegante est\u00e9tica del conjunto.<br \/>\n\u00a1<a href=\"https:\/\/icminox.es\/en\/es\/contacto\/\" target=\"_blank\" rel=\"nofollow noopener\">Cons\u00faltanos<\/a>\u00a0y te ofreceremos presupuesto sin compromiso!<\/p>\n<\/div>\n<\/div>","protected":false},"excerpt":{"rendered":"<p>Detalles Producto personalizado. Pida presupuesto sin compromiso. Adaptaci\u00f3n y modernizaci\u00f3n de sala de actos con acero inoxidable\u00a0 Todos los elementos han sido dise\u00f1ados y fabricados siguiendo el mismo dise\u00f1o, tanto mobiliario como z\u00f3calos, adem\u00e1s de dise\u00f1ar y fabricas forros de chapa de acero inoxidable para las mochetas de las ventanas y premarcos de puertas. \u00c9ste &hellip; <br \/><a href=\"https:\/\/icminox.es\/en\/product\/zocalos-mobiliario-y-forro-de-mocheta-de-ventana-y-puerta-de-acero-de-icminox\/\" class=\"more-link\">Continue reading <span class=\"screen-reader-text\">Sockets, furniture and lining mocheta window and steel door Icminox<\/span><\/a><\/p>","protected":false},"featured_media":4670,"comment_status":"open","ping_status":"closed","template":"","meta":{"_acf_changed":false,"_monsterinsights_skip_tracking":false,"_monsterinsights_sitenote_active":false,"_monsterinsights_sitenote_note":"","_monsterinsights_sitenote_category":0},"product_cat":[134],"product_tag":[],"class_list":{"0":"post-4668","1":"product","2":"type-product","3":"status-publish","4":"has-post-thumbnail","6":"product_cat-i-mobiliario","8":"first","9":"instock","10":"shipping-taxable","11":"product-type-simple"},"acf":[],"aioseo_notices":[],"_links":{"self":[{"href":"https:\/\/icminox.es\/en\/wp-json\/wp\/v2\/product\/4668","targetHints":{"allow":["GET"]}}],"collection":[{"href":"https:\/\/icminox.es\/en\/wp-json\/wp\/v2\/product"}],"about":[{"href":"https:\/\/icminox.es\/en\/wp-json\/wp\/v2\/types\/product"}],"replies":[{"embeddable":true,"href":"https:\/\/icminox.es\/en\/wp-json\/wp\/v2\/comments?post=4668"}],"version-history":[{"count":1,"href":"https:\/\/icminox.es\/en\/wp-json\/wp\/v2\/product\/4668\/revisions"}],"predecessor-version":[{"id":4671,"href":"https:\/\/icminox.es\/en\/wp-json\/wp\/v2\/product\/4668\/revisions\/4671"}],"wp:featuredmedia":[{"embeddable":true,"href":"https:\/\/icminox.es\/en\/wp-json\/wp\/v2\/media\/4670"}],"wp:attachment":[{"href":"https:\/\/icminox.es\/en\/wp-json\/wp\/v2\/media?parent=4668"}],"wp:term":[{"taxonomy":"product_cat","embeddable":true,"href":"https:\/\/icminox.es\/en\/wp-json\/wp\/v2\/product_cat?post=4668"},{"taxonomy":"product_tag","embeddable":true,"href":"https:\/\/icminox.es\/en\/wp-json\/wp\/v2\/product_tag?post=4668"}],"curies":[{"name":"wp","href":"https:\/\/api.w.org\/{rel}","templated":true}]}}