{"id":4676,"date":"2023-10-26T01:21:03","date_gmt":"2023-10-25T23:21:03","guid":{"rendered":"https:\/\/icminox.es\/?post_type=product&#038;p=4676"},"modified":"2025-04-11T17:46:57","modified_gmt":"2025-04-11T15:46:57","slug":"pasamanos-de-acero-inoxidable-adaptada-a-barandilla-de-vidrio-de-icminox","status":"publish","type":"product","link":"https:\/\/icminox.es\/en\/product\/pasamanos-de-acero-inoxidable-adaptada-a-barandilla-de-vidrio-de-icminox\/","title":{"rendered":"Stainless steel handrails adapted to the railing of glass. of Icminox"},"content":{"rendered":"<p><span class=\"product-detail-title theme-font\">Details<\/span><\/p>\n<div class=\"product-detail-price\"><span class=\"price-value\">Pida presupuesto sin compromiso<\/span><\/div>\n<div class=\"product-detail-description truncate expanded\" data-truncate-mobile=\"113\" data-truncate-tablet=\"156\" data-truncate-desktop=\"91\">\n<div class=\"truncate-text\">\n<p><a href=\"https:\/\/icminox.es\/en\/es\/contacto\/\" target=\"_blank\" rel=\"noopener noreferrer\"><strong>Pasamanos de acero inoxidable adaptado a barandilla de vidrio.<\/strong><\/a><\/p>\n<p>Portal de acceso de entrada a edificio con necesidad de puntos de apoyo para facilitar la accesibilidad arquitect\u00f3nica del edificio. Para respetar la l\u00ednea moderna y vanguardista del edificio, se opt\u00f3 por a\u00f1adir como puntos de apoyo doble pasamanos de acero inoxidable a distintas alturas con sujeciones a la pared para reforzar la seguridad en la rampa de accesibilidad. Para asegurar la estancia de la escalera hemos dise\u00f1ado, fabricado e instalado una barandilla de vidrio reforzada con pasamanos de acero inoxidable con sujeciones personalizadas y adaptadas al vidrio, con lo que conseguimos un dise\u00f1o elegante, pr\u00e1ctico y totalmente adaptado a las necesidades de la estancia y normativa de accesibilidad.<\/p>\n<p>Para cualquier duda o consulta, en<a href=\"https:\/\/icminox.es\/en\/es\/contacto\/\" target=\"_blank\" rel=\"noopener noreferrer\">\u00a0ICMINOX<\/a>\u00a0le informamos y asesoramos en todos sus proyectos. Pida su presupuesto sin compromiso.<\/p>\n<\/div>\n<\/div>","protected":false},"excerpt":{"rendered":"<p>Detalles Pida presupuesto sin compromiso Pasamanos de acero inoxidable adaptado a barandilla de vidrio. Portal de acceso de entrada a edificio con necesidad de puntos de apoyo para facilitar la accesibilidad arquitect\u00f3nica del edificio. Para respetar la l\u00ednea moderna y vanguardista del edificio, se opt\u00f3 por a\u00f1adir como puntos de apoyo doble pasamanos de acero &hellip; <br \/><a href=\"https:\/\/icminox.es\/en\/product\/pasamanos-de-acero-inoxidable-adaptada-a-barandilla-de-vidrio-de-icminox\/\" class=\"more-link\">Continue reading <span class=\"screen-reader-text\">Stainless steel handrails adapted to the railing of glass. of Icminox<\/span><\/a><\/p>","protected":false},"featured_media":4678,"comment_status":"open","ping_status":"closed","template":"","meta":{"_acf_changed":false,"_monsterinsights_skip_tracking":false,"_monsterinsights_sitenote_active":false,"_monsterinsights_sitenote_note":"","_monsterinsights_sitenote_category":0},"product_cat":[140],"product_tag":[],"class_list":{"0":"post-4676","1":"product","2":"type-product","3":"status-publish","4":"has-post-thumbnail","6":"product_cat-d-pasamanos","8":"first","9":"instock","10":"shipping-taxable","11":"product-type-simple"},"acf":[],"aioseo_notices":[],"_links":{"self":[{"href":"https:\/\/icminox.es\/en\/wp-json\/wp\/v2\/product\/4676","targetHints":{"allow":["GET"]}}],"collection":[{"href":"https:\/\/icminox.es\/en\/wp-json\/wp\/v2\/product"}],"about":[{"href":"https:\/\/icminox.es\/en\/wp-json\/wp\/v2\/types\/product"}],"replies":[{"embeddable":true,"href":"https:\/\/icminox.es\/en\/wp-json\/wp\/v2\/comments?post=4676"}],"version-history":[{"count":1,"href":"https:\/\/icminox.es\/en\/wp-json\/wp\/v2\/product\/4676\/revisions"}],"predecessor-version":[{"id":4679,"href":"https:\/\/icminox.es\/en\/wp-json\/wp\/v2\/product\/4676\/revisions\/4679"}],"wp:featuredmedia":[{"embeddable":true,"href":"https:\/\/icminox.es\/en\/wp-json\/wp\/v2\/media\/4678"}],"wp:attachment":[{"href":"https:\/\/icminox.es\/en\/wp-json\/wp\/v2\/media?parent=4676"}],"wp:term":[{"taxonomy":"product_cat","embeddable":true,"href":"https:\/\/icminox.es\/en\/wp-json\/wp\/v2\/product_cat?post=4676"},{"taxonomy":"product_tag","embeddable":true,"href":"https:\/\/icminox.es\/en\/wp-json\/wp\/v2\/product_tag?post=4676"}],"curies":[{"name":"wp","href":"https:\/\/api.w.org\/{rel}","templated":true}]}}