{"id":4680,"date":"2023-10-26T01:24:02","date_gmt":"2023-10-25T23:24:02","guid":{"rendered":"https:\/\/icminox.es\/?post_type=product&#038;p=4680"},"modified":"2024-03-19T15:48:44","modified_gmt":"2024-03-19T14:48:44","slug":"pasamanos-de-acero-inoxidable-con-cables-tensores-y-pasamanos-de-icminox","status":"publish","type":"product","link":"https:\/\/icminox.es\/en\/product\/pasamanos-de-acero-inoxidable-con-cables-tensores-y-pasamanos-de-icminox\/","title":{"rendered":"Stainless steel handrail with cable clamps and handrail Icminox"},"content":{"rendered":"<p><span class=\"product-detail-title theme-font\">Details<\/span><\/p>\n<div class=\"product-detail-price\"><span class=\"price-value\">A consultar<\/span><\/div>\n<div class=\"product-detail-description truncate expanded\" data-truncate-mobile=\"113\" data-truncate-tablet=\"156\" data-truncate-desktop=\"91\">\n<div class=\"truncate-text\">\n<p><strong>Barandilla de acero inoxidable con cables tensores y pasamanos<\/strong><\/p>\n<p>En \u00e9ste conjunto necesit\u00e1bamos una barandilla como medida de protecci\u00f3n, y teniendo en cuenta la est\u00e9tica de la vivienda. En otro punto de la escalera era necesario otro punto de apoyo, pero el cliente prefer\u00eda el espacio abierto de la escalera directa a la sala de la planta baja, por lo que accedimos a dise\u00f1ar y fabricar un pasamanos que instalamos directamente en la pared de apoyo.<\/p>\n<p>Entre las caracter\u00edsticas m\u00e1s importantes de \u00e9ste tipo de dise\u00f1os podemos destacar:<\/p>\n<p><strong>Barandillas de acero inoxidable con cables tensores:<\/strong><\/p>\n<p>Est\u00e9ticamente aportan elegancia, sensaci\u00f3n de amplitud y estilo minimalista y moderno.<\/p>\n<p>No restan luminosidad a la estancia, aportando iluminaci\u00f3n natural a zonas m\u00e1s escondidas.<\/p>\n<p>F\u00e1cil, r\u00e1pido y limpio montaje, sin complicaciones.<\/p>\n<p>Se pueden a\u00f1adir tantos cables tensores como desees, en funci\u00f3n de tus necesidades de seguridad o gustos.<\/p>\n<p>Adaptaci\u00f3n de barandilla a medidas y dise\u00f1o de escalera.<\/p>\n<p>El\u00a0<strong>pasamanos de acero inoxidable\u00a0<\/strong>rectangular se instal\u00f3 paralelamente al vidrio, aportando estilo y prestigio a su funci\u00f3n de seguridad.<\/p>\n<p>In\u00a0<strong>I<\/strong><a href=\"https:\/\/icminox.es\/en\/es\/contacto\/\" target=\"_blank\" rel=\"noopener noreferrer\"><strong>CMINOX<\/strong>\u00a0<\/a>adaptamos los dise\u00f1os de barandillas y pasamanos al estilo y medidas de la escalera, quedando totalmente integrados en la estancia, consiguiendo dise\u00f1os uniformes y elegantes.<\/p>\n<p>Cada vez m\u00e1s clientes optan por nuestros dise\u00f1os de barandillas de acero inoxidable con cables tensores, y es que adem\u00e1s de la aportaci\u00f3n est\u00e9tica y la seguridad que nos proporciona \u00e9ste tipo de dise\u00f1os, sorprende su f\u00e1cil, r\u00e1pido y limpio montaje.<\/p>\n<p><a href=\"https:\/\/icminox.es\/en\/es\/contacto\/\" target=\"_blank\" rel=\"noopener noreferrer\">: Contact us and we will offer you a free quote!<\/a><\/p>\n<\/div>\n<\/div>","protected":false},"excerpt":{"rendered":"<p>Detalles A consultar Barandilla de acero inoxidable con cables tensores y pasamanos En \u00e9ste conjunto necesit\u00e1bamos una barandilla como medida de protecci\u00f3n, y teniendo en cuenta la est\u00e9tica de la vivienda. En otro punto de la escalera era necesario otro punto de apoyo, pero el cliente prefer\u00eda el espacio abierto de la escalera directa a &hellip; <br \/><a href=\"https:\/\/icminox.es\/en\/product\/pasamanos-de-acero-inoxidable-con-cables-tensores-y-pasamanos-de-icminox\/\" class=\"more-link\">Continue reading <span class=\"screen-reader-text\">Stainless steel handrail with cable clamps and handrail Icminox<\/span><\/a><\/p>","protected":false},"featured_media":4682,"comment_status":"open","ping_status":"closed","template":"","meta":{"_acf_changed":false,"_monsterinsights_skip_tracking":false,"_monsterinsights_sitenote_active":false,"_monsterinsights_sitenote_note":"","_monsterinsights_sitenote_category":0},"product_cat":[140],"product_tag":[],"class_list":{"0":"post-4680","1":"product","2":"type-product","3":"status-publish","4":"has-post-thumbnail","6":"product_cat-d-pasamanos","8":"first","9":"instock","10":"shipping-taxable","11":"product-type-simple"},"acf":[],"aioseo_notices":[],"_links":{"self":[{"href":"https:\/\/icminox.es\/en\/wp-json\/wp\/v2\/product\/4680","targetHints":{"allow":["GET"]}}],"collection":[{"href":"https:\/\/icminox.es\/en\/wp-json\/wp\/v2\/product"}],"about":[{"href":"https:\/\/icminox.es\/en\/wp-json\/wp\/v2\/types\/product"}],"replies":[{"embeddable":true,"href":"https:\/\/icminox.es\/en\/wp-json\/wp\/v2\/comments?post=4680"}],"version-history":[{"count":1,"href":"https:\/\/icminox.es\/en\/wp-json\/wp\/v2\/product\/4680\/revisions"}],"predecessor-version":[{"id":4683,"href":"https:\/\/icminox.es\/en\/wp-json\/wp\/v2\/product\/4680\/revisions\/4683"}],"wp:featuredmedia":[{"embeddable":true,"href":"https:\/\/icminox.es\/en\/wp-json\/wp\/v2\/media\/4682"}],"wp:attachment":[{"href":"https:\/\/icminox.es\/en\/wp-json\/wp\/v2\/media?parent=4680"}],"wp:term":[{"taxonomy":"product_cat","embeddable":true,"href":"https:\/\/icminox.es\/en\/wp-json\/wp\/v2\/product_cat?post=4680"},{"taxonomy":"product_tag","embeddable":true,"href":"https:\/\/icminox.es\/en\/wp-json\/wp\/v2\/product_tag?post=4680"}],"curies":[{"name":"wp","href":"https:\/\/api.w.org\/{rel}","templated":true}]}}