{"id":4684,"date":"2023-10-26T01:25:58","date_gmt":"2023-10-25T23:25:58","guid":{"rendered":"https:\/\/icminox.es\/?post_type=product&#038;p=4684"},"modified":"2024-03-19T15:48:44","modified_gmt":"2024-03-19T14:48:44","slug":"pasamanos-de-acero-inoxidable-con-tramo-desmontable-de-icminox","status":"publish","type":"product","link":"https:\/\/icminox.es\/en\/product\/pasamanos-de-acero-inoxidable-con-tramo-desmontable-de-icminox\/","title":{"rendered":"Stainless steel handrails with stretch removable Icminox"},"content":{"rendered":"<p><span class=\"product-detail-title theme-font\">Details<\/span><\/p>\n<div class=\"product-detail-description truncate expanded\" data-truncate-mobile=\"113\" data-truncate-tablet=\"156\" data-truncate-desktop=\"91\">\n<div class=\"truncate-text\">\n<p><strong>Pasamanos de acero inoxidable con tramo desmontable<\/strong><\/p>\n<p>En la sala de acceso a \u00e9ste edificio dise\u00f1amos y fabricamos un pasamanos de acero inoxidable con un bonito dise\u00f1o como punto de apoyo de la rampa de acceso. Una caracter\u00edstica a destacar en \u00e9ste dise\u00f1o es que a la altura de las medidas est\u00e1ndares de la instalaci\u00f3n de pasamanos, estaban ubicadas las puertas de registro, por lo que la instalaci\u00f3n de los pasamanos inhabilitar\u00edan el acceso a ellos. Para evitar la realizaci\u00f3n de obras y todo lo que conllevar\u00eda cambiar la ubicaci\u00f3n de \u00e9stos registros, buscamos una soluci\u00f3n alternativa resolviendo la situaci\u00f3n de la manera mas sencilla, limpia econ\u00f3mica. En\u00a0<a href=\"https:\/\/icminox.es\/en\/es\/contacto\/\" target=\"_blank\" rel=\"noopener noreferrer\"><strong>ICMINOX<\/strong><\/a>\u00a0hemos personalizado el dise\u00f1o de \u00e9ste pasamanos, dise\u00f1ando y fabricando un tramo desmontable anterior a los registros, facilitando as\u00ed el acceso a ellos cuando resulte necesario. En\u00a0<a href=\"https:\/\/icminox.es\/en\/es\/contacto\/\" target=\"_blank\" rel=\"noopener noreferrer\"><strong>ICMINOX<\/strong>\u00a0<\/a>dise\u00f1amos, fabricamos e instalamos todo tipo de dise\u00f1os de acero inoxidable, adapt\u00e1ndonos y resolviendo todas las necesidades de cada cliente.<\/p>\n<p>Echa un vistazo a todos nuestros dise\u00f1os.<\/p>\n<p><a href=\"https:\/\/icminox.es\/en\/es\/contacto\/\" target=\"_blank\" rel=\"noopener noreferrer\">Cons\u00faltanos, y te asesoremos en tus proyectos, ofreci\u00e9ndote el mejor presupuesto sin compromiso.<\/a><\/p>\n<\/div>\n<\/div>","protected":false},"excerpt":{"rendered":"<p>Detalles Pasamanos de acero inoxidable con tramo desmontable En la sala de acceso a \u00e9ste edificio dise\u00f1amos y fabricamos un pasamanos de acero inoxidable con un bonito dise\u00f1o como punto de apoyo de la rampa de acceso. Una caracter\u00edstica a destacar en \u00e9ste dise\u00f1o es que a la altura de las medidas est\u00e1ndares de la &hellip; <br \/><a href=\"https:\/\/icminox.es\/en\/product\/pasamanos-de-acero-inoxidable-con-tramo-desmontable-de-icminox\/\" class=\"more-link\">Continue reading <span class=\"screen-reader-text\">Stainless steel handrails with stretch removable Icminox<\/span><\/a><\/p>","protected":false},"featured_media":4685,"comment_status":"open","ping_status":"closed","template":"","meta":{"_acf_changed":false,"_monsterinsights_skip_tracking":false,"_monsterinsights_sitenote_active":false,"_monsterinsights_sitenote_note":"","_monsterinsights_sitenote_category":0},"product_cat":[140],"product_tag":[],"class_list":{"0":"post-4684","1":"product","2":"type-product","3":"status-publish","4":"has-post-thumbnail","6":"product_cat-d-pasamanos","8":"first","9":"instock","10":"shipping-taxable","11":"product-type-simple"},"acf":[],"aioseo_notices":[],"_links":{"self":[{"href":"https:\/\/icminox.es\/en\/wp-json\/wp\/v2\/product\/4684","targetHints":{"allow":["GET"]}}],"collection":[{"href":"https:\/\/icminox.es\/en\/wp-json\/wp\/v2\/product"}],"about":[{"href":"https:\/\/icminox.es\/en\/wp-json\/wp\/v2\/types\/product"}],"replies":[{"embeddable":true,"href":"https:\/\/icminox.es\/en\/wp-json\/wp\/v2\/comments?post=4684"}],"version-history":[{"count":1,"href":"https:\/\/icminox.es\/en\/wp-json\/wp\/v2\/product\/4684\/revisions"}],"predecessor-version":[{"id":4687,"href":"https:\/\/icminox.es\/en\/wp-json\/wp\/v2\/product\/4684\/revisions\/4687"}],"wp:featuredmedia":[{"embeddable":true,"href":"https:\/\/icminox.es\/en\/wp-json\/wp\/v2\/media\/4685"}],"wp:attachment":[{"href":"https:\/\/icminox.es\/en\/wp-json\/wp\/v2\/media?parent=4684"}],"wp:term":[{"taxonomy":"product_cat","embeddable":true,"href":"https:\/\/icminox.es\/en\/wp-json\/wp\/v2\/product_cat?post=4684"},{"taxonomy":"product_tag","embeddable":true,"href":"https:\/\/icminox.es\/en\/wp-json\/wp\/v2\/product_tag?post=4684"}],"curies":[{"name":"wp","href":"https:\/\/api.w.org\/{rel}","templated":true}]}}