{"id":4692,"date":"2023-10-26T01:29:45","date_gmt":"2023-10-25T23:29:45","guid":{"rendered":"https:\/\/icminox.es\/?post_type=product&#038;p=4692"},"modified":"2024-03-19T15:48:44","modified_gmt":"2024-03-19T14:48:44","slug":"tiradores-personalizados-de-acero-inoxidable-de-icminox","status":"publish","type":"product","link":"https:\/\/icminox.es\/en\/product\/tiradores-personalizados-de-acero-inoxidable-de-icminox\/","title":{"rendered":"Handles custom stainless steel Icminox"},"content":{"rendered":"<p><span class=\"product-detail-title theme-font\">Details<\/span><\/p>\n<div class=\"product-detail-price\"><span class=\"price-value\">A consultar<\/span><\/div>\n<div class=\"product-detail-description truncate expanded\" data-truncate-mobile=\"113\" data-truncate-tablet=\"156\" data-truncate-desktop=\"91\">\n<div class=\"truncate-text\">\n<p>\u00bfTe imaginas ver el logo de tu empresa al entrar en tu oficina, local comercial, o negocio, en cada puerta y plasmado en un elegante tirador de acero inoxidable? En\u00a0<strong>ICMINOX<\/strong>\u00a0lo creamos para ti.<\/p>\n<p>Los\u00a0<strong>tiradores personalizados<\/strong>\u00a0de acero inoxidable te garantizan un toque de distinci\u00f3n, elegancia y originalidad, adem\u00e1s del extenso aporte de ventajas que nos proporciona de por s\u00ed el acero inoxidable como son su durabilidad y su f\u00e1cil limpieza y desinfecci\u00f3n. Ventajas muy importantes cuando estamos hablando de una parte tan perceptible como los tiradores de la entrada a un negocio, tanto por su m\u00e1xima visibilidad como por la importancia de su uso.<\/p>\n<p>\u00bfQu\u00e9 necesitas? Los dise\u00f1aremos y construiremos a medida, ocup\u00e1ndonos tambi\u00e9n de toda la instalaci\u00f3n para que t\u00fa no te tengas que preocupar por nada. Adem\u00e1s, si lo deseas, podemos efectuarte un encargo personalizado. \u00a1Cons\u00faltanos y te ofreceremos presupuesto sin compromiso!<\/p>\n<\/div>\n<\/div>","protected":false},"excerpt":{"rendered":"<p>Detalles A consultar \u00bfTe imaginas ver el logo de tu empresa al entrar en tu oficina, local comercial, o negocio, en cada puerta y plasmado en un elegante tirador de acero inoxidable? En\u00a0ICMINOX\u00a0lo creamos para ti. Los\u00a0tiradores personalizados\u00a0de acero inoxidable te garantizan un toque de distinci\u00f3n, elegancia y originalidad, adem\u00e1s del extenso aporte de ventajas &hellip; <br \/><a href=\"https:\/\/icminox.es\/en\/product\/tiradores-personalizados-de-acero-inoxidable-de-icminox\/\" class=\"more-link\">Continue reading <span class=\"screen-reader-text\">Handles custom stainless steel Icminox<\/span><\/a><\/p>","protected":false},"featured_media":4694,"comment_status":"open","ping_status":"closed","template":"","meta":{"_acf_changed":false,"_monsterinsights_skip_tracking":false,"_monsterinsights_sitenote_active":false,"_monsterinsights_sitenote_note":"","_monsterinsights_sitenote_category":0},"product_cat":[274],"product_tag":[],"class_list":{"0":"post-4692","1":"product","2":"type-product","3":"status-publish","4":"has-post-thumbnail","6":"product_cat-k-otros-de-acero-inoxidable","8":"first","9":"instock","10":"shipping-taxable","11":"product-type-simple"},"acf":[],"aioseo_notices":[],"_links":{"self":[{"href":"https:\/\/icminox.es\/en\/wp-json\/wp\/v2\/product\/4692","targetHints":{"allow":["GET"]}}],"collection":[{"href":"https:\/\/icminox.es\/en\/wp-json\/wp\/v2\/product"}],"about":[{"href":"https:\/\/icminox.es\/en\/wp-json\/wp\/v2\/types\/product"}],"replies":[{"embeddable":true,"href":"https:\/\/icminox.es\/en\/wp-json\/wp\/v2\/comments?post=4692"}],"version-history":[{"count":1,"href":"https:\/\/icminox.es\/en\/wp-json\/wp\/v2\/product\/4692\/revisions"}],"predecessor-version":[{"id":4696,"href":"https:\/\/icminox.es\/en\/wp-json\/wp\/v2\/product\/4692\/revisions\/4696"}],"wp:featuredmedia":[{"embeddable":true,"href":"https:\/\/icminox.es\/en\/wp-json\/wp\/v2\/media\/4694"}],"wp:attachment":[{"href":"https:\/\/icminox.es\/en\/wp-json\/wp\/v2\/media?parent=4692"}],"wp:term":[{"taxonomy":"product_cat","embeddable":true,"href":"https:\/\/icminox.es\/en\/wp-json\/wp\/v2\/product_cat?post=4692"},{"taxonomy":"product_tag","embeddable":true,"href":"https:\/\/icminox.es\/en\/wp-json\/wp\/v2\/product_tag?post=4692"}],"curies":[{"name":"wp","href":"https:\/\/api.w.org\/{rel}","templated":true}]}}