{"id":4697,"date":"2023-10-26T01:31:18","date_gmt":"2023-10-25T23:31:18","guid":{"rendered":"https:\/\/icminox.es\/?post_type=product&#038;p=4697"},"modified":"2024-03-19T15:48:44","modified_gmt":"2024-03-19T14:48:44","slug":"dispensadores-guardieros-de-acero-inoxidable-de-icminox","status":"publish","type":"product","link":"https:\/\/icminox.es\/en\/product\/dispensadores-guardieros-de-acero-inoxidable-de-icminox\/","title":{"rendered":"Dispensers guardieros stainless steel Icminox"},"content":{"rendered":"<p><span class=\"product-detail-title theme-font\">Details<\/span><\/p>\n<div class=\"product-detail-price\"><span class=\"price-value\">Pida presupuesto sin compromiso<\/span><\/div>\n<div class=\"product-detail-description truncate expanded\" data-truncate-mobile=\"113\" data-truncate-tablet=\"156\" data-truncate-desktop=\"91\">\n<div class=\"truncate-text\">\n<p>En aquellos negocios o locales comerciales que incorporen servicio 24 horas o servicio nocturno, es imprescindible la adecuaci\u00f3n de instalaciones apropiadas para la dispensaci\u00f3n de \u00e9stos servicios en condiciones de seguridad. En<a href=\"https:\/\/icminox.es\/en\/es\/contacto\/\" target=\"_blank\" rel=\"noopener noreferrer\">\u00a0ICMINOX\u00a0<\/a>dise\u00f1amos, fabricamos e instalamos dispensadores guardieros para dar \u00e9stos servicios en \u00f3ptimas condiciones de seguridad en farmacias, estaciones de servicio o cualquier servicio que requiera una separaci\u00f3n de seguridad entre el punto de venta y el cliente. Tanto si son nuevas instalaciones como si necesitamos adaptarlos a instalaciones en funcionamiento con una nueva incorporaci\u00f3n de \u00e9stos servicios, en<a href=\"https:\/\/icminox.es\/en\/es\/contacto\/\" target=\"_blank\" rel=\"noopener noreferrer\">\u00a0ICMINOX<\/a>\u00a0nos adaptamos a todas las necesidades de nuestros clientes dise\u00f1ando, fabricando o adaptando dispensadores guardieros as\u00ed como:<\/p>\n<ul>\n<li><strong>Dispensadores de torno de acero inoxidable<\/strong>. Dando una comodidad m\u00e1xima adem\u00e1s de una privacidad total en el punto de venta entre el vendedor y el cliente. Permiten ventas de mayores dimensiones.<\/li>\n<li><strong>Ventana dispensadora de peque\u00f1as dimensiones<\/strong>. Adaptadas generalmente a otra puerta, ventana o cierre.<\/li>\n<li><strong>Pasamonedas de acero inoxidable en el punto de venta<\/strong>. Los m\u00e1s comunes, normalmente usados s\u00f3lo como punto de pago en autoservicios debido a las peque\u00f1as dimensiones del espacio resultante.<\/li>\n<li><strong>Ventana guillotina de acero inoxidable<\/strong>. Normalmente usada para a\u00f1adir punto de venta al exterior durante el d\u00eda, minimizando la seguridad en turnos nocturnos debido a la amplitud de su apertura con dimensiones de ventanas normales.<\/li>\n<\/ul>\n<p>Aunque \u00e9stos dispensadores principalmente suelen ser utilizados en \u00e9ste tipo de establecimientos, su uso puede ser m\u00e1s amplio en funci\u00f3n de las necesidades, pudiendo tener un sinf\u00edn de aplicaciones en otros espacios como oficinas, hoteles restaurantes para comunicar sal\u00f3n con cocina o viviendas particulares para el transporte de peque\u00f1as cargas o paquetes entre las distintos estancias, manteniendo la privacidad en cada una de ellas.<\/p>\n<p>Echa un vistazo a nuestros dise\u00f1os, y cons\u00faltanos sin compromiso. Te ayudamos desde la concepci\u00f3n del dise\u00f1o,<a href=\"https:\/\/icminox.es\/en\/es\/contacto\/\" target=\"_blank\" rel=\"noopener noreferrer\">\u00a0pide presupuesto sin compromiso.<\/a><\/p>\n<\/div>\n<\/div>","protected":false},"excerpt":{"rendered":"<p>Detalles Pida presupuesto sin compromiso En aquellos negocios o locales comerciales que incorporen servicio 24 horas o servicio nocturno, es imprescindible la adecuaci\u00f3n de instalaciones apropiadas para la dispensaci\u00f3n de \u00e9stos servicios en condiciones de seguridad. En\u00a0ICMINOX\u00a0dise\u00f1amos, fabricamos e instalamos dispensadores guardieros para dar \u00e9stos servicios en \u00f3ptimas condiciones de seguridad en farmacias, estaciones de &hellip; <br \/><a href=\"https:\/\/icminox.es\/en\/product\/dispensadores-guardieros-de-acero-inoxidable-de-icminox\/\" class=\"more-link\">Continue reading <span class=\"screen-reader-text\">Dispensers guardieros stainless steel Icminox<\/span><\/a><\/p>","protected":false},"featured_media":4699,"comment_status":"open","ping_status":"closed","template":"","meta":{"_acf_changed":false,"_monsterinsights_skip_tracking":false,"_monsterinsights_sitenote_active":false,"_monsterinsights_sitenote_note":"","_monsterinsights_sitenote_category":0},"product_cat":[274],"product_tag":[],"class_list":{"0":"post-4697","1":"product","2":"type-product","3":"status-publish","4":"has-post-thumbnail","6":"product_cat-k-otros-de-acero-inoxidable","8":"first","9":"instock","10":"shipping-taxable","11":"product-type-simple"},"acf":[],"aioseo_notices":[],"_links":{"self":[{"href":"https:\/\/icminox.es\/en\/wp-json\/wp\/v2\/product\/4697","targetHints":{"allow":["GET"]}}],"collection":[{"href":"https:\/\/icminox.es\/en\/wp-json\/wp\/v2\/product"}],"about":[{"href":"https:\/\/icminox.es\/en\/wp-json\/wp\/v2\/types\/product"}],"replies":[{"embeddable":true,"href":"https:\/\/icminox.es\/en\/wp-json\/wp\/v2\/comments?post=4697"}],"version-history":[{"count":1,"href":"https:\/\/icminox.es\/en\/wp-json\/wp\/v2\/product\/4697\/revisions"}],"predecessor-version":[{"id":4700,"href":"https:\/\/icminox.es\/en\/wp-json\/wp\/v2\/product\/4697\/revisions\/4700"}],"wp:featuredmedia":[{"embeddable":true,"href":"https:\/\/icminox.es\/en\/wp-json\/wp\/v2\/media\/4699"}],"wp:attachment":[{"href":"https:\/\/icminox.es\/en\/wp-json\/wp\/v2\/media?parent=4697"}],"wp:term":[{"taxonomy":"product_cat","embeddable":true,"href":"https:\/\/icminox.es\/en\/wp-json\/wp\/v2\/product_cat?post=4697"},{"taxonomy":"product_tag","embeddable":true,"href":"https:\/\/icminox.es\/en\/wp-json\/wp\/v2\/product_tag?post=4697"}],"curies":[{"name":"wp","href":"https:\/\/api.w.org\/{rel}","templated":true}]}}