{"id":4967,"date":"2024-01-12T01:20:55","date_gmt":"2024-01-12T00:20:55","guid":{"rendered":"https:\/\/icminox.es\/?post_type=product&#038;p=4967"},"modified":"2024-03-19T15:48:44","modified_gmt":"2024-03-19T14:48:44","slug":"forro-embellecedor-superior","status":"publish","type":"product","link":"https:\/\/icminox.es\/en\/product\/forro-embellecedor-superior\/","title":{"rendered":"Lining bezel top"},"content":{"rendered":"<p><span class=\"product-detail-title theme-font\">Details<\/span><\/p>\n<div class=\"product-detail-description truncate expanded\" data-truncate-mobile=\"113\" data-truncate-tablet=\"156\" data-truncate-desktop=\"91\">\n<div class=\"truncate-text\">\n<p><strong>Linings, coatings and elements or decorative finials made of stainless steel.<\/strong><\/p>\n<p>In<strong>\u00a0<\/strong><a href=\"https:\/\/icminox.es\/en\/es\/contacto\/\" target=\"_blank\" rel=\"noopener noreferrer\"><strong>ICMINOX<\/strong><\/a><strong>\u00a0<\/strong>we are specialists in adapting to the needs of each client, creating solutions to any requirement or request, both functional as decorative. In this type of designs we present solutions with coatings, linings, or decorative appliques, applying the same type of design of stainless steel in the railings or handrails, and thus unifying the aesthetics of the set in any type of stay. With this type of product to give solution to both situations of coating need for high level of humidity<strong>\u00a0<\/strong>or noise, as to expedite and facilitate cleaning and disinfection tasks in specific areas, or even for aesthetics, to be the stainless steel a material with a high aesthetic content by creating an elegant and functional.<\/p>\n<p>In\u00a0<a href=\"https:\/\/icminox.es\/en\/es\/contacto\/\" target=\"_blank\" rel=\"noopener noreferrer\"><strong>ICMINOX<\/strong><\/a>\u00a0we design, manufacture and install made to measure coatings and linings for steel sheet, stainless doors, windows, walls, columns, or even baseboards, facilitating the cleaning and disinfection so important to stay public or high traffic, as well as common areas of condominiums, shops, hotels...<\/p>\n<p>In\u00a0<a href=\"https:\/\/icminox.es\/en\/es\/contacto\/\" target=\"_blank\" rel=\"noopener noreferrer\"><strong>ICMINOX<\/strong><\/a>\u00a0we are professionals ready to solve any need, what we present to our customers, and on this occasion we ensure in addition to disinfection, the durability and resistance of the area, preventing that they appear with the time moisture problems or create solutions of coatings in such cases.<\/p>\n<p>And all without sacrificing so elegant aesthetics of the set, adding elements that add touches of distinction and elegance fundamental to make the difference.<\/p>\n<p>In<a href=\"https:\/\/icminox.es\/en\/es\/contacto\/\" target=\"_blank\" rel=\"noopener noreferrer\">\u00a0<strong>ICMINOX<\/strong><\/a>\u00a0we have the necessary technical equipment to perform any job that requires of some of these services, such as:<\/p>\n<ul>\n<li>External service of cutting and folding sheet metal in different qualities and thicknesses.<\/li>\n<li>Of cut-to-measure profile. Profile angle profile in \u201cU\u201d profile omega profiles or several.<\/li>\n<li>We manufacture liners to measure.<\/li>\n<li>Design and manufacturing of sheet metal coatings for columns, walls, or areas that need to facilitate hygiene, improving aesthetics, or isolation.<\/li>\n<li>Folded sheet to custom designs of doors, roofs, etc...<\/li>\n<li>Hire the service of cutting profiles or sheet for your company...<\/li>\n<li>Manufacture of lids of chests.<\/li>\n<li>We work in steel, stainless, iron, and aluminum.<\/li>\n<li>We also manufacture with materials supplied by the customer.<\/li>\n<\/ul>\n<p><a href=\"https:\/\/icminox.es\/en\/es\/contacto\/\" target=\"_blank\" rel=\"noopener noreferrer\">\u00a1Cons\u00faltan<\/a><\/p>\n<\/div>\n<\/div>","protected":false},"excerpt":{"rendered":"<p>Detalles Forros, revestimientos y elementos o remates decorativos de acero inoxidable. En\u00a0ICMINOX\u00a0somos especialistas en adaptarnos a las necesidades de cada cliente, creando soluciones ante cualquier exigencia o petici\u00f3n, tanto a nivel funcional como decorativo. En \u00e9ste tipo de dise\u00f1os presentamos soluciones con revestimientos, forros, o apliques decorativos, aplicando el mismo tipo de dise\u00f1o de acero &hellip; <br \/><a href=\"https:\/\/icminox.es\/en\/product\/forro-embellecedor-superior\/\" class=\"more-link\">Continue reading <span class=\"screen-reader-text\">Lining bezel top<\/span><\/a><\/p>","protected":false},"featured_media":4969,"comment_status":"open","ping_status":"closed","template":"","meta":{"_acf_changed":false,"_monsterinsights_skip_tracking":false,"_monsterinsights_sitenote_active":false,"_monsterinsights_sitenote_note":"","_monsterinsights_sitenote_category":0},"product_cat":[274],"product_tag":[],"class_list":{"0":"post-4967","1":"product","2":"type-product","3":"status-publish","4":"has-post-thumbnail","6":"product_cat-k-otros-de-acero-inoxidable","8":"first","9":"instock","10":"shipping-taxable","11":"product-type-simple"},"acf":[],"aioseo_notices":[],"_links":{"self":[{"href":"https:\/\/icminox.es\/en\/wp-json\/wp\/v2\/product\/4967","targetHints":{"allow":["GET"]}}],"collection":[{"href":"https:\/\/icminox.es\/en\/wp-json\/wp\/v2\/product"}],"about":[{"href":"https:\/\/icminox.es\/en\/wp-json\/wp\/v2\/types\/product"}],"replies":[{"embeddable":true,"href":"https:\/\/icminox.es\/en\/wp-json\/wp\/v2\/comments?post=4967"}],"version-history":[{"count":1,"href":"https:\/\/icminox.es\/en\/wp-json\/wp\/v2\/product\/4967\/revisions"}],"predecessor-version":[{"id":4970,"href":"https:\/\/icminox.es\/en\/wp-json\/wp\/v2\/product\/4967\/revisions\/4970"}],"wp:featuredmedia":[{"embeddable":true,"href":"https:\/\/icminox.es\/en\/wp-json\/wp\/v2\/media\/4969"}],"wp:attachment":[{"href":"https:\/\/icminox.es\/en\/wp-json\/wp\/v2\/media?parent=4967"}],"wp:term":[{"taxonomy":"product_cat","embeddable":true,"href":"https:\/\/icminox.es\/en\/wp-json\/wp\/v2\/product_cat?post=4967"},{"taxonomy":"product_tag","embeddable":true,"href":"https:\/\/icminox.es\/en\/wp-json\/wp\/v2\/product_tag?post=4967"}],"curies":[{"name":"wp","href":"https:\/\/api.w.org\/{rel}","templated":true}]}}