{"id":5027,"date":"2024-03-19T20:42:30","date_gmt":"2024-03-19T19:42:30","guid":{"rendered":"https:\/\/icminox.es\/?post_type=product&#038;p=5027"},"modified":"2024-11-11T20:31:45","modified_gmt":"2024-11-11T19:31:45","slug":"barandilla-de-vidrio-y-acero-inoxidable-con-pinzas-sin-pasamanos","status":"publish","type":"product","link":"https:\/\/icminox.es\/en\/product\/barandilla-de-vidrio-y-acero-inoxidable-con-pinzas-sin-pasamanos\/","title":{"rendered":"Barandilla de\u00a0 vidrio y acero inoxidable con pinzas sin  pasamanos"},"content":{"rendered":"","protected":false},"excerpt":{"rendered":"<p>Descubre la pureza del dise\u00f1o en<br \/>\nnuestra barandilla de vidrio con pinzas a canto pulido, una opci\u00f3n<br \/>\nminimalista que realza la est\u00e9tica de tus espacios. Sin pasamanos para una<br \/>\napariencia a\u00fan m\u00e1s elegante, esta elecci\u00f3n combina funcionalidad y estilo de<br \/>\nmanera impecable.<\/p>\n<p>Caracter\u00edsticas Principales:<\/p>\n<p>Paneles de vidrio que<br \/>\nproporcionan transparencia y amplitud visual.<br \/>\nPinzas de acero inoxidable con<br \/>\ncanto pulido para uni\u00f3n segura y discreta.<br \/>\nDise\u00f1o sin pasamanos para una<br \/>\nest\u00e9tica limpia y minimalista.<br \/>\nVersatilidad para adaptarse a<br \/>\ndiferentes configuraciones arquitect\u00f3nicas.<\/p>\n<p>Beneficios Destacados:<\/p>\n<p>Est\u00e9tica moderna y minimalista<br \/>\nque se integra perfectamente.<br \/>\nDurabilidad y resistencia del<br \/>\nacero inoxidable.<br \/>\nMantenimiento sencillo y f\u00e1cil<br \/>\nlimpieza.<br \/>\nSoluci\u00f3n funcional sin sacrificar<br \/>\nla elegancia.<\/p>\n<p>Transforma tus espacios con la pureza del dise\u00f1o: nuestra barandilla de<br \/>\nvidrio y acero inoxidable con pinzas a canto pulido ofrece una est\u00e9tica<br \/>\nlimpia y contempor\u00e1nea, perfecta para quienes buscan la combinaci\u00f3n ideal<br \/>\nentre funcionalidad y estilo. \u00a1Descubre la elegancia en su forma m\u00e1s simple!<\/p>","protected":false},"featured_media":7673,"comment_status":"open","ping_status":"closed","template":"","meta":{"_acf_changed":false,"_monsterinsights_skip_tracking":false,"_monsterinsights_sitenote_active":false,"_monsterinsights_sitenote_note":"","_monsterinsights_sitenote_category":0},"product_cat":[111,113,186],"product_tag":[],"class_list":{"0":"post-5027","1":"product","2":"type-product","3":"status-publish","4":"has-post-thumbnail","6":"product_cat-a-barandillas","7":"product_cat-barandillas-de-acero-inoxidable-y-vidrio","8":"product_cat-interior","10":"first","11":"instock","12":"shipping-taxable","13":"product-type-simple"},"acf":[],"aioseo_notices":[],"_links":{"self":[{"href":"https:\/\/icminox.es\/en\/wp-json\/wp\/v2\/product\/5027","targetHints":{"allow":["GET"]}}],"collection":[{"href":"https:\/\/icminox.es\/en\/wp-json\/wp\/v2\/product"}],"about":[{"href":"https:\/\/icminox.es\/en\/wp-json\/wp\/v2\/types\/product"}],"replies":[{"embeddable":true,"href":"https:\/\/icminox.es\/en\/wp-json\/wp\/v2\/comments?post=5027"}],"version-history":[{"count":3,"href":"https:\/\/icminox.es\/en\/wp-json\/wp\/v2\/product\/5027\/revisions"}],"predecessor-version":[{"id":6953,"href":"https:\/\/icminox.es\/en\/wp-json\/wp\/v2\/product\/5027\/revisions\/6953"}],"wp:featuredmedia":[{"embeddable":true,"href":"https:\/\/icminox.es\/en\/wp-json\/wp\/v2\/media\/7673"}],"wp:attachment":[{"href":"https:\/\/icminox.es\/en\/wp-json\/wp\/v2\/media?parent=5027"}],"wp:term":[{"taxonomy":"product_cat","embeddable":true,"href":"https:\/\/icminox.es\/en\/wp-json\/wp\/v2\/product_cat?post=5027"},{"taxonomy":"product_tag","embeddable":true,"href":"https:\/\/icminox.es\/en\/wp-json\/wp\/v2\/product_tag?post=5027"}],"curies":[{"name":"wp","href":"https:\/\/api.w.org\/{rel}","templated":true}]}}