{"id":5028,"date":"2024-03-19T20:42:30","date_gmt":"2024-03-19T19:42:30","guid":{"rendered":"https:\/\/icminox.es\/?post_type=product&#038;p=5028"},"modified":"2024-11-11T19:11:07","modified_gmt":"2024-11-11T18:11:07","slug":"barandilla-de-vidrio-con-montantes-y-pasamanos-rectangular-de-acero-inoxidable","status":"publish","type":"product","link":"https:\/\/icminox.es\/en\/product\/barandilla-de-vidrio-con-montantes-y-pasamanos-rectangular-de-acero-inoxidable\/","title":{"rendered":"Barandilla de\u00a0 vidrio con montantes y pasamanos  rectangular de acero inoxidable."},"content":{"rendered":"","protected":false},"excerpt":{"rendered":"<p>Experimenta la elegancia y la<br \/>\nseguridad en un solo elemento con nuestra barandilla de vidrio. Los montantes<br \/>\nde acero inoxidable y el pasamanos rectangular se combinan para ofrecer un<br \/>\ndise\u00f1o contempor\u00e1neo y funcional. Descubre c\u00f3mo esta opci\u00f3n puede elevar la<br \/>\nest\u00e9tica y la protecci\u00f3n de tus espacios.<\/p>\n<p>Caracter\u00edsticas Principales:<\/p>\n<p>Paneles de vidrio que brindan una<br \/>\nsensaci\u00f3n de amplitud y luminosidad.<br \/>\nmontantes de acero inoxidable<br \/>\nrobustos para mayor durabilidad.<br \/>\nPasamanos rectangular que agrega<br \/>\nun toque moderno y ergon\u00f3mico.<br \/>\nDise\u00f1o vers\u00e1til adecuado para<br \/>\ndiversas configuraciones.<\/p>\n<p>Beneficios Destacados:<\/p>\n<p>Aspecto contempor\u00e1neo que realza<br \/>\nla est\u00e9tica del entorno.<br \/>\nResistencia a la corrosi\u00f3n para<br \/>\ndurabilidad a largo plazo.<br \/>\nMantenimiento sencillo para<br \/>\nconservar su atractivo.<br \/>\nCombinaci\u00f3n de seguridad y estilo<br \/>\nen un solo producto.<\/p>\n<p>Transforma tus espacios con nuestra barandilla de vidrio, donde los<br \/>\nmontantes y el pasamanos rectangular de acero inoxidable se unen para crear<br \/>\nuna soluci\u00f3n estilizada y funcional. \u00a1Aporta modernidad y seguridad a tus<br \/>\nentornos!<\/p>","protected":false},"featured_media":7663,"comment_status":"open","ping_status":"closed","template":"","meta":{"_acf_changed":false,"_monsterinsights_skip_tracking":false,"_monsterinsights_sitenote_active":false,"_monsterinsights_sitenote_note":"","_monsterinsights_sitenote_category":0},"product_cat":[111,113,186],"product_tag":[],"class_list":{"0":"post-5028","1":"product","2":"type-product","3":"status-publish","4":"has-post-thumbnail","6":"product_cat-a-barandillas","7":"product_cat-barandillas-de-acero-inoxidable-y-vidrio","8":"product_cat-interior","10":"first","11":"instock","12":"shipping-taxable","13":"product-type-simple"},"acf":[],"aioseo_notices":[],"_links":{"self":[{"href":"https:\/\/icminox.es\/en\/wp-json\/wp\/v2\/product\/5028","targetHints":{"allow":["GET"]}}],"collection":[{"href":"https:\/\/icminox.es\/en\/wp-json\/wp\/v2\/product"}],"about":[{"href":"https:\/\/icminox.es\/en\/wp-json\/wp\/v2\/types\/product"}],"replies":[{"embeddable":true,"href":"https:\/\/icminox.es\/en\/wp-json\/wp\/v2\/comments?post=5028"}],"version-history":[{"count":2,"href":"https:\/\/icminox.es\/en\/wp-json\/wp\/v2\/product\/5028\/revisions"}],"predecessor-version":[{"id":6951,"href":"https:\/\/icminox.es\/en\/wp-json\/wp\/v2\/product\/5028\/revisions\/6951"}],"wp:featuredmedia":[{"embeddable":true,"href":"https:\/\/icminox.es\/en\/wp-json\/wp\/v2\/media\/7663"}],"wp:attachment":[{"href":"https:\/\/icminox.es\/en\/wp-json\/wp\/v2\/media?parent=5028"}],"wp:term":[{"taxonomy":"product_cat","embeddable":true,"href":"https:\/\/icminox.es\/en\/wp-json\/wp\/v2\/product_cat?post=5028"},{"taxonomy":"product_tag","embeddable":true,"href":"https:\/\/icminox.es\/en\/wp-json\/wp\/v2\/product_tag?post=5028"}],"curies":[{"name":"wp","href":"https:\/\/api.w.org\/{rel}","templated":true}]}}