{"id":5039,"date":"2024-03-19T20:45:07","date_gmt":"2024-03-19T19:45:07","guid":{"rendered":"https:\/\/icminox.es\/?post_type=product&#038;p=5039"},"modified":"2024-11-11T20:43:14","modified_gmt":"2024-11-11T19:43:14","slug":"barandilla-de-acero-inoxidable-y-vidrio-con-pasamanos-para-exterior-2","status":"publish","type":"product","link":"https:\/\/icminox.es\/en\/product\/barandilla-de-acero-inoxidable-y-vidrio-con-pasamanos-para-exterior-2\/","title":{"rendered":"Barandilla  de Acero Inoxidable y Vidrio con Pasamanos para exterior."},"content":{"rendered":"","protected":false},"excerpt":{"rendered":"<p>Nuestra barandilla de vidrio con<br \/>\npasamanos integrado para rampa es la elecci\u00f3n perfecta para quienes buscan un<br \/>\ndise\u00f1o elegante y seguro para sus espacios exteriores. Con la combinaci\u00f3n<br \/>\narmoniosa de transparencia y funcionalidad, esta opci\u00f3n aporta estilo y<br \/>\nprotecci\u00f3n a tus \u00e1reas al aire libre.<\/p>\n<p>Caracter\u00edsticas Destacadas:<\/p>\n<p>Vidrio templado resistente que<br \/>\nproporciona una vista panor\u00e1mica sin obstrucciones.<br \/>\nPasamanos integrado en la<br \/>\nestructura para mayor comodidad y seguridad.<br \/>\nDise\u00f1o moderno que se adapta a la<br \/>\nperfecci\u00f3n a entornos exteriores.<br \/>\nConstrucci\u00f3n duradera y<br \/>\nresistente a las inclemencias del tiempo.<\/p>\n<p>Ventajas para Ti:<\/p>\n<p>Crea un espacio exterior elegante<br \/>\ny contempor\u00e1neo.<br \/>\nEl pasamanos integrado ofrece un<br \/>\nagarre c\u00f3modo y seguro.<br \/>\nMaterial de vidrio de alta<br \/>\ncalidad para una apariencia impecable.<br \/>\nResistencia a la corrosi\u00f3n y al<br \/>\ndeterioro por condiciones clim\u00e1ticas.<\/p>\n<p>Descubre c\u00f3mo puedes mejorar la est\u00e9tica y la seguridad de tus \u00e1reas<br \/>\nexteriores con nuestra barandilla de vidrio y pasamanos integrado. \u00a1Haz de<br \/>\ntus espacios al aire libre un lugar \u00fanico y acogedor!<\/p>","protected":false},"featured_media":7676,"comment_status":"open","ping_status":"closed","template":"","meta":{"_acf_changed":false,"_monsterinsights_skip_tracking":false,"_monsterinsights_sitenote_active":false,"_monsterinsights_sitenote_note":"","_monsterinsights_sitenote_category":0},"product_cat":[111,113,187],"product_tag":[],"class_list":{"0":"post-5039","1":"product","2":"type-product","3":"status-publish","4":"has-post-thumbnail","6":"product_cat-a-barandillas","7":"product_cat-barandillas-de-acero-inoxidable-y-vidrio","8":"product_cat-exterior","10":"first","11":"instock","12":"shipping-taxable","13":"product-type-simple"},"acf":[],"aioseo_notices":[],"_links":{"self":[{"href":"https:\/\/icminox.es\/en\/wp-json\/wp\/v2\/product\/5039","targetHints":{"allow":["GET"]}}],"collection":[{"href":"https:\/\/icminox.es\/en\/wp-json\/wp\/v2\/product"}],"about":[{"href":"https:\/\/icminox.es\/en\/wp-json\/wp\/v2\/types\/product"}],"replies":[{"embeddable":true,"href":"https:\/\/icminox.es\/en\/wp-json\/wp\/v2\/comments?post=5039"}],"version-history":[{"count":3,"href":"https:\/\/icminox.es\/en\/wp-json\/wp\/v2\/product\/5039\/revisions"}],"predecessor-version":[{"id":6943,"href":"https:\/\/icminox.es\/en\/wp-json\/wp\/v2\/product\/5039\/revisions\/6943"}],"wp:featuredmedia":[{"embeddable":true,"href":"https:\/\/icminox.es\/en\/wp-json\/wp\/v2\/media\/7676"}],"wp:attachment":[{"href":"https:\/\/icminox.es\/en\/wp-json\/wp\/v2\/media?parent=5039"}],"wp:term":[{"taxonomy":"product_cat","embeddable":true,"href":"https:\/\/icminox.es\/en\/wp-json\/wp\/v2\/product_cat?post=5039"},{"taxonomy":"product_tag","embeddable":true,"href":"https:\/\/icminox.es\/en\/wp-json\/wp\/v2\/product_tag?post=5039"}],"curies":[{"name":"wp","href":"https:\/\/api.w.org\/{rel}","templated":true}]}}