{"id":5040,"date":"2024-03-19T20:45:07","date_gmt":"2024-03-19T19:45:07","guid":{"rendered":"https:\/\/icminox.es\/?post_type=product&#038;p=5040"},"modified":"2024-11-11T17:47:59","modified_gmt":"2024-11-11T16:47:59","slug":"barandilla-de-vidrio-con-montantes-y-pasamanos-redondo-de-acero-inoxidable-4","status":"publish","type":"product","link":"https:\/\/icminox.es\/en\/product\/barandilla-de-vidrio-con-montantes-y-pasamanos-redondo-de-acero-inoxidable-4\/","title":{"rendered":"Barandilla de\u00a0 vidrio con montantes y pasamanos redondo de  acero inoxidable."},"content":{"rendered":"","protected":false},"excerpt":{"rendered":"<p>Sum\u00e9rgete en la elegancia<br \/>\natemporal con nuestra barandilla de vidrio que combina montantes s\u00f3lidos y un<br \/>\npasamanos redondo de acero inoxidable. Esta opci\u00f3n no solo ofrece seguridad,<br \/>\nsino que tambi\u00e9n agrega un toque distintivo a tus espacios, combinando la<br \/>\ntransparencia del vidrio con la solidez del acero inoxidable.<\/p>\n<p>Caracter\u00edsticas Principales:<\/p>\n<p>montantes de acero inoxidable que<br \/>\nbrindan soporte y resistencia.<br \/>\nPasamanos redondo que agrega un<br \/>\nelemento est\u00e9tico y funcional.<br \/>\nPaneles de vidrio para mantener<br \/>\nla sensaci\u00f3n de amplitud y luminosidad.<br \/>\nDise\u00f1o vers\u00e1til adecuado para<br \/>\ndiferentes estilos arquitect\u00f3nicos.<\/p>\n<p>Beneficios Destacados:<\/p>\n<p>Combinaci\u00f3n de fuerza y elegancia<br \/>\ncon el pasamanos redondo.<br \/>\nTransparencia del vidrio para una<br \/>\nmayor apertura visual.<br \/>\nResistencia a la corrosi\u00f3n y<br \/>\ndurabilidad del acero inoxidable.<br \/>\nEstilo atemporal que se adapta a<br \/>\ndiversos entornos.<\/p>\n<p>Eleva la est\u00e9tica de tus espacios con nuestra barandilla de vidrio, donde<br \/>\nla solidez del acero inoxidable se encuentra con la elegancia del pasamanos<br \/>\nredondo. \u00a1Descubre c\u00f3mo esta opci\u00f3n puede transformar tus \u00e1reas con un toque<br \/>\ndistintivo y seguro!<\/p>","protected":false},"featured_media":7583,"comment_status":"open","ping_status":"closed","template":"","meta":{"_acf_changed":false,"_monsterinsights_skip_tracking":false,"_monsterinsights_sitenote_active":false,"_monsterinsights_sitenote_note":"","_monsterinsights_sitenote_category":0},"product_cat":[111,113,187],"product_tag":[],"class_list":{"0":"post-5040","1":"product","2":"type-product","3":"status-publish","4":"has-post-thumbnail","6":"product_cat-a-barandillas","7":"product_cat-barandillas-de-acero-inoxidable-y-vidrio","8":"product_cat-exterior","10":"first","11":"instock","12":"shipping-taxable","13":"product-type-simple"},"acf":[],"aioseo_notices":[],"_links":{"self":[{"href":"https:\/\/icminox.es\/en\/wp-json\/wp\/v2\/product\/5040","targetHints":{"allow":["GET"]}}],"collection":[{"href":"https:\/\/icminox.es\/en\/wp-json\/wp\/v2\/product"}],"about":[{"href":"https:\/\/icminox.es\/en\/wp-json\/wp\/v2\/types\/product"}],"replies":[{"embeddable":true,"href":"https:\/\/icminox.es\/en\/wp-json\/wp\/v2\/comments?post=5040"}],"version-history":[{"count":2,"href":"https:\/\/icminox.es\/en\/wp-json\/wp\/v2\/product\/5040\/revisions"}],"predecessor-version":[{"id":6955,"href":"https:\/\/icminox.es\/en\/wp-json\/wp\/v2\/product\/5040\/revisions\/6955"}],"wp:featuredmedia":[{"embeddable":true,"href":"https:\/\/icminox.es\/en\/wp-json\/wp\/v2\/media\/7583"}],"wp:attachment":[{"href":"https:\/\/icminox.es\/en\/wp-json\/wp\/v2\/media?parent=5040"}],"wp:term":[{"taxonomy":"product_cat","embeddable":true,"href":"https:\/\/icminox.es\/en\/wp-json\/wp\/v2\/product_cat?post=5040"},{"taxonomy":"product_tag","embeddable":true,"href":"https:\/\/icminox.es\/en\/wp-json\/wp\/v2\/product_tag?post=5040"}],"curies":[{"name":"wp","href":"https:\/\/api.w.org\/{rel}","templated":true}]}}