{"id":7490,"date":"2024-09-15T15:57:41","date_gmt":"2024-09-15T13:57:41","guid":{"rendered":"https:\/\/icminox.es\/?post_type=product&#038;p=7490"},"modified":"2026-02-03T14:13:27","modified_gmt":"2026-02-03T13:13:27","slug":"ventana-guillotina-motorizada-en-acero-inoxidable","status":"publish","type":"product","link":"https:\/\/icminox.es\/en\/product\/ventana-guillotina-motorizada-en-acero-inoxidable\/","title":{"rendered":"Ventana Guillotina Motorizada en Acero Inoxidable"},"content":{"rendered":"<p>La ventana guillotina motorizada modelo <strong>VG24<\/strong>, es la soluci\u00f3n perfecta para quienes buscan funcionalidad, dise\u00f1o y durabilidad.<\/p>\n<p><strong>Fabricada completamente en acero inoxidable<\/strong>, este modelo ha sido <strong>patentado, homologado y ensayado<\/strong>, garantizando su eficiencia y un rendimiento superior.<\/p>\n<h4><strong>Ideal para:<\/strong><\/h4>\n<ul>\n<li><strong>Hospitales<\/strong>, para la separaci\u00f3n de salas, quir\u00f3fanos y radiolog\u00eda, con propiedades especiales como el uso de cristales emplomados para impedir radiaciones.<\/li>\n<li><strong>Hosteler\u00eda y comercio<\/strong>: una soluci\u00f3n moderna y elegante que maximiza el espacio disponible.<\/li>\n<li><strong>Viviendas particulares<\/strong>, donde se busca un dise\u00f1o contempor\u00e1neo y funcional para separar \u00e1reas interiores o exteriores.<\/li>\n<\/ul>\n<h4><strong>Caracter\u00edsticas T\u00e9cnicas:<\/strong><\/h4>\n<ul>\n<li><strong>Material<\/strong>: Acero inoxidable de alta calidad, resistente a la corrosi\u00f3n.<\/li>\n<li><strong>Motorizaci\u00f3n<\/strong>: Sistema motorizado con <strong>detecci\u00f3n de obst\u00e1culos<\/strong> para mayor seguridad.<\/li>\n<li><strong>Certificaciones<\/strong>: Ensayada y homologada con <strong>marcado CE<\/strong>.<\/li>\n<li><strong>Apertura Vertical<\/strong>: Sistema deslizante vertical que ahorra espacio.<\/li>\n<li><strong>Cristales disponibles<\/strong>: Doble vidrio CLIMALIT, cristal laminado de seguridad o cristal emplomado para zonas que requieran protecci\u00f3n contra radiaciones.<\/li>\n<li><strong>Aislamiento<\/strong>: Perfecto aislamiento t\u00e9rmico y ac\u00fastico gracias a su dise\u00f1o herm\u00e9tico.<\/li>\n<\/ul>\n<h4><strong>Aplicaciones:<\/strong><\/h4>\n<ul>\n<li>Hospitales y cl\u00ednicas (quirofanos, salas de radiolog\u00eda).<\/li>\n<li>Hosteler\u00eda (separaci\u00f3n de ambientes en cocinas y comedores).<\/li>\n<li>Viviendas (espacios modernos y eficientes).<\/li>\n<\/ul>\n<h4><strong>Medidas y opciones<\/strong>:<\/h4>\n<ul>\n<li>Dimensiones personalizables con ancho m\u00e1ximo de hasta 1800 mm.<\/li>\n<li>Posibilidad de vidrio+vidrio, contrachapado+contrachapado, o una combinaci\u00f3n de ambos.<\/li>\n<\/ul>\n<p>Esta ventana motorizada ha sido dise\u00f1ada para cumplir con los m\u00e1s altos est\u00e1ndares de calidad y durabilidad.<\/p>\n<p>Su acabado en acero inoxidable asegura no solo una est\u00e9tica moderna, sino tambi\u00e9n una larga vida \u00fatil y f\u00e1cil mantenimiento.<\/p>\n<p><strong>Descubra una nueva forma de optimizar su espacio con nuestra ventana guillotina motorizada VG24<\/strong>.<\/p>\n<p>&nbsp;<\/p>\n<p>&nbsp;<\/p>\n<p><img loading=\"lazy\" decoding=\"async\" class=\"alignnone wp-image-7491 size-medium\" title=\"Ventana guillotina motorizada en acero inoxidable VG24, ideal para hospitales, hosteler\u00eda y viviendas. Ahorro de espacio, resistente y con certificaci\u00f3n CE. Perfecto aislamiento t\u00e9rmico y ac\u00fastico\" src=\"https:\/\/icminox.es\/wp-content\/uploads\/2024\/09\/3-tipos-de-Ventana-guillotina-automatizada-ICMINOX-169x300.jpeg\" alt=\"Ventana guillotina motorizada en acero inoxidable VG24, ideal para hospitales, hosteler\u00eda y viviendas. Ahorro de espacio, resistente y con certificaci\u00f3n CE. Perfecto aislamiento t\u00e9rmico y ac\u00fastico\" width=\"169\" height=\"300\" srcset=\"https:\/\/icminox.es\/wp-content\/uploads\/2024\/09\/3-tipos-de-Ventana-guillotina-automatizada-ICMINOX-169x300.jpeg 169w, https:\/\/icminox.es\/wp-content\/uploads\/2024\/09\/3-tipos-de-Ventana-guillotina-automatizada-ICMINOX-600x1067.jpeg 600w, https:\/\/icminox.es\/wp-content\/uploads\/2024\/09\/3-tipos-de-Ventana-guillotina-automatizada-ICMINOX-576x1024.jpeg 576w, https:\/\/icminox.es\/wp-content\/uploads\/2024\/09\/3-tipos-de-Ventana-guillotina-automatizada-ICMINOX-768x1365.jpeg 768w, https:\/\/icminox.es\/wp-content\/uploads\/2024\/09\/3-tipos-de-Ventana-guillotina-automatizada-ICMINOX-864x1536.jpeg 864w, https:\/\/icminox.es\/wp-content\/uploads\/2024\/09\/3-tipos-de-Ventana-guillotina-automatizada-ICMINOX-7x12.jpeg 7w, https:\/\/icminox.es\/wp-content\/uploads\/2024\/09\/3-tipos-de-Ventana-guillotina-automatizada-ICMINOX-460x818.jpeg 460w, https:\/\/icminox.es\/wp-content\/uploads\/2024\/09\/3-tipos-de-Ventana-guillotina-automatizada-ICMINOX.jpeg 900w\" sizes=\"auto, (max-width: 169px) 100vw, 169px\" \/> <img loading=\"lazy\" decoding=\"async\" class=\"alignnone size-medium wp-image-7492\" src=\"https:\/\/icminox.es\/wp-content\/uploads\/2024\/09\/3-tipos-de-Ventana-guillotina-motorizada-ICMINOX-169x300.jpeg\" alt=\"\" width=\"169\" height=\"300\" \/> <img loading=\"lazy\" decoding=\"async\" class=\"alignnone size-medium wp-image-7493\" src=\"https:\/\/icminox.es\/wp-content\/uploads\/2024\/09\/Activador-de-Ventana-guillotina-motorizada-ICMINOX-169x300.jpeg\" alt=\"\" width=\"169\" height=\"300\" srcset=\"https:\/\/icminox.es\/wp-content\/uploads\/2024\/09\/Activador-de-Ventana-guillotina-motorizada-ICMINOX-169x300.jpeg 169w, https:\/\/icminox.es\/wp-content\/uploads\/2024\/09\/Activador-de-Ventana-guillotina-motorizada-ICMINOX-600x1067.jpeg 600w, https:\/\/icminox.es\/wp-content\/uploads\/2024\/09\/Activador-de-Ventana-guillotina-motorizada-ICMINOX-576x1024.jpeg 576w, https:\/\/icminox.es\/wp-content\/uploads\/2024\/09\/Activador-de-Ventana-guillotina-motorizada-ICMINOX-768x1365.jpeg 768w, https:\/\/icminox.es\/wp-content\/uploads\/2024\/09\/Activador-de-Ventana-guillotina-motorizada-ICMINOX-864x1536.jpeg 864w, https:\/\/icminox.es\/wp-content\/uploads\/2024\/09\/Activador-de-Ventana-guillotina-motorizada-ICMINOX-7x12.jpeg 7w, https:\/\/icminox.es\/wp-content\/uploads\/2024\/09\/Activador-de-Ventana-guillotina-motorizada-ICMINOX-460x818.jpeg 460w, https:\/\/icminox.es\/wp-content\/uploads\/2024\/09\/Activador-de-Ventana-guillotina-motorizada-ICMINOX.jpeg 900w\" sizes=\"auto, (max-width: 169px) 100vw, 169px\" \/> <img loading=\"lazy\" decoding=\"async\" class=\"alignnone size-medium wp-image-7495\" src=\"https:\/\/icminox.es\/wp-content\/uploads\/2024\/09\/Boton-automatico-de-Ventana-guillotina-motorizada-ICMINOX-169x300.jpeg\" alt=\"\" width=\"169\" height=\"300\" srcset=\"https:\/\/icminox.es\/wp-content\/uploads\/2024\/09\/Boton-automatico-de-Ventana-guillotina-motorizada-ICMINOX-169x300.jpeg 169w, https:\/\/icminox.es\/wp-content\/uploads\/2024\/09\/Boton-automatico-de-Ventana-guillotina-motorizada-ICMINOX-600x1067.jpeg 600w, https:\/\/icminox.es\/wp-content\/uploads\/2024\/09\/Boton-automatico-de-Ventana-guillotina-motorizada-ICMINOX-576x1024.jpeg 576w, https:\/\/icminox.es\/wp-content\/uploads\/2024\/09\/Boton-automatico-de-Ventana-guillotina-motorizada-ICMINOX-768x1365.jpeg 768w, https:\/\/icminox.es\/wp-content\/uploads\/2024\/09\/Boton-automatico-de-Ventana-guillotina-motorizada-ICMINOX-864x1536.jpeg 864w, https:\/\/icminox.es\/wp-content\/uploads\/2024\/09\/Boton-automatico-de-Ventana-guillotina-motorizada-ICMINOX-7x12.jpeg 7w, https:\/\/icminox.es\/wp-content\/uploads\/2024\/09\/Boton-automatico-de-Ventana-guillotina-motorizada-ICMINOX-460x818.jpeg 460w, https:\/\/icminox.es\/wp-content\/uploads\/2024\/09\/Boton-automatico-de-Ventana-guillotina-motorizada-ICMINOX.jpeg 900w\" sizes=\"auto, (max-width: 169px) 100vw, 169px\" \/><\/p>\n<div style=\"width: 478px;\" class=\"wp-video\"><video class=\"wp-video-shortcode\" id=\"video-7490-1\" width=\"478\" height=\"850\" preload=\"metadata\" controls=\"controls\"><source type=\"video\/mp4\" src=\"https:\/\/icminox.es\/wp-content\/uploads\/2024\/09\/Presentacion-Ventana-guillotina-motorizada-ICMINOX.mp4?_=1\" \/><a href=\"https:\/\/icminox.es\/wp-content\/uploads\/2024\/09\/Presentacion-Ventana-guillotina-motorizada-ICMINOX.mp4\">https:\/\/icminox.es\/wp-content\/uploads\/2024\/09\/Presentacion-Ventana-guillotina-motorizada-ICMINOX.mp4<\/a><\/video><\/div>\n<p><img loading=\"lazy\" decoding=\"async\" class=\"size-medium wp-image-7497 alignleft\" src=\"https:\/\/icminox.es\/wp-content\/uploads\/2024\/09\/Ventana-guillotina-automatizada-ICMINOX-169x300.jpeg\" alt=\"\" width=\"169\" height=\"300\" srcset=\"https:\/\/icminox.es\/wp-content\/uploads\/2024\/09\/Ventana-guillotina-automatizada-ICMINOX-169x300.jpeg 169w, https:\/\/icminox.es\/wp-content\/uploads\/2024\/09\/Ventana-guillotina-automatizada-ICMINOX-600x1067.jpeg 600w, https:\/\/icminox.es\/wp-content\/uploads\/2024\/09\/Ventana-guillotina-automatizada-ICMINOX-576x1024.jpeg 576w, https:\/\/icminox.es\/wp-content\/uploads\/2024\/09\/Ventana-guillotina-automatizada-ICMINOX-768x1365.jpeg 768w, https:\/\/icminox.es\/wp-content\/uploads\/2024\/09\/Ventana-guillotina-automatizada-ICMINOX-864x1536.jpeg 864w, https:\/\/icminox.es\/wp-content\/uploads\/2024\/09\/Ventana-guillotina-automatizada-ICMINOX-7x12.jpeg 7w, https:\/\/icminox.es\/wp-content\/uploads\/2024\/09\/Ventana-guillotina-automatizada-ICMINOX-460x818.jpeg 460w, https:\/\/icminox.es\/wp-content\/uploads\/2024\/09\/Ventana-guillotina-automatizada-ICMINOX.jpeg 900w\" sizes=\"auto, (max-width: 169px) 100vw, 169px\" \/><\/p>\n<figure id=\"attachment_7501\" aria-describedby=\"caption-attachment-7501\" style=\"width: 169px\" class=\"wp-caption alignleft\"><img loading=\"lazy\" decoding=\"async\" class=\"Ventana Guillotina Motorizada wp-image-7501 size-medium\" title=\"Ventana Guillotina Motorizada\" src=\"https:\/\/icminox.es\/wp-content\/uploads\/2024\/09\/Ventana-guillotina-motorizada-ICMINOX-169x300.jpeg\" alt=\"Ventana Guillotina Motorizada\" width=\"169\" height=\"300\" srcset=\"https:\/\/icminox.es\/wp-content\/uploads\/2024\/09\/Ventana-guillotina-motorizada-ICMINOX-169x300.jpeg 169w, https:\/\/icminox.es\/wp-content\/uploads\/2024\/09\/Ventana-guillotina-motorizada-ICMINOX-600x1067.jpeg 600w, https:\/\/icminox.es\/wp-content\/uploads\/2024\/09\/Ventana-guillotina-motorizada-ICMINOX-576x1024.jpeg 576w, https:\/\/icminox.es\/wp-content\/uploads\/2024\/09\/Ventana-guillotina-motorizada-ICMINOX-768x1365.jpeg 768w, https:\/\/icminox.es\/wp-content\/uploads\/2024\/09\/Ventana-guillotina-motorizada-ICMINOX-864x1536.jpeg 864w, https:\/\/icminox.es\/wp-content\/uploads\/2024\/09\/Ventana-guillotina-motorizada-ICMINOX-7x12.jpeg 7w, https:\/\/icminox.es\/wp-content\/uploads\/2024\/09\/Ventana-guillotina-motorizada-ICMINOX-460x818.jpeg 460w, https:\/\/icminox.es\/wp-content\/uploads\/2024\/09\/Ventana-guillotina-motorizada-ICMINOX.jpeg 900w\" sizes=\"auto, (max-width: 169px) 100vw, 169px\" \/><figcaption id=\"caption-attachment-7501\" class=\"wp-caption-text\">Ventana Guillotina Motorizada<\/figcaption><\/figure>\n<p><img loading=\"lazy\" decoding=\"async\" class=\"size-medium wp-image-7499 alignleft\" src=\"https:\/\/icminox.es\/wp-content\/uploads\/2024\/09\/Ventana-guillotina-motorizada-de-acero-inoxidable-ICMINOX-169x300.jpeg\" alt=\"\" width=\"169\" height=\"300\" srcset=\"https:\/\/icminox.es\/wp-content\/uploads\/2024\/09\/Ventana-guillotina-motorizada-de-acero-inoxidable-ICMINOX-169x300.jpeg 169w, https:\/\/icminox.es\/wp-content\/uploads\/2024\/09\/Ventana-guillotina-motorizada-de-acero-inoxidable-ICMINOX-600x1067.jpeg 600w, https:\/\/icminox.es\/wp-content\/uploads\/2024\/09\/Ventana-guillotina-motorizada-de-acero-inoxidable-ICMINOX-576x1024.jpeg 576w, https:\/\/icminox.es\/wp-content\/uploads\/2024\/09\/Ventana-guillotina-motorizada-de-acero-inoxidable-ICMINOX-768x1365.jpeg 768w, https:\/\/icminox.es\/wp-content\/uploads\/2024\/09\/Ventana-guillotina-motorizada-de-acero-inoxidable-ICMINOX-864x1536.jpeg 864w, https:\/\/icminox.es\/wp-content\/uploads\/2024\/09\/Ventana-guillotina-motorizada-de-acero-inoxidable-ICMINOX-7x12.jpeg 7w, https:\/\/icminox.es\/wp-content\/uploads\/2024\/09\/Ventana-guillotina-motorizada-de-acero-inoxidable-ICMINOX-460x818.jpeg 460w, https:\/\/icminox.es\/wp-content\/uploads\/2024\/09\/Ventana-guillotina-motorizada-de-acero-inoxidable-ICMINOX.jpeg 900w\" sizes=\"auto, (max-width: 169px) 100vw, 169px\" \/> <img loading=\"lazy\" decoding=\"async\" class=\"size-medium wp-image-7502 alignleft\" src=\"https:\/\/icminox.es\/wp-content\/uploads\/2024\/09\/Ventana-guillotina-motorizada-vidrio-vidrio-ICMINOX-169x300.jpeg\" alt=\"\" width=\"169\" height=\"300\" srcset=\"https:\/\/icminox.es\/wp-content\/uploads\/2024\/09\/Ventana-guillotina-motorizada-vidrio-vidrio-ICMINOX-169x300.jpeg 169w, https:\/\/icminox.es\/wp-content\/uploads\/2024\/09\/Ventana-guillotina-motorizada-vidrio-vidrio-ICMINOX-600x1067.jpeg 600w, https:\/\/icminox.es\/wp-content\/uploads\/2024\/09\/Ventana-guillotina-motorizada-vidrio-vidrio-ICMINOX-576x1024.jpeg 576w, https:\/\/icminox.es\/wp-content\/uploads\/2024\/09\/Ventana-guillotina-motorizada-vidrio-vidrio-ICMINOX-768x1365.jpeg 768w, https:\/\/icminox.es\/wp-content\/uploads\/2024\/09\/Ventana-guillotina-motorizada-vidrio-vidrio-ICMINOX-864x1536.jpeg 864w, https:\/\/icminox.es\/wp-content\/uploads\/2024\/09\/Ventana-guillotina-motorizada-vidrio-vidrio-ICMINOX-7x12.jpeg 7w, https:\/\/icminox.es\/wp-content\/uploads\/2024\/09\/Ventana-guillotina-motorizada-vidrio-vidrio-ICMINOX-460x818.jpeg 460w, https:\/\/icminox.es\/wp-content\/uploads\/2024\/09\/Ventana-guillotina-motorizada-vidrio-vidrio-ICMINOX.jpeg 900w\" sizes=\"auto, (max-width: 169px) 100vw, 169px\" \/><\/p>\n<figure id=\"attachment_7498\" aria-describedby=\"caption-attachment-7498\" style=\"width: 169px\" class=\"wp-caption alignleft\"><img loading=\"lazy\" decoding=\"async\" class=\"wp-image-7498 size-medium\" title=\"Ventana Guillotina Motorizada modelo Contrachapado + Contrachapado\" src=\"https:\/\/icminox.es\/wp-content\/uploads\/2024\/09\/Ventana-guillotina-motorizada-contrachapadocontrachapado-ICMINOX-169x300.jpeg\" alt=\"\" width=\"169\" height=\"300\" srcset=\"https:\/\/icminox.es\/wp-content\/uploads\/2024\/09\/Ventana-guillotina-motorizada-contrachapadocontrachapado-ICMINOX-169x300.jpeg 169w, https:\/\/icminox.es\/wp-content\/uploads\/2024\/09\/Ventana-guillotina-motorizada-contrachapadocontrachapado-ICMINOX-600x1067.jpeg 600w, https:\/\/icminox.es\/wp-content\/uploads\/2024\/09\/Ventana-guillotina-motorizada-contrachapadocontrachapado-ICMINOX-576x1024.jpeg 576w, https:\/\/icminox.es\/wp-content\/uploads\/2024\/09\/Ventana-guillotina-motorizada-contrachapadocontrachapado-ICMINOX-768x1365.jpeg 768w, https:\/\/icminox.es\/wp-content\/uploads\/2024\/09\/Ventana-guillotina-motorizada-contrachapadocontrachapado-ICMINOX-864x1536.jpeg 864w, https:\/\/icminox.es\/wp-content\/uploads\/2024\/09\/Ventana-guillotina-motorizada-contrachapadocontrachapado-ICMINOX-7x12.jpeg 7w, https:\/\/icminox.es\/wp-content\/uploads\/2024\/09\/Ventana-guillotina-motorizada-contrachapadocontrachapado-ICMINOX-460x818.jpeg 460w, https:\/\/icminox.es\/wp-content\/uploads\/2024\/09\/Ventana-guillotina-motorizada-contrachapadocontrachapado-ICMINOX.jpeg 900w\" sizes=\"auto, (max-width: 169px) 100vw, 169px\" \/><figcaption id=\"caption-attachment-7498\" class=\"wp-caption-text\">Modelo de Ventana Guillotina Motorizada Contrachapado + Contrachapado<br \/>Perfecto para privacidad y resistencia, este modelo robusto est\u00e1 dise\u00f1ado para espacios que requieren durabilidad y una est\u00e9tica s\u00f3lida.<\/figcaption><\/figure>\n<figure id=\"attachment_7503\" aria-describedby=\"caption-attachment-7503\" style=\"width: 169px\" class=\"wp-caption alignleft\"><img loading=\"lazy\" decoding=\"async\" class=\"wp-image-7503 size-medium\" title=\"Modelo de Ventana Guillotina Motorizada Contrachapado + Vidrio\" src=\"https:\/\/icminox.es\/wp-content\/uploads\/2024\/09\/Ventana-guillotina-motorizada-vidriocontrachapado-ICMINOX-169x300.jpeg\" alt=\"\" width=\"169\" height=\"300\" srcset=\"https:\/\/icminox.es\/wp-content\/uploads\/2024\/09\/Ventana-guillotina-motorizada-vidriocontrachapado-ICMINOX-169x300.jpeg 169w, https:\/\/icminox.es\/wp-content\/uploads\/2024\/09\/Ventana-guillotina-motorizada-vidriocontrachapado-ICMINOX-600x1067.jpeg 600w, https:\/\/icminox.es\/wp-content\/uploads\/2024\/09\/Ventana-guillotina-motorizada-vidriocontrachapado-ICMINOX-576x1024.jpeg 576w, https:\/\/icminox.es\/wp-content\/uploads\/2024\/09\/Ventana-guillotina-motorizada-vidriocontrachapado-ICMINOX-768x1365.jpeg 768w, https:\/\/icminox.es\/wp-content\/uploads\/2024\/09\/Ventana-guillotina-motorizada-vidriocontrachapado-ICMINOX-864x1536.jpeg 864w, https:\/\/icminox.es\/wp-content\/uploads\/2024\/09\/Ventana-guillotina-motorizada-vidriocontrachapado-ICMINOX-7x12.jpeg 7w, https:\/\/icminox.es\/wp-content\/uploads\/2024\/09\/Ventana-guillotina-motorizada-vidriocontrachapado-ICMINOX-460x818.jpeg 460w, https:\/\/icminox.es\/wp-content\/uploads\/2024\/09\/Ventana-guillotina-motorizada-vidriocontrachapado-ICMINOX.jpeg 900w\" sizes=\"auto, (max-width: 169px) 100vw, 169px\" \/><figcaption id=\"caption-attachment-7503\" class=\"wp-caption-text\">Modelo de Ventana Guillotina Motorizada Mixta (Vidrio + Contrachapado)<br \/>Una opci\u00f3n vers\u00e1til que combina la luminosidad del vidrio con la robustez del contrachapado, ideal para espacios que requieren un equilibrio entre dise\u00f1o y funcionalidad.<\/figcaption><\/figure>\n<figure id=\"attachment_7504\" aria-describedby=\"caption-attachment-7504\" style=\"width: 169px\" class=\"wp-caption alignnone\"><img loading=\"lazy\" decoding=\"async\" class=\"wp-image-7504 size-medium\" title=\"Modelo de Ventana Guillotina Motorizada Vidrio + vidrio\" src=\"https:\/\/icminox.es\/wp-content\/uploads\/2024\/09\/Ventana-guillotina-motorizada-vidriovidrio-ICMINOX-169x300.jpeg\" alt=\"\" width=\"169\" height=\"300\" srcset=\"https:\/\/icminox.es\/wp-content\/uploads\/2024\/09\/Ventana-guillotina-motorizada-vidriovidrio-ICMINOX-169x300.jpeg 169w, https:\/\/icminox.es\/wp-content\/uploads\/2024\/09\/Ventana-guillotina-motorizada-vidriovidrio-ICMINOX-600x1067.jpeg 600w, https:\/\/icminox.es\/wp-content\/uploads\/2024\/09\/Ventana-guillotina-motorizada-vidriovidrio-ICMINOX-576x1024.jpeg 576w, https:\/\/icminox.es\/wp-content\/uploads\/2024\/09\/Ventana-guillotina-motorizada-vidriovidrio-ICMINOX-768x1365.jpeg 768w, https:\/\/icminox.es\/wp-content\/uploads\/2024\/09\/Ventana-guillotina-motorizada-vidriovidrio-ICMINOX-864x1536.jpeg 864w, https:\/\/icminox.es\/wp-content\/uploads\/2024\/09\/Ventana-guillotina-motorizada-vidriovidrio-ICMINOX-7x12.jpeg 7w, https:\/\/icminox.es\/wp-content\/uploads\/2024\/09\/Ventana-guillotina-motorizada-vidriovidrio-ICMINOX-460x818.jpeg 460w, https:\/\/icminox.es\/wp-content\/uploads\/2024\/09\/Ventana-guillotina-motorizada-vidriovidrio-ICMINOX.jpeg 900w\" sizes=\"auto, (max-width: 169px) 100vw, 169px\" \/><figcaption id=\"caption-attachment-7504\" class=\"wp-caption-text\">Ventana guillotina motorizada Modelo Vidrio + Vidrio &#8211; ICMINOX<\/figcaption><\/figure>","protected":false},"excerpt":{"rendered":"<p><strong>Ventana guillotina motorizada en acero inoxidable VG24<\/strong>, ideal para hospitales, hosteler\u00eda y viviendas. Ahorro de espacio, resistente y con certificaci\u00f3n CE. Perfecto aislamiento t\u00e9rmico y ac\u00fastico<\/p>","protected":false},"featured_media":7492,"comment_status":"open","ping_status":"closed","template":"","meta":{"_acf_changed":false,"_monsterinsights_skip_tracking":false,"_monsterinsights_sitenote_active":false,"_monsterinsights_sitenote_note":"","_monsterinsights_sitenote_category":0},"product_cat":[286],"product_tag":[],"class_list":{"0":"post-7490","1":"product","2":"type-product","3":"status-publish","4":"has-post-thumbnail","6":"product_cat-n-ventana-guillotina-motorizada","8":"first","9":"instock","10":"shipping-taxable","11":"product-type-simple"},"acf":[],"aioseo_notices":[],"_links":{"self":[{"href":"https:\/\/icminox.es\/en\/wp-json\/wp\/v2\/product\/7490","targetHints":{"allow":["GET"]}}],"collection":[{"href":"https:\/\/icminox.es\/en\/wp-json\/wp\/v2\/product"}],"about":[{"href":"https:\/\/icminox.es\/en\/wp-json\/wp\/v2\/types\/product"}],"replies":[{"embeddable":true,"href":"https:\/\/icminox.es\/en\/wp-json\/wp\/v2\/comments?post=7490"}],"version-history":[{"count":6,"href":"https:\/\/icminox.es\/en\/wp-json\/wp\/v2\/product\/7490\/revisions"}],"predecessor-version":[{"id":8672,"href":"https:\/\/icminox.es\/en\/wp-json\/wp\/v2\/product\/7490\/revisions\/8672"}],"wp:featuredmedia":[{"embeddable":true,"href":"https:\/\/icminox.es\/en\/wp-json\/wp\/v2\/media\/7492"}],"wp:attachment":[{"href":"https:\/\/icminox.es\/en\/wp-json\/wp\/v2\/media?parent=7490"}],"wp:term":[{"taxonomy":"product_cat","embeddable":true,"href":"https:\/\/icminox.es\/en\/wp-json\/wp\/v2\/product_cat?post=7490"},{"taxonomy":"product_tag","embeddable":true,"href":"https:\/\/icminox.es\/en\/wp-json\/wp\/v2\/product_tag?post=7490"}],"curies":[{"name":"wp","href":"https:\/\/api.w.org\/{rel}","templated":true}]}}