{"id":8749,"date":"2025-03-07T22:42:20","date_gmt":"2025-03-07T21:42:20","guid":{"rendered":"https:\/\/icminox.es\/?post_type=product&#038;p=8749"},"modified":"2025-03-07T22:42:20","modified_gmt":"2025-03-07T21:42:20","slug":"barandilla-de-acero-inoxidable-y-vidrio-para-escaleras-modernas","status":"publish","type":"product","link":"https:\/\/icminox.es\/en\/product\/barandilla-de-acero-inoxidable-y-vidrio-para-escaleras-modernas\/","title":{"rendered":"Barandilla de acero inoxidable y vidrio para escaleras modernas"},"content":{"rendered":"<p data-start=\"627\" data-end=\"917\">Si buscas una <strong data-start=\"641\" data-end=\"693\">barandilla de acero inoxidable y vidrio templado<\/strong> para tu escalera, has llegado al lugar indicado. En <strong><a href=\"https:\/\/icminox.es\/en\/\">Icminox<\/a>,<\/strong> somos especialistas en la fabricaci\u00f3n e instalaci\u00f3n de estructuras de acero inoxidable en Sevilla, garantizando calidad, seguridad y un dise\u00f1o sofisticado.<\/p>\n<p data-start=\"919\" data-end=\"1089\">\ud83d\udd39 <strong data-start=\"922\" data-end=\"955\">Dise\u00f1o elegante y minimalista<\/strong>: Las l\u00edneas rectas y el acabado en acero inoxidable combinan perfectamente con espacios modernos, aportando luminosidad y amplitud.<\/p>\n<p data-start=\"1091\" data-end=\"1277\">\ud83d\udd39 <strong data-start=\"1094\" data-end=\"1124\">Materiales de alta calidad<\/strong>: Utilizamos <strong data-start=\"1137\" data-end=\"1156\">vidrio templado<\/strong> de alta resistencia y acero inoxidable 304 o 316, garantizando <strong data-start=\"1220\" data-end=\"1247\">seguridad y durabilidad<\/strong> en interiores y exteriores.<\/p>\n<p data-start=\"1279\" data-end=\"1473\">\ud83d\udd39 <strong data-start=\"1282\" data-end=\"1313\">Estructura robusta y segura<\/strong>: La barandilla cuenta con <strong data-start=\"1340\" data-end=\"1375\">patas y pasamanos rectangulares<\/strong> en acero inoxidable, lo que le otorga estabilidad y resistencia sin perder la est\u00e9tica moderna.<\/p>\n<p data-start=\"1475\" data-end=\"1658\">\ud83d\udd39 <strong data-start=\"1478\" data-end=\"1501\">F\u00e1cil mantenimiento<\/strong>: Gracias a la resistencia del acero inoxidable y el vidrio, la limpieza es sencilla y requiere un m\u00ednimo esfuerzo para mantener su brillo y transparencia.<\/p>\n<p data-start=\"1660\" data-end=\"1809\">\ud83d\udd39 <strong data-start=\"1663\" data-end=\"1695\">Personalizaci\u00f3n y adaptaci\u00f3n<\/strong>: Dise\u00f1amos cada barandilla a medida, adapt\u00e1ndonos a las necesidades de cada cliente y al dise\u00f1o de su escalera.<\/p>\n<p data-start=\"1811\" data-end=\"1964\">Esta barandilla es perfecta para viviendas de varias plantas, oficinas y espacios comerciales que buscan un toque moderno sin comprometer la seguridad.<\/p>\n<p data-start=\"1966\" data-end=\"2199\">\ud83d\udccd <strong data-start=\"1969\" data-end=\"2021\">Fabricamos e instalamos en Sevilla y alrededores<\/strong><br data-start=\"2021\" data-end=\"2024\" \/>\ud83d\udcde Contacta con nosotros: +34 699 051 970 \/ 954 096 874<br data-start=\"2079\" data-end=\"2082\" \/>\ud83d\udcac WhatsApp: <a target=\"_new\" rel=\"noopener\" data-start=\"2095\" data-end=\"2132\">69901970<\/a><br data-start=\"2132\" data-end=\"2135\" \/>\ud83c\udf10 Descubre m\u00e1s en: <a href=\"https:\/\/mtr.bio\/icminox\" target=\"_new\" rel=\"noopener\" data-start=\"2155\" data-end=\"2197\">mtr.bio\/icminox<\/a><\/p>\n<p data-start=\"2201\" data-end=\"2320\">\u2714\ufe0f <strong data-start=\"2204\" data-end=\"2227\">Garant\u00eda de calidad<\/strong><br data-start=\"2227\" data-end=\"2230\" \/>\u2714\ufe0f <strong data-start=\"2233\" data-end=\"2263\">Presupuesto sin compromiso<\/strong><br data-start=\"2263\" data-end=\"2266\" \/>\u2714\ufe0f <strong data-start=\"2269\" data-end=\"2318\">Fabricaci\u00f3n e instalaci\u00f3n 100% personalizadas<\/strong><\/p>\n<p data-start=\"2322\" data-end=\"2447\"><strong data-start=\"2322\" data-end=\"2445\">Dale un toque sofisticado y seguro a tu hogar o negocio con nuestras barandillas de acero inoxidable y vidrio templado.<\/strong><\/p>","protected":false},"excerpt":{"rendered":"<p>Barandilla de acero inoxidable y vidrio templado para escaleras modernas. Dise\u00f1o elegante, seguro y resistente. Fabricaci\u00f3n e instalaci\u00f3n en Sevilla<\/p>","protected":false},"featured_media":8763,"comment_status":"open","ping_status":"closed","template":"","meta":{"_acf_changed":false,"_monsterinsights_skip_tracking":false,"_monsterinsights_sitenote_active":false,"_monsterinsights_sitenote_note":"","_monsterinsights_sitenote_category":0},"product_cat":[113,186],"product_tag":[305,311,309,310,306,308,307,312],"class_list":{"0":"post-8749","1":"product","2":"type-product","3":"status-publish","4":"has-post-thumbnail","6":"product_cat-barandillas-de-acero-inoxidable-y-vidrio","7":"product_cat-interior","8":"product_tag-barandilla-de-acero-inoxidable-y-vidrio","9":"product_tag-barandillas-de-acero-inoxidable-en-sevilla","10":"product_tag-barandillas-de-acero-inoxidable-para-escaleras","11":"product_tag-barandillas-de-cristal-para-interiores-y-exteriores","12":"product_tag-barandillas-de-cristal-y-acero-inoxidable","13":"product_tag-barandillas-de-vidrio-templado-y-acero-inoxidable","14":"product_tag-barandillas-modernas-para-viviendas","15":"product_tag-diseno-de-barandillas-modernas","17":"first","18":"instock","19":"shipping-taxable","20":"product-type-simple"},"acf":[],"aioseo_notices":[],"_links":{"self":[{"href":"https:\/\/icminox.es\/en\/wp-json\/wp\/v2\/product\/8749","targetHints":{"allow":["GET"]}}],"collection":[{"href":"https:\/\/icminox.es\/en\/wp-json\/wp\/v2\/product"}],"about":[{"href":"https:\/\/icminox.es\/en\/wp-json\/wp\/v2\/types\/product"}],"replies":[{"embeddable":true,"href":"https:\/\/icminox.es\/en\/wp-json\/wp\/v2\/comments?post=8749"}],"version-history":[{"count":1,"href":"https:\/\/icminox.es\/en\/wp-json\/wp\/v2\/product\/8749\/revisions"}],"predecessor-version":[{"id":8769,"href":"https:\/\/icminox.es\/en\/wp-json\/wp\/v2\/product\/8749\/revisions\/8769"}],"wp:featuredmedia":[{"embeddable":true,"href":"https:\/\/icminox.es\/en\/wp-json\/wp\/v2\/media\/8763"}],"wp:attachment":[{"href":"https:\/\/icminox.es\/en\/wp-json\/wp\/v2\/media?parent=8749"}],"wp:term":[{"taxonomy":"product_cat","embeddable":true,"href":"https:\/\/icminox.es\/en\/wp-json\/wp\/v2\/product_cat?post=8749"},{"taxonomy":"product_tag","embeddable":true,"href":"https:\/\/icminox.es\/en\/wp-json\/wp\/v2\/product_tag?post=8749"}],"curies":[{"name":"wp","href":"https:\/\/api.w.org\/{rel}","templated":true}]}}