{"id":8898,"date":"2025-10-05T20:13:40","date_gmt":"2025-10-05T18:13:40","guid":{"rendered":"https:\/\/icminox.es\/?post_type=product&#038;p=8898"},"modified":"2025-10-19T16:48:04","modified_gmt":"2025-10-19T14:48:04","slug":"ventanas-guillotina-vg-24-para-quirofanos","status":"publish","type":"product","link":"https:\/\/icminox.es\/en\/product\/ventanas-guillotina-vg-24-para-quirofanos\/","title":{"rendered":"Ventanas guillotina VG-24 para quir\u00f3fanos"},"content":{"rendered":"<h2 data-start=\"474\" data-end=\"568\">\ud83c\udfe5 Innovaci\u00f3n y seguridad en quir\u00f3fanos: Ventanas guillotina VG-24 motorizadas de ICMINOX<\/h2>\n<p data-start=\"570\" data-end=\"962\">En ICMINOX seguimos marcando la diferencia en el sector hospitalario con soluciones dise\u00f1adas para los entornos m\u00e1s exigentes.<\/p>\n<p data-start=\"570\" data-end=\"962\"><br data-start=\"696\" data-end=\"699\" \/>Nuestras <strong data-start=\"708\" data-end=\"769\">ventanas guillotina VG-24 motorizadas de acero inoxidable<\/strong> han sido instaladas recientemente en los <strong data-start=\"811\" data-end=\"866\">quir\u00f3fanos del Hospital Virgen del Roc\u00edo de Sevilla<\/strong>, ofreciendo un rendimiento excepcional en t\u00e9rminos de <strong data-start=\"921\" data-end=\"959\">seguridad, funcionalidad e higiene<\/strong>.<\/p>\n<p data-start=\"964\" data-end=\"1212\">Estas <strong data-start=\"970\" data-end=\"1004\">ventanas de paso hospitalarias<\/strong> est\u00e1n especialmente dise\u00f1adas para permitir la <strong data-start=\"1052\" data-end=\"1105\">transferencia de material entre salas quir\u00fargicas<\/strong> sin necesidad de abrir puertas, manteniendo la <strong data-start=\"1153\" data-end=\"1193\">estanqueidad y el control de presi\u00f3n<\/strong> en todo momento.<\/p>\n<p data-start=\"1214\" data-end=\"1432\">Su <strong data-start=\"1217\" data-end=\"1278\">apertura autom\u00e1tica mediante pulsador o mando a distancia<\/strong> permite una operaci\u00f3n r\u00e1pida, segura y sin contacto directo, garantizando as\u00ed la eficiencia del trabajo del personal sanitario y la pureza del entorno.<\/p>\n<hr data-start=\"1434\" data-end=\"1437\" \/>\n<h3 data-start=\"1439\" data-end=\"1506\">\ud83d\udd0d Caracter\u00edsticas destacadas de las ventanas VG-24 instaladas:<\/h3>\n<ul data-start=\"1507\" data-end=\"1968\">\n<li data-start=\"1507\" data-end=\"1596\">\n<p data-start=\"1509\" data-end=\"1596\"><strong data-start=\"1509\" data-end=\"1544\">Fabricaci\u00f3n en acero inoxidable<\/strong> con carpinter\u00eda blindada para m\u00e1xima durabilidad.<\/p>\n<\/li>\n<li data-start=\"1597\" data-end=\"1714\">\n<p data-start=\"1599\" data-end=\"1714\"><strong data-start=\"1599\" data-end=\"1619\">Vidrio emplomado<\/strong> que protege frente a radiaciones ionizantes, ideal para zonas de <strong data-start=\"1685\" data-end=\"1711\">quir\u00f3fano y radiolog\u00eda<\/strong>.<\/p>\n<\/li>\n<li data-start=\"1715\" data-end=\"1813\">\n<p data-start=\"1717\" data-end=\"1813\"><strong data-start=\"1717\" data-end=\"1775\">Sistema de motorizaci\u00f3n silencioso y de alta precisi\u00f3n<\/strong>, con <strong data-start=\"1781\" data-end=\"1810\">detector antiatrapamiento<\/strong>.<\/p>\n<\/li>\n<li data-start=\"1814\" data-end=\"1880\">\n<p data-start=\"1816\" data-end=\"1880\"><strong data-start=\"1816\" data-end=\"1848\">Dise\u00f1o higi\u00e9nico y herm\u00e9tico<\/strong>, f\u00e1cil de limpiar y mantener.<\/p>\n<\/li>\n<li data-start=\"1881\" data-end=\"1968\">\n<p data-start=\"1883\" data-end=\"1968\"><strong data-start=\"1883\" data-end=\"1905\">Estanqueidad total<\/strong> para garantizar un entorno est\u00e9ril y libre de contaminantes.<\/p>\n<\/li>\n<\/ul>\n<hr data-start=\"2327\" data-end=\"2330\" \/>\n<h3 data-start=\"2332\" data-end=\"2370\">\ud83c\udfd7\ufe0f Aplicaciones del modelo VG-24:<\/h3>\n<ul data-start=\"2371\" data-end=\"2666\">\n<li data-start=\"2371\" data-end=\"2445\">\n<p data-start=\"2373\" data-end=\"2445\"><strong data-start=\"2373\" data-end=\"2399\">Hospitales y cl\u00ednicas:<\/strong> quir\u00f3fanos, salas de rayos X, laboratorios.<\/p>\n<\/li>\n<li data-start=\"2446\" data-end=\"2516\">\n<p data-start=\"2448\" data-end=\"2516\"><strong data-start=\"2448\" data-end=\"2463\">Hosteler\u00eda:<\/strong> separaci\u00f3n entre zonas de cocina, comedor o barra.<\/p>\n<\/li>\n<li data-start=\"2517\" data-end=\"2592\">\n<p data-start=\"2519\" data-end=\"2592\"><strong data-start=\"2519\" data-end=\"2542\">Naves industriales:<\/strong> ventilaci\u00f3n controlada en muros de gran altura.<\/p>\n<\/li>\n<li data-start=\"2593\" data-end=\"2666\">\n<p data-start=\"2595\" data-end=\"2666\"><strong data-start=\"2595\" data-end=\"2620\">Oficinas y viviendas:<\/strong> separadores de ambiente con dise\u00f1o moderno.<\/p>\n<\/li>\n<\/ul>\n<p>&nbsp;<\/p>\n<p>&nbsp;<\/p>\n<p>En ICMINOX no solo dise\u00f1amos ventanas guillotina motorizadas para hospitales, sino tambi\u00e9n una amplia gama de productos en <strong data-start=\"510\" data-end=\"530\">stainless steel<\/strong> que combinan funcionalidad y est\u00e9tica. Descubre, por ejemplo, nuestra <a class=\"decorated-link\" href=\"https:\/\/icminox.es\/en\/product\/ventana-guillotina-contrapesada-de-acero-inoxidable\/\" target=\"_new\" rel=\"noopener\" data-start=\"601\" data-end=\"740\"><strong data-start=\"602\" data-end=\"657\">ventana guillotina contrapesada de acero inoxidable<\/strong><\/a>, una alternativa ideal para entornos industriales, comerciales o residenciales donde se requiere ventilaci\u00f3n controlada y m\u00e1xima durabilidad.<\/p>\n<hr data-start=\"2668\" data-end=\"2671\" \/>\n<h3 data-start=\"2673\" data-end=\"2701\">\ud83d\udcde Contacta con nosotros<\/h3>\n<p data-start=\"2702\" data-end=\"2873\">\u00bfQuieres incorporar esta innovaci\u00f3n a tus instalaciones?<\/p>\n<p data-start=\"2702\" data-end=\"2873\"><br data-start=\"2758\" data-end=\"2761\" \/>Cont\u00e1ctanos y descubre c\u00f3mo nuestras <strong data-start=\"2798\" data-end=\"2841\">ventanas guillotina de acero inoxidable<\/strong> pueden adaptarse a tu proyecto.<\/p>\n<p data-start=\"2875\" data-end=\"3119\">\ud83d\udcde +34 699 051 970 \/ 954 096 874<br data-start=\"2907\" data-end=\"2910\" \/>\ud83d\udce7 <a class=\"decorated-link\" href=\"mailto:info@icminox.es\" rel=\"noopener\" data-start=\"2913\" data-end=\"2928\">info@icminox.es<\/a><br data-start=\"2928\" data-end=\"2931\" \/>\ud83d\udccd C\/ San Nicol\u00e1s D\u00edez, Nave 12, Pol\u00edgono San Nicol\u00e1s, 41500 Alcal\u00e1 de Guada\u00edra, Sevilla\ud83c\udf10 <a class=\"decorated-link\" href=\"https:\/\/icminox.es\/en\/\" target=\"_new\" rel=\"noopener\" data-start=\"3020\" data-end=\"3060\">www.icminox.es<\/a><br data-start=\"3060\" data-end=\"3063\" \/>\ud83d\udd39 <em data-start=\"3066\" data-end=\"3117\">Dise\u00f1os y trabajos de acero inoxidable en Sevilla<\/em><\/p>\n<hr data-start=\"1970\" data-end=\"1973\" \/>\n<h3 data-start=\"1975\" data-end=\"2025\">\ud83c\udfa5 Mira c\u00f3mo funcionan nuestras ventanas VG-24<\/h3>\n<p data-start=\"2026\" data-end=\"2298\">En este video puedes ver en acci\u00f3n las <strong data-start=\"2065\" data-end=\"2100\">ventanas guillotina autom\u00e1ticas<\/strong> instaladas en los quir\u00f3fanos del Hospital Virgen del Roc\u00edo.<br data-start=\"2160\" data-end=\"2163\" \/>Con un solo toque de bot\u00f3n, se abren y cierran con total suavidad, facilitando el traspaso de material y la comunicaci\u00f3n entre \u00e1reas.<\/p>","protected":false},"excerpt":{"rendered":"<p>Ventanas guillotina motorizadas VG-24 de acero inoxidable con vidrio emplomado. M\u00e1xima seguridad, estanqueidad y control en quir\u00f3fanos hospitalarios.<\/p>","protected":false},"featured_media":8902,"comment_status":"open","ping_status":"closed","template":"","meta":{"_acf_changed":false,"_monsterinsights_skip_tracking":false,"_monsterinsights_sitenote_active":false,"_monsterinsights_sitenote_note":"","_monsterinsights_sitenote_category":0},"product_cat":[383,286],"product_tag":[369,397,373,398,393,396,395,374,399,391,368,370,372,394],"class_list":{"0":"post-8898","1":"product","2":"type-product","3":"status-publish","4":"has-post-thumbnail","6":"product_cat-ventanas-guillotina-con-apertura-automatizada","7":"product_cat-n-ventana-guillotina-motorizada","8":"product_tag-acero-inoxidable","9":"product_tag-arquitectura-sanitaria","10":"product_tag-icminox","11":"product_tag-innovacion-hospitalaria","12":"product_tag-quirofanos","13":"product_tag-radiologia","14":"product_tag-seguridad-hospitalaria","15":"product_tag-sevilla","16":"product_tag-ventanas-automaticas","17":"product_tag-ventanas-de-paso","18":"product_tag-ventanas-guillotina","19":"product_tag-ventanas-hospitalarias","20":"product_tag-ventanas-motorizadas","21":"product_tag-vidrio-emplomado","23":"first","24":"instock","25":"shipping-taxable","26":"product-type-simple"},"acf":[],"aioseo_notices":[],"_links":{"self":[{"href":"https:\/\/icminox.es\/en\/wp-json\/wp\/v2\/product\/8898","targetHints":{"allow":["GET"]}}],"collection":[{"href":"https:\/\/icminox.es\/en\/wp-json\/wp\/v2\/product"}],"about":[{"href":"https:\/\/icminox.es\/en\/wp-json\/wp\/v2\/types\/product"}],"replies":[{"embeddable":true,"href":"https:\/\/icminox.es\/en\/wp-json\/wp\/v2\/comments?post=8898"}],"version-history":[{"count":4,"href":"https:\/\/icminox.es\/en\/wp-json\/wp\/v2\/product\/8898\/revisions"}],"predecessor-version":[{"id":8906,"href":"https:\/\/icminox.es\/en\/wp-json\/wp\/v2\/product\/8898\/revisions\/8906"}],"wp:featuredmedia":[{"embeddable":true,"href":"https:\/\/icminox.es\/en\/wp-json\/wp\/v2\/media\/8902"}],"wp:attachment":[{"href":"https:\/\/icminox.es\/en\/wp-json\/wp\/v2\/media?parent=8898"}],"wp:term":[{"taxonomy":"product_cat","embeddable":true,"href":"https:\/\/icminox.es\/en\/wp-json\/wp\/v2\/product_cat?post=8898"},{"taxonomy":"product_tag","embeddable":true,"href":"https:\/\/icminox.es\/en\/wp-json\/wp\/v2\/product_tag?post=8898"}],"curies":[{"name":"wp","href":"https:\/\/api.w.org\/{rel}","templated":true}]}}